{"id":785,"date":"2025-11-05T18:06:34","date_gmt":"2025-11-05T17:06:34","guid":{"rendered":"https:\/\/aronazarar.com\/?page_id=785"},"modified":"2026-02-25T20:19:37","modified_gmt":"2026-02-25T19:19:37","slug":"lien-ket","status":"publish","type":"page","link":"https:\/\/aronazarar.com\/vi\/lien-ket\/","title":{"rendered":"Li\u00ean k\u1ebft"},"content":{"rendered":"<div data-elementor-type=\"wp-page\" data-elementor-id=\"785\" class=\"elementor elementor-785\">\n\t\t\t\t<div class=\"elementor-element elementor-element-23d5e1d e-flex e-con-boxed wpr-particle-no wpr-jarallax-no wpr-parallax-no wpr-sticky-section-no wpr-equal-height-no e-con e-parent\" data-id=\"23d5e1d\" data-element_type=\"container\" data-e-type=\"container\">\n\t\t\t\t\t<div class=\"e-con-inner\">\n\t\t\t\t<div class=\"elementor-element elementor-element-120c135 elementor-widget elementor-widget-text-editor\" data-id=\"120c135\" data-element_type=\"widget\" data-e-type=\"widget\" data-widget_type=\"text-editor.default\">\n\t\t\t\t\t\t\t\t\t<h2>C\u00e1c li\u00ean k\u1ebft quan tr\u1ecdng \u0111\u1ebfn c\u00e1c trang web uy t\u00edn tr\u00ean to\u00e0n c\u1ea7u<\/h2>\t\t\t\t\t\t\t\t<\/div>\n\t\t\t\t\t<\/div>\n\t\t\t\t<\/div>\n\t\t<div class=\"elementor-element elementor-element-7d20a4c e-flex e-con-boxed wpr-particle-no wpr-jarallax-no wpr-parallax-no wpr-sticky-section-no wpr-equal-height-no e-con e-parent\" data-id=\"7d20a4c\" data-element_type=\"container\" data-e-type=\"container\">\n\t\t\t\t\t<div class=\"e-con-inner\">\n\t\t\t\t<div class=\"elementor-element elementor-element-939e4b5 elementor-widget elementor-widget-text-editor\" data-id=\"939e4b5\" data-element_type=\"widget\" data-e-type=\"widget\" data-widget_type=\"text-editor.default\">\n\t\t\t\t\t\t\t\t\t<h2>To\u00e0n c\u1ea7u:<\/h2><h3>C\u01a1 quan T\u01b0 v\u1ea5n C\u1ea5p cao v\u1ec1 Tr\u00ed tu\u1ec7 Nh\u00e2n t\u1ea1o c\u1ee7a T\u1ed5ng Th\u01b0 k\u00fd Li\u00ean H\u1ee3p Qu\u1ed1c<br \/><a href=\"https:\/\/www.un.org\/en\/ai-advisory-body\">https:\/\/www.un.org\/en\/ai-advisory-body<\/a><br \/>C\u1ed5ng th\u00f4ng tin ch\u00ednh s\u00e1ch v\u1ec1 tr\u00ed tu\u1ec7 nh\u00e2n t\u1ea1o c\u1ee7a UNIDIR<br \/><a href=\"https:\/\/aipolicyportal.org\/\">https:\/\/aipolicyportal.org\/<\/a><br \/><b>Li\u00ean H\u1ee3p Qu\u1ed1c<\/b> (C\u00e1c v\u1ea5n \u0111\u1ec1 to\u00e0n c\u1ea7u \u2013 Tr\u00ed tu\u1ec7 nh\u00e2n t\u1ea1o)<br \/><a href=\"https:\/\/www.un.org\/en\/global-issues\/artificial-intelligence\">https:\/\/www.un.org\/en\/global-issues\/artificial-intelligence<\/a><br \/>H\u1ed9i ngh\u1ecb th\u01b0\u1ee3ng \u0111\u1ec9nh to\u00e0n c\u1ea7u \u201cAI v\u00ec l\u1ee3i \u00edch chung\u201d<br \/><a href=\"https:\/\/aiforgood.itu.int\/summit26\/\">https:\/\/aiforgood.itu.int\/summit26\/<\/a><\/h3><h2>Ch\u00e2u \u00c2u:<\/h2><h3>V\u0103n ph\u00f2ng Tr\u00ed tu\u1ec7 nh\u00e2n t\u1ea1o ch\u00e2u \u00c2u<br \/><a href=\"https:\/\/digital-strategy.ec.europa.eu\/en\/policies\/regulatory-framework-ai\">https:\/\/digital-strategy.ec.europa.eu\/en\/policies\/regulatory-framework-ai<\/a><br \/>Li\u00ean minh \u1ee8ng d\u1ee5ng Tr\u00ed tu\u1ec7 Nh\u00e2n t\u1ea1o<br \/><a href=\"https:\/\/digital-strategy.ec.europa.eu\/en\/policies\/apply-ai-alliance\">https:\/\/digital-strategy.ec.europa.eu\/en\/policies\/apply-ai-alliance<\/a><br \/>N\u1ec1n t\u1ea3ng th\u00f4ng tin duy nh\u1ea5t v\u1ec1 Lu\u1eadt Tr\u00ed tu\u1ec7 nh\u00e2n t\u1ea1o<br \/><a href=\"https:\/\/ai-act-service-desk.ec.europa.eu\/en\">https:\/\/ai-act-service-desk.ec.europa.eu\/en<\/a><br \/>EUR-Lex<br \/><a href=\"https:\/\/eur-lex.europa.eu\/legal-content\/HU\/TXT\/?uri=CELEX%3A32024R1689\">https:\/\/eur-lex.europa.eu\/legal-content\/HU\/TXT\/?uri=CELEX%3A32024R1689<\/a><\/h3><h2>Ti\u1ebfng Hungary:<\/h2><h3>Li\u00ean minh Tr\u00ed tu\u1ec7 Nh\u00e2n t\u1ea1o (MIK) (Hun)<br \/><a href=\"https:\/\/mik.neum.hu\/\">https:\/\/mik.neum.hu\/<\/a><br \/>Chi\u1ebfn l\u01b0\u1ee3c Tr\u00ed tu\u1ec7 nh\u00e2n t\u1ea1o c\u1ee7a Hungary (Hun) giai \u0111o\u1ea1n 2025\u20132030<br \/><a href=\"https:\/\/cdn.kormany.hu\/uploads\/document\/c\/c0\/c0d\/c0dfdbd37cfa520ae37361a168d244c85e7295af.pdf\">https:\/\/cdn.kormany.hu\/uploads\/document\/c\/c0\/c0d\/c0dfdbd37cfa520ae37361a168d244c85e7295af.pdf<\/a><br \/>Vi\u1ec7n Khoa h\u1ecdc M\u00e1y t\u00ednh v\u00e0 \u0110i\u1ec1u khi\u1ec3n (SZTAKI) (Hungary)<br \/><a href=\"https:\/\/www.sztaki.hu\/hu\/osztalyok\/mesterseges-intelligencia\">https:\/\/www.sztaki.hu\/hu\/osztalyok\/mesterseges-intelligencia<\/a><br \/>Ch\u01b0\u01a1ng tr\u00ecnh Khoa h\u1ecdc HUN-REN AI 4<br \/><a href=\"https:\/\/hun-ren.hu\/ai4science-programme\">https:\/\/hun-ren.hu\/ai4science-programme<\/a><br \/>Khoa Tr\u00ed tu\u1ec7 nh\u00e2n t\u1ea1o v\u00e0 K\u1ef9 thu\u1eadt h\u1ec7 th\u1ed1ng, Khoa K\u1ef9 thu\u1eadt Sinh h\u1ecdc v\u00e0 Y sinh\u00a0<br \/><a href=\"https:\/\/www.mit.bme.hu\/en\">https:\/\/www.mit.bme.hu\/en<\/a><br \/>Khoa Tr\u00ed tu\u1ec7 nh\u00e2n t\u1ea1o, \u0110\u1ea1i h\u1ecdc ELTE<br \/><a href=\"https:\/\/mi.inf.elte.hu\/en\/\">https:\/\/mi.inf.elte.hu\/en\/<\/a><\/h3><h3>B\u00e1o c\u00e1o T\u1ed5ng quan v\u1ec1 Tr\u00ed tu\u1ec7 nh\u00e2n t\u1ea1o (AI) c\u1ee7a Deloitte n\u0103m 2025:<br \/><a href=\"https:\/\/www.deloitte.com\/hu\/hu\/what-we-do\/deloitte-magyar-mi-korkep-2025.html\">https:\/\/www.deloitte.com\/hu\/hu\/what-we-do\/deloitte-magyar-mi-korkep-2025.html<\/a><\/h3><h3>C\u00e1c kh\u00f3a h\u1ecdc tr\u1ef1c tuy\u1ebfn h\u1eefu \u00edch:<\/h3><h3>Ti\u1ebfng Vi\u1ec7t:<\/h3><h3>Ti\u1ebfng Hungary:<\/h3><h3><a href=\"https:\/\/mijovunk.hu\/\">Ch\u00fang t\u00f4i s\u1ebd \u0111\u1ebfn<\/a> \u2013 Kh\u00f3a h\u1ecdc tr\u1ef1c tuy\u1ebfn mi\u1ec5n ph\u00ed, ho\u00e0n th\u00e0nh nhanh ch\u00f3ng k\u00e8m ch\u1ee9ng ch\u1ec9 ngh\u1ec1 nghi\u1ec7p<\/h3>\t\t\t\t\t\t\t\t<\/div>\n\t\t\t\t\t<\/div>\n\t\t\t\t<\/div>\n\t\t\t\t<\/div>","protected":false},"excerpt":{"rendered":"<p>Important links to global authority websites Global: UN Secretary-General\u2019s High-level Advisory Body on AIhttps:\/\/www.un.org\/en\/ai-advisory-bodyUNIDIR AI Policy Portalhttps:\/\/aipolicyportal.org\/United Nations (Global Issues &#8211; AI)https:\/\/www.un.org\/en\/global-issues\/artificial-intelligenceAI for Good Global Summithttps:\/\/aiforgood.itu.int\/summit26\/ European: European AI Officehttps:\/\/digital-strategy.ec.europa.eu\/en\/policies\/regulatory-framework-aiApply AI Alliancehttps:\/\/digital-strategy.ec.europa.eu\/en\/policies\/apply-ai-allianceAI Act Single Information Platformhttps:\/\/ai-act-service-desk.ec.europa.eu\/enEUR-Lexhttps:\/\/eur-lex.europa.eu\/legal-content\/HU\/TXT\/?uri=CELEX%3A32024R1689 Hungarian: Artificial Intelligence Coalition (MIK) (Hun)https:\/\/mik.neum.hu\/Hungary&#8217;s Artificial Intelligence Strategy (Hun) 2025-2030https:\/\/cdn.kormany.hu\/uploads\/document\/c\/c0\/c0d\/c0dfdbd37cfa520ae37361a168d244c85e7295af.pdfInstitute for Computer Science and Control (SZTAKI) (Hun)https:\/\/www.sztaki.hu\/hu\/osztalyok\/mesterseges-intelligenciaHUN-REN AI 4 Science Programmehttps:\/\/hun-ren.hu\/ai4science-programmeBME Department of Artificial Intelligence and Systems Engineering\u00a0https:\/\/www.mit.bme.hu\/enELTE Department of Artificial Intelligencehttps:\/\/mi.inf.elte.hu\/en\/ 2025 Deloitte AI Panorama:https:\/\/www.deloitte.com\/hu\/hu\/what-we-do\/deloitte-magyar-mi-korkep-2025.html Useful Online Courses: English: Hungarian: Mi J\u00f6v\u00fcnk &#8211; Free Online Fast Course with workforce Certification<\/p>","protected":false},"author":1,"featured_media":0,"parent":0,"menu_order":0,"comment_status":"closed","ping_status":"closed","template":"","meta":{"_uag_custom_page_level_css":"","site-sidebar-layout":"no-sidebar","site-content-layout":"","ast-site-content-layout":"full-width-container","site-content-style":"default","site-sidebar-style":"default","ast-global-header-display":"","ast-banner-title-visibility":"","ast-main-header-display":"","ast-hfb-above-header-display":"","ast-hfb-below-header-display":"","ast-hfb-mobile-header-display":"","site-post-title":"","ast-breadcrumbs-content":"","ast-featured-img":"disabled","footer-sml-layout":"","ast-disable-related-posts":"","theme-transparent-header-meta":"","adv-header-id-meta":"","stick-header-meta":"","header-above-stick-meta":"","header-main-stick-meta":"","header-below-stick-meta":"","astra-migrate-meta-layouts":"default","ast-page-background-enabled":"default","ast-page-background-meta":{"desktop":{"background-color":"var(--ast-global-color-4)","background-image":"","background-repeat":"repeat","background-position":"center center","background-size":"auto","background-attachment":"scroll","background-type":"","background-media":"","overlay-type":"","overlay-color":"","overlay-opacity":"","overlay-gradient":""},"tablet":{"background-color":"","background-image":"","background-repeat":"repeat","background-position":"center center","background-size":"auto","background-attachment":"scroll","background-type":"","background-media":"","overlay-type":"","overlay-color":"","overlay-opacity":"","overlay-gradient":""},"mobile":{"background-color":"","background-image":"","background-repeat":"repeat","background-position":"center center","background-size":"auto","background-attachment":"scroll","background-type":"","background-media":"","overlay-type":"","overlay-color":"","overlay-opacity":"","overlay-gradient":""}},"ast-content-background-meta":{"desktop":{"background-color":"var(--ast-global-color-5)","background-image":"","background-repeat":"repeat","background-position":"center center","background-size":"auto","background-attachment":"scroll","background-type":"","background-media":"","overlay-type":"","overlay-color":"","overlay-opacity":"","overlay-gradient":""},"tablet":{"background-color":"var(--ast-global-color-5)","background-image":"","background-repeat":"repeat","background-position":"center center","background-size":"auto","background-attachment":"scroll","background-type":"","background-media":"","overlay-type":"","overlay-color":"","overlay-opacity":"","overlay-gradient":""},"mobile":{"background-color":"var(--ast-global-color-5)","background-image":"","background-repeat":"repeat","background-position":"center center","background-size":"auto","background-attachment":"scroll","background-type":"","background-media":"","overlay-type":"","overlay-color":"","overlay-opacity":"","overlay-gradient":""}},"footnotes":""},"class_list":["post-785","page","type-page","status-publish","hentry"],"yoast_head":"<!-- This site is optimized with the Yoast SEO plugin v27.5 - https:\/\/yoast.com\/product\/yoast-seo-wordpress\/ -->\n<title>Links - AronAzarAr<\/title>\n<meta name=\"description\" content=\"AI References &amp; Knowledge Base. Instant access to key global, EU, and Hungarian AI legislation, strategies, and official sources.\" \/>\n<meta name=\"robots\" content=\"index, follow, max-snippet:-1, max-image-preview:large, max-video-preview:-1\" \/>\n<link rel=\"canonical\" href=\"https:\/\/aronazarar.com\/vi\/lien-ket\/\" \/>\n<meta property=\"og:locale\" content=\"vi_VN\" \/>\n<meta property=\"og:type\" content=\"article\" \/>\n<meta property=\"og:title\" content=\"Links - AronAzarAr\" \/>\n<meta property=\"og:description\" content=\"AI References &amp; Knowledge Base. Instant access to key global, EU, and Hungarian AI legislation, strategies, and official sources.\" \/>\n<meta property=\"og:url\" content=\"https:\/\/aronazarar.com\/vi\/lien-ket\/\" \/>\n<meta property=\"og:site_name\" content=\"AronAzarAr\" \/>\n<meta property=\"article:modified_time\" content=\"2026-02-25T19:19:37+00:00\" \/>\n<meta name=\"twitter:card\" content=\"summary_large_image\" \/>\n<meta name=\"twitter:label1\" content=\"\u01af\u1edbc t\u00ednh th\u1eddi gian \u0111\u1ecdc\" \/>\n\t<meta name=\"twitter:data1\" content=\"1 ph\u00fat\" \/>\n<script type=\"application\/ld+json\" class=\"yoast-schema-graph\">{\"@context\":\"https:\\\/\\\/schema.org\",\"@graph\":[{\"@type\":\"WebPage\",\"@id\":\"https:\\\/\\\/aronazarar.com\\\/links\\\/\",\"url\":\"https:\\\/\\\/aronazarar.com\\\/links\\\/\",\"name\":\"Links - AronAzarAr\",\"isPartOf\":{\"@id\":\"https:\\\/\\\/aronazarar.com\\\/#website\"},\"datePublished\":\"2025-11-05T17:06:34+00:00\",\"dateModified\":\"2026-02-25T19:19:37+00:00\",\"description\":\"AI References & Knowledge Base. Instant access to key global, EU, and Hungarian AI legislation, strategies, and official sources.\",\"breadcrumb\":{\"@id\":\"https:\\\/\\\/aronazarar.com\\\/links\\\/#breadcrumb\"},\"inLanguage\":\"vi\",\"potentialAction\":[{\"@type\":\"ReadAction\",\"target\":[\"https:\\\/\\\/aronazarar.com\\\/links\\\/\"]}]},{\"@type\":\"BreadcrumbList\",\"@id\":\"https:\\\/\\\/aronazarar.com\\\/links\\\/#breadcrumb\",\"itemListElement\":[{\"@type\":\"ListItem\",\"position\":1,\"name\":\"Kezd\u0151lap\",\"item\":\"https:\\\/\\\/aronazarar.com\\\/\"},{\"@type\":\"ListItem\",\"position\":2,\"name\":\"Links\"}]},{\"@type\":\"WebSite\",\"@id\":\"https:\\\/\\\/aronazarar.com\\\/#website\",\"url\":\"https:\\\/\\\/aronazarar.com\\\/\",\"name\":\"AronAzarAr\",\"description\":\"Mesters\u00e9ges Intelligencia - Artificial Intelligence\",\"publisher\":{\"@id\":\"https:\\\/\\\/aronazarar.com\\\/#organization\"},\"potentialAction\":[{\"@type\":\"SearchAction\",\"target\":{\"@type\":\"EntryPoint\",\"urlTemplate\":\"https:\\\/\\\/aronazarar.com\\\/?s={search_term_string}\"},\"query-input\":{\"@type\":\"PropertyValueSpecification\",\"valueRequired\":true,\"valueName\":\"search_term_string\"}}],\"inLanguage\":\"vi\"},{\"@type\":\"Organization\",\"@id\":\"https:\\\/\\\/aronazarar.com\\\/#organization\",\"name\":\"AronAzarAr\",\"url\":\"https:\\\/\\\/aronazarar.com\\\/\",\"logo\":{\"@type\":\"ImageObject\",\"inLanguage\":\"vi\",\"@id\":\"https:\\\/\\\/aronazarar.com\\\/#\\\/schema\\\/logo\\\/image\\\/\",\"url\":\"https:\\\/\\\/aronazarar.com\\\/wp-content\\\/uploads\\\/2025\\\/09\\\/cropped-cropped-AronAzarAr-Logo.png\",\"contentUrl\":\"https:\\\/\\\/aronazarar.com\\\/wp-content\\\/uploads\\\/2025\\\/09\\\/cropped-cropped-AronAzarAr-Logo.png\",\"width\":512,\"height\":512,\"caption\":\"AronAzarAr\"},\"image\":{\"@id\":\"https:\\\/\\\/aronazarar.com\\\/#\\\/schema\\\/logo\\\/image\\\/\"}}]}<\/script>\n<!-- \/ Yoast SEO plugin. -->","yoast_head_json":{"title":"Li\u00ean k\u1ebft - AronAzarAr","description":"T\u00e0i li\u1ec7u tham kh\u1ea3o v\u00e0 C\u01a1 s\u1edf ki\u1ebfn th\u1ee9c v\u1ec1 Tr\u00ed tu\u1ec7 nh\u00e2n t\u1ea1o. Truy c\u1eadp ngay l\u1eadp t\u1ee9c v\u00e0o c\u00e1c v\u0103n b\u1ea3n ph\u00e1p lu\u1eadt, chi\u1ebfn l\u01b0\u1ee3c v\u00e0 ngu\u1ed3n th\u00f4ng tin ch\u00ednh th\u1ee9c quan tr\u1ecdng v\u1ec1 Tr\u00ed tu\u1ec7 nh\u00e2n t\u1ea1o tr\u00ean ph\u1ea1m vi to\u00e0n c\u1ea7u, t\u1ea1i Li\u00ean minh Ch\u00e2u \u00c2u v\u00e0 Hungary.","robots":{"index":"index","follow":"follow","max-snippet":"max-snippet:-1","max-image-preview":"max-image-preview:large","max-video-preview":"max-video-preview:-1"},"canonical":"https:\/\/aronazarar.com\/vi\/lien-ket\/","og_locale":"vi_VN","og_type":"article","og_title":"Links - AronAzarAr","og_description":"AI References & Knowledge Base. Instant access to key global, EU, and Hungarian AI legislation, strategies, and official sources.","og_url":"https:\/\/aronazarar.com\/vi\/lien-ket\/","og_site_name":"AronAzarAr","article_modified_time":"2026-02-25T19:19:37+00:00","twitter_card":"summary_large_image","twitter_misc":{"\u01af\u1edbc t\u00ednh th\u1eddi gian \u0111\u1ecdc":"1 ph\u00fat"},"schema":{"@context":"https:\/\/schema.org","@graph":[{"@type":"WebPage","@id":"https:\/\/aronazarar.com\/links\/","url":"https:\/\/aronazarar.com\/links\/","name":"Li\u00ean k\u1ebft - AronAzarAr","isPartOf":{"@id":"https:\/\/aronazarar.com\/#website"},"datePublished":"2025-11-05T17:06:34+00:00","dateModified":"2026-02-25T19:19:37+00:00","description":"T\u00e0i li\u1ec7u tham kh\u1ea3o v\u00e0 C\u01a1 s\u1edf ki\u1ebfn th\u1ee9c v\u1ec1 Tr\u00ed tu\u1ec7 nh\u00e2n t\u1ea1o. Truy c\u1eadp ngay l\u1eadp t\u1ee9c v\u00e0o c\u00e1c v\u0103n b\u1ea3n ph\u00e1p lu\u1eadt, chi\u1ebfn l\u01b0\u1ee3c v\u00e0 ngu\u1ed3n th\u00f4ng tin ch\u00ednh th\u1ee9c quan tr\u1ecdng v\u1ec1 Tr\u00ed tu\u1ec7 nh\u00e2n t\u1ea1o tr\u00ean ph\u1ea1m vi to\u00e0n c\u1ea7u, t\u1ea1i Li\u00ean minh Ch\u00e2u \u00c2u v\u00e0 Hungary.","breadcrumb":{"@id":"https:\/\/aronazarar.com\/links\/#breadcrumb"},"inLanguage":"vi","potentialAction":[{"@type":"ReadAction","target":["https:\/\/aronazarar.com\/links\/"]}]},{"@type":"BreadcrumbList","@id":"https:\/\/aronazarar.com\/links\/#breadcrumb","itemListElement":[{"@type":"ListItem","position":1,"name":"Kezd\u0151lap","item":"https:\/\/aronazarar.com\/"},{"@type":"ListItem","position":2,"name":"Links"}]},{"@type":"WebSite","@id":"https:\/\/aronazarar.com\/#website","url":"https:\/\/aronazarar.com\/","name":"AronAzarAr","description":"Mesters\u00e9ges Intellectencia - Tr\u00ed tu\u1ec7 nh\u00e2n t\u1ea1o","publisher":{"@id":"https:\/\/aronazarar.com\/#organization"},"potentialAction":[{"@type":"SearchAction","target":{"@type":"EntryPoint","urlTemplate":"https:\/\/aronazarar.com\/?s={search_term_string}"},"query-input":{"@type":"PropertyValueSpecification","valueRequired":true,"valueName":"search_term_string"}}],"inLanguage":"vi"},{"@type":"Organization","@id":"https:\/\/aronazarar.com\/#organization","name":"AronAzarAr","url":"https:\/\/aronazarar.com\/","logo":{"@type":"ImageObject","inLanguage":"vi","@id":"https:\/\/aronazarar.com\/#\/schema\/logo\/image\/","url":"https:\/\/aronazarar.com\/wp-content\/uploads\/2025\/09\/cropped-cropped-AronAzarAr-Logo.png","contentUrl":"https:\/\/aronazarar.com\/wp-content\/uploads\/2025\/09\/cropped-cropped-AronAzarAr-Logo.png","width":512,"height":512,"caption":"AronAzarAr"},"image":{"@id":"https:\/\/aronazarar.com\/#\/schema\/logo\/image\/"}}]}},"_hostinger_reach_plugin_has_subscription_block":false,"_hostinger_reach_plugin_is_elementor":false,"uagb_featured_image_src":{"full":false,"thumbnail":false,"medium":false,"medium_large":false,"large":false,"1536x1536":false,"2048x2048":false,"trp-custom-language-flag":false},"uagb_author_info":{"display_name":"AronAzarAr","author_link":"https:\/\/aronazarar.com\/vi\/author\/aronazarargmail-com\/"},"uagb_comment_info":0,"uagb_excerpt":"Important links to global authority websites Global: UN Secretary-General\u2019s High-level Advisory Body on AIhttps:\/\/www.un.org\/en\/ai-advisory-bodyUNIDIR AI Policy Portalhttps:\/\/aipolicyportal.org\/United Nations (Global Issues &#8211; AI)https:\/\/www.un.org\/en\/global-issues\/artificial-intelligenceAI for Good Global Summithttps:\/\/aiforgood.itu.int\/summit26\/ European: European AI Officehttps:\/\/digital-strategy.ec.europa.eu\/en\/policies\/regulatory-framework-aiApply AI Alliancehttps:\/\/digital-strategy.ec.europa.eu\/en\/policies\/apply-ai-allianceAI Act Single Information Platformhttps:\/\/ai-act-service-desk.ec.europa.eu\/enEUR-Lexhttps:\/\/eur-lex.europa.eu\/legal-content\/HU\/TXT\/?uri=CELEX%3A32024R1689 Hungarian: Artificial Intelligence Coalition (MIK) (Hun)https:\/\/mik.neum.hu\/Hungary&#8217;s Artificial Intelligence Strategy (Hun) 2025-2030https:\/\/cdn.kormany.hu\/uploads\/document\/c\/c0\/c0d\/c0dfdbd37cfa520ae37361a168d244c85e7295af.pdfInstitute for Computer Science and Control (SZTAKI) (Hun)https:\/\/www.sztaki.hu\/hu\/osztalyok\/mesterseges-intelligenciaHUN-REN AI&hellip;","jetpack_sharing_enabled":true,"_links":{"self":[{"href":"https:\/\/aronazarar.com\/vi\/wp-json\/wp\/v2\/pages\/785","targetHints":{"allow":["GET"]}}],"collection":[{"href":"https:\/\/aronazarar.com\/vi\/wp-json\/wp\/v2\/pages"}],"about":[{"href":"https:\/\/aronazarar.com\/vi\/wp-json\/wp\/v2\/types\/page"}],"author":[{"embeddable":true,"href":"https:\/\/aronazarar.com\/vi\/wp-json\/wp\/v2\/users\/1"}],"replies":[{"embeddable":true,"href":"https:\/\/aronazarar.com\/vi\/wp-json\/wp\/v2\/comments?post=785"}],"version-history":[{"count":27,"href":"https:\/\/aronazarar.com\/vi\/wp-json\/wp\/v2\/pages\/785\/revisions"}],"predecessor-version":[{"id":1230,"href":"https:\/\/aronazarar.com\/vi\/wp-json\/wp\/v2\/pages\/785\/revisions\/1230"}],"wp:attachment":[{"href":"https:\/\/aronazarar.com\/vi\/wp-json\/wp\/v2\/media?parent=785"}],"curies":[{"name":"wp","href":"https:\/\/api.w.org\/{rel}","templated":true}]}}