{"id":688,"date":"2025-10-23T23:01:34","date_gmt":"2025-10-23T22:01:34","guid":{"rendered":"https:\/\/aronazarar.com\/?page_id=688"},"modified":"2025-11-03T22:14:24","modified_gmt":"2025-11-03T21:14:24","slug":"quyen-loi-cua-nguoi-tieu-dung","status":"publish","type":"page","link":"https:\/\/aronazarar.com\/vi\/quyen-loi-cua-nguoi-tieu-dung\/","title":{"rendered":"Quy\u1ec1n c\u1ee7a ng\u01b0\u1eddi ti\u00eau d\u00f9ng"},"content":{"rendered":"<div data-elementor-type=\"wp-page\" data-elementor-id=\"688\" class=\"elementor elementor-688\">\n\t\t\t\t<div class=\"elementor-element elementor-element-2f1be058 e-flex e-con-boxed wpr-particle-no wpr-jarallax-no wpr-parallax-no wpr-sticky-section-no wpr-equal-height-no e-con e-parent\" data-id=\"2f1be058\" data-element_type=\"container\" data-e-type=\"container\">\n\t\t\t\t\t<div class=\"e-con-inner\">\n\t\t\t\t<div class=\"elementor-element elementor-element-5daf0472 elementor-widget elementor-widget-text-editor\" data-id=\"5daf0472\" data-element_type=\"widget\" data-e-type=\"widget\" data-widget_type=\"text-editor.default\">\n\t\t\t\t\t\t\t\t\t<h3 data-start=\"3595\" data-end=\"3616\"><strong data-start=\"3595\" data-end=\"3614\">Quy\u1ec1n c\u1ee7a ng\u01b0\u1eddi ti\u00eau d\u00f9ng<\/strong><\/h3>\n<h3 data-start=\"3618\" data-end=\"3756\">AronAzarAr cam k\u1ebft b\u1ea3o v\u1ec7 quy\u1ec1n l\u1ee3i c\u1ee7a t\u1ea5t c\u1ea3 ng\u01b0\u1eddi ti\u00eau d\u00f9ng theo quy \u0111\u1ecbnh c\u1ee7a ph\u00e1p lu\u1eadt hi\u1ec7n h\u00e0nh, bao g\u1ed3m nh\u01b0ng kh\u00f4ng gi\u1edbi h\u1ea1n \u1edf:<\/h3>\n<ul data-start=\"3758\" data-end=\"3992\">\n<li data-start=\"3758\" data-end=\"3815\">\n<h3 data-start=\"3760\" data-end=\"3815\">Quy\u1ec1n \u0111\u01b0\u1ee3c cung c\u1ea5p th\u00f4ng tin r\u00f5 r\u00e0ng tr\u01b0\u1edbc khi mua d\u1ecbch v\u1ee5<\/h3>\n<\/li>\n<li data-start=\"3816\" data-end=\"3897\">\n<h3 data-start=\"3818\" data-end=\"3897\">Quy\u1ec1n h\u1ee7y b\u1ecf d\u1ecbch v\u1ee5 tr\u1ea3 ph\u00ed trong v\u00f2ng 14 ng\u00e0y, n\u1ebfu \u00e1p d\u1ee5ng.<\/h3>\n<\/li>\n<li data-start=\"3898\" data-end=\"3940\">\n<h3 data-start=\"3900\" data-end=\"3940\">Quy\u1ec1n \u0111\u01b0\u1ee3c cung c\u1ea5p c\u00e1c d\u1ecbch v\u1ee5 nh\u01b0 \u0111\u00e3 m\u00f4 t\u1ea3.<\/h3>\n<\/li>\n<li data-start=\"3941\" data-end=\"3992\">\n<h3 data-start=\"3943\" data-end=\"3992\">Quy\u1ec1n b\u1ea3o v\u1ec7 d\u1eef li\u1ec7u v\u00e0 quy\u1ec1n ri\u00eang t\u01b0 theo Quy \u0111\u1ecbnh chung v\u1ec1 b\u1ea3o v\u1ec7 d\u1eef li\u1ec7u (GDPR)<\/h3>\n<\/li>\n<\/ul>\n<h3 data-start=\"3994\" data-end=\"4089\"><strong data-start=\"3994\" data-end=\"4006\">Li\u00ean h\u1ec7:<\/strong> \u0110\u1ed1i v\u1edbi b\u1ea5t k\u1ef3 v\u1ea5n \u0111\u1ec1 n\u00e0o li\u00ean quan \u0111\u1ebfn quy\u1ec1n l\u1ee3i c\u1ee7a ng\u01b0\u1eddi ti\u00eau d\u00f9ng, vui l\u00f2ng li\u00ean h\u1ec7 v\u1edbi ch\u00fang t\u00f4i qua email ar@aronazar.com.<\/h3>\t\t\t\t\t\t\t\t<\/div>\n\t\t\t\t\t<\/div>\n\t\t\t\t<\/div>\n\t\t\t\t<\/div>","protected":false},"excerpt":{"rendered":"<p>Consumer Rights AronAzarAr is committed to protecting the rights of all consumers according to applicable laws, including but not limited to: Right to clear information before purchasing services Right to withdraw from paid services within 14 days, if applicable Right to receive services as described Right to data protection and privacy under GDPR Contact: For any issues regarding your consumer rights, contact us at ar@aronazar.com.<\/p>","protected":false},"author":1,"featured_media":0,"parent":0,"menu_order":0,"comment_status":"closed","ping_status":"closed","template":"","meta":{"_uag_custom_page_level_css":"","site-sidebar-layout":"default","site-content-layout":"","ast-site-content-layout":"default","site-content-style":"default","site-sidebar-style":"default","ast-global-header-display":"","ast-banner-title-visibility":"","ast-main-header-display":"","ast-hfb-above-header-display":"","ast-hfb-below-header-display":"","ast-hfb-mobile-header-display":"","site-post-title":"","ast-breadcrumbs-content":"","ast-featured-img":"","footer-sml-layout":"","ast-disable-related-posts":"","theme-transparent-header-meta":"","adv-header-id-meta":"","stick-header-meta":"","header-above-stick-meta":"","header-main-stick-meta":"","header-below-stick-meta":"","astra-migrate-meta-layouts":"default","ast-page-background-enabled":"default","ast-page-background-meta":{"desktop":{"background-color":"var(--ast-global-color-4)","background-image":"","background-repeat":"repeat","background-position":"center center","background-size":"auto","background-attachment":"scroll","background-type":"","background-media":"","overlay-type":"","overlay-color":"","overlay-opacity":"","overlay-gradient":""},"tablet":{"background-color":"","background-image":"","background-repeat":"repeat","background-position":"center center","background-size":"auto","background-attachment":"scroll","background-type":"","background-media":"","overlay-type":"","overlay-color":"","overlay-opacity":"","overlay-gradient":""},"mobile":{"background-color":"","background-image":"","background-repeat":"repeat","background-position":"center center","background-size":"auto","background-attachment":"scroll","background-type":"","background-media":"","overlay-type":"","overlay-color":"","overlay-opacity":"","overlay-gradient":""}},"ast-content-background-meta":{"desktop":{"background-color":"var(--ast-global-color-5)","background-image":"","background-repeat":"repeat","background-position":"center center","background-size":"auto","background-attachment":"scroll","background-type":"","background-media":"","overlay-type":"","overlay-color":"","overlay-opacity":"","overlay-gradient":""},"tablet":{"background-color":"var(--ast-global-color-5)","background-image":"","background-repeat":"repeat","background-position":"center center","background-size":"auto","background-attachment":"scroll","background-type":"","background-media":"","overlay-type":"","overlay-color":"","overlay-opacity":"","overlay-gradient":""},"mobile":{"background-color":"var(--ast-global-color-5)","background-image":"","background-repeat":"repeat","background-position":"center center","background-size":"auto","background-attachment":"scroll","background-type":"","background-media":"","overlay-type":"","overlay-color":"","overlay-opacity":"","overlay-gradient":""}},"footnotes":""},"class_list":["post-688","page","type-page","status-publish","hentry"],"yoast_head":"<!-- This site is optimized with the Yoast SEO plugin v27.5 - https:\/\/yoast.com\/product\/yoast-seo-wordpress\/ -->\n<title>Consumer Rights - AronAzarAr<\/title>\n<meta name=\"description\" content=\"Learn your consumer rights with aronazarar.com, including withdrawal, service info, and GDPR data protection.\" \/>\n<meta name=\"robots\" content=\"index, follow, max-snippet:-1, max-image-preview:large, max-video-preview:-1\" \/>\n<link rel=\"canonical\" href=\"https:\/\/aronazarar.com\/vi\/quyen-loi-cua-nguoi-tieu-dung\/\" \/>\n<meta property=\"og:locale\" content=\"vi_VN\" \/>\n<meta property=\"og:type\" content=\"article\" \/>\n<meta property=\"og:title\" content=\"Consumer Rights - AronAzarAr\" \/>\n<meta property=\"og:description\" content=\"Learn your consumer rights with aronazarar.com, including withdrawal, service info, and GDPR data protection.\" \/>\n<meta property=\"og:url\" content=\"https:\/\/aronazarar.com\/vi\/quyen-loi-cua-nguoi-tieu-dung\/\" \/>\n<meta property=\"og:site_name\" content=\"AronAzarAr\" \/>\n<meta property=\"article:modified_time\" content=\"2025-11-03T21:14:24+00:00\" \/>\n<meta name=\"twitter:card\" content=\"summary_large_image\" \/>\n<meta name=\"twitter:label1\" content=\"\u01af\u1edbc t\u00ednh th\u1eddi gian \u0111\u1ecdc\" \/>\n\t<meta name=\"twitter:data1\" content=\"1 ph\u00fat\" \/>\n<script type=\"application\/ld+json\" class=\"yoast-schema-graph\">{\"@context\":\"https:\\\/\\\/schema.org\",\"@graph\":[{\"@type\":\"WebPage\",\"@id\":\"https:\\\/\\\/aronazarar.com\\\/consumer-rights\\\/\",\"url\":\"https:\\\/\\\/aronazarar.com\\\/consumer-rights\\\/\",\"name\":\"Consumer Rights - AronAzarAr\",\"isPartOf\":{\"@id\":\"https:\\\/\\\/aronazarar.com\\\/#website\"},\"datePublished\":\"2025-10-23T22:01:34+00:00\",\"dateModified\":\"2025-11-03T21:14:24+00:00\",\"description\":\"Learn your consumer rights with aronazarar.com, including withdrawal, service info, and GDPR data protection.\",\"breadcrumb\":{\"@id\":\"https:\\\/\\\/aronazarar.com\\\/consumer-rights\\\/#breadcrumb\"},\"inLanguage\":\"vi\",\"potentialAction\":[{\"@type\":\"ReadAction\",\"target\":[\"https:\\\/\\\/aronazarar.com\\\/consumer-rights\\\/\"]}]},{\"@type\":\"BreadcrumbList\",\"@id\":\"https:\\\/\\\/aronazarar.com\\\/consumer-rights\\\/#breadcrumb\",\"itemListElement\":[{\"@type\":\"ListItem\",\"position\":1,\"name\":\"Kezd\u0151lap\",\"item\":\"https:\\\/\\\/aronazarar.com\\\/\"},{\"@type\":\"ListItem\",\"position\":2,\"name\":\"Consumer Rights\"}]},{\"@type\":\"WebSite\",\"@id\":\"https:\\\/\\\/aronazarar.com\\\/#website\",\"url\":\"https:\\\/\\\/aronazarar.com\\\/\",\"name\":\"AronAzarAr\",\"description\":\"Mesters\u00e9ges Intelligencia - Artificial Intelligence\",\"publisher\":{\"@id\":\"https:\\\/\\\/aronazarar.com\\\/#organization\"},\"potentialAction\":[{\"@type\":\"SearchAction\",\"target\":{\"@type\":\"EntryPoint\",\"urlTemplate\":\"https:\\\/\\\/aronazarar.com\\\/?s={search_term_string}\"},\"query-input\":{\"@type\":\"PropertyValueSpecification\",\"valueRequired\":true,\"valueName\":\"search_term_string\"}}],\"inLanguage\":\"vi\"},{\"@type\":\"Organization\",\"@id\":\"https:\\\/\\\/aronazarar.com\\\/#organization\",\"name\":\"AronAzarAr\",\"url\":\"https:\\\/\\\/aronazarar.com\\\/\",\"logo\":{\"@type\":\"ImageObject\",\"inLanguage\":\"vi\",\"@id\":\"https:\\\/\\\/aronazarar.com\\\/#\\\/schema\\\/logo\\\/image\\\/\",\"url\":\"https:\\\/\\\/aronazarar.com\\\/wp-content\\\/uploads\\\/2025\\\/09\\\/cropped-cropped-AronAzarAr-Logo.png\",\"contentUrl\":\"https:\\\/\\\/aronazarar.com\\\/wp-content\\\/uploads\\\/2025\\\/09\\\/cropped-cropped-AronAzarAr-Logo.png\",\"width\":512,\"height\":512,\"caption\":\"AronAzarAr\"},\"image\":{\"@id\":\"https:\\\/\\\/aronazarar.com\\\/#\\\/schema\\\/logo\\\/image\\\/\"}}]}<\/script>\n<!-- \/ Yoast SEO plugin. -->","yoast_head_json":{"title":"Quy\u1ec1n l\u1ee3i c\u1ee7a ng\u01b0\u1eddi ti\u00eau d\u00f9ng - AronAzarAr","description":"H\u00e3y t\u00ecm hi\u1ec3u v\u1ec1 quy\u1ec1n l\u1ee3i c\u1ee7a ng\u01b0\u1eddi ti\u00eau d\u00f9ng t\u1ea1i aronazarar.com, bao g\u1ed3m quy\u1ec1n h\u1ee7y b\u1ecf, th\u00f4ng tin d\u1ecbch v\u1ee5 v\u00e0 b\u1ea3o v\u1ec7 d\u1eef li\u1ec7u theo GDPR.","robots":{"index":"index","follow":"follow","max-snippet":"max-snippet:-1","max-image-preview":"max-image-preview:large","max-video-preview":"max-video-preview:-1"},"canonical":"https:\/\/aronazarar.com\/vi\/quyen-loi-cua-nguoi-tieu-dung\/","og_locale":"vi_VN","og_type":"article","og_title":"Consumer Rights - AronAzarAr","og_description":"Learn your consumer rights with aronazarar.com, including withdrawal, service info, and GDPR data protection.","og_url":"https:\/\/aronazarar.com\/vi\/quyen-loi-cua-nguoi-tieu-dung\/","og_site_name":"AronAzarAr","article_modified_time":"2025-11-03T21:14:24+00:00","twitter_card":"summary_large_image","twitter_misc":{"\u01af\u1edbc t\u00ednh th\u1eddi gian \u0111\u1ecdc":"1 ph\u00fat"},"schema":{"@context":"https:\/\/schema.org","@graph":[{"@type":"WebPage","@id":"https:\/\/aronazarar.com\/consumer-rights\/","url":"https:\/\/aronazarar.com\/consumer-rights\/","name":"Quy\u1ec1n l\u1ee3i c\u1ee7a ng\u01b0\u1eddi ti\u00eau d\u00f9ng - AronAzarAr","isPartOf":{"@id":"https:\/\/aronazarar.com\/#website"},"datePublished":"2025-10-23T22:01:34+00:00","dateModified":"2025-11-03T21:14:24+00:00","description":"H\u00e3y t\u00ecm hi\u1ec3u v\u1ec1 quy\u1ec1n l\u1ee3i c\u1ee7a ng\u01b0\u1eddi ti\u00eau d\u00f9ng t\u1ea1i aronazarar.com, bao g\u1ed3m quy\u1ec1n h\u1ee7y b\u1ecf, th\u00f4ng tin d\u1ecbch v\u1ee5 v\u00e0 b\u1ea3o v\u1ec7 d\u1eef li\u1ec7u theo GDPR.","breadcrumb":{"@id":"https:\/\/aronazarar.com\/consumer-rights\/#breadcrumb"},"inLanguage":"vi","potentialAction":[{"@type":"ReadAction","target":["https:\/\/aronazarar.com\/consumer-rights\/"]}]},{"@type":"BreadcrumbList","@id":"https:\/\/aronazarar.com\/consumer-rights\/#breadcrumb","itemListElement":[{"@type":"ListItem","position":1,"name":"Kezd\u0151lap","item":"https:\/\/aronazarar.com\/"},{"@type":"ListItem","position":2,"name":"Consumer Rights"}]},{"@type":"WebSite","@id":"https:\/\/aronazarar.com\/#website","url":"https:\/\/aronazarar.com\/","name":"AronAzarAr","description":"Mesters\u00e9ges Intellectencia - Tr\u00ed tu\u1ec7 nh\u00e2n t\u1ea1o","publisher":{"@id":"https:\/\/aronazarar.com\/#organization"},"potentialAction":[{"@type":"SearchAction","target":{"@type":"EntryPoint","urlTemplate":"https:\/\/aronazarar.com\/?s={search_term_string}"},"query-input":{"@type":"PropertyValueSpecification","valueRequired":true,"valueName":"search_term_string"}}],"inLanguage":"vi"},{"@type":"Organization","@id":"https:\/\/aronazarar.com\/#organization","name":"AronAzarAr","url":"https:\/\/aronazarar.com\/","logo":{"@type":"ImageObject","inLanguage":"vi","@id":"https:\/\/aronazarar.com\/#\/schema\/logo\/image\/","url":"https:\/\/aronazarar.com\/wp-content\/uploads\/2025\/09\/cropped-cropped-AronAzarAr-Logo.png","contentUrl":"https:\/\/aronazarar.com\/wp-content\/uploads\/2025\/09\/cropped-cropped-AronAzarAr-Logo.png","width":512,"height":512,"caption":"AronAzarAr"},"image":{"@id":"https:\/\/aronazarar.com\/#\/schema\/logo\/image\/"}}]}},"_hostinger_reach_plugin_has_subscription_block":false,"_hostinger_reach_plugin_is_elementor":false,"uagb_featured_image_src":{"full":false,"thumbnail":false,"medium":false,"medium_large":false,"large":false,"1536x1536":false,"2048x2048":false,"trp-custom-language-flag":false},"uagb_author_info":{"display_name":"AronAzarAr","author_link":"https:\/\/aronazarar.com\/vi\/author\/aronazarargmail-com\/"},"uagb_comment_info":0,"uagb_excerpt":"Consumer Rights AronAzarAr is committed to protecting the rights of all consumers according to applicable laws, including but not limited to: Right to clear information before purchasing services Right to withdraw from paid services within 14 days, if applicable Right to receive services as described Right to data protection and privacy under GDPR Contact: For&hellip;","jetpack_sharing_enabled":true,"_links":{"self":[{"href":"https:\/\/aronazarar.com\/vi\/wp-json\/wp\/v2\/pages\/688","targetHints":{"allow":["GET"]}}],"collection":[{"href":"https:\/\/aronazarar.com\/vi\/wp-json\/wp\/v2\/pages"}],"about":[{"href":"https:\/\/aronazarar.com\/vi\/wp-json\/wp\/v2\/types\/page"}],"author":[{"embeddable":true,"href":"https:\/\/aronazarar.com\/vi\/wp-json\/wp\/v2\/users\/1"}],"replies":[{"embeddable":true,"href":"https:\/\/aronazarar.com\/vi\/wp-json\/wp\/v2\/comments?post=688"}],"version-history":[{"count":7,"href":"https:\/\/aronazarar.com\/vi\/wp-json\/wp\/v2\/pages\/688\/revisions"}],"predecessor-version":[{"id":780,"href":"https:\/\/aronazarar.com\/vi\/wp-json\/wp\/v2\/pages\/688\/revisions\/780"}],"wp:attachment":[{"href":"https:\/\/aronazarar.com\/vi\/wp-json\/wp\/v2\/media?parent=688"}],"curies":[{"name":"wp","href":"https:\/\/api.w.org\/{rel}","templated":true}]}}