{"id":683,"date":"2025-10-23T23:00:02","date_gmt":"2025-10-23T22:00:02","guid":{"rendered":"https:\/\/aronazarar.com\/?page_id=683"},"modified":"2025-11-03T22:15:55","modified_gmt":"2025-11-03T21:15:55","slug":"chinh-sach-cookie","status":"publish","type":"page","link":"https:\/\/aronazarar.com\/vi\/chinh-sach-cookie\/","title":{"rendered":"Ch\u00ednh s\u00e1ch Cookie"},"content":{"rendered":"<div data-elementor-type=\"wp-page\" data-elementor-id=\"683\" class=\"elementor elementor-683\">\n\t\t\t\t<div class=\"elementor-element elementor-element-3ad41686 e-flex e-con-boxed wpr-particle-no wpr-jarallax-no wpr-parallax-no wpr-sticky-section-no wpr-equal-height-no e-con e-parent\" data-id=\"3ad41686\" data-element_type=\"container\" data-e-type=\"container\">\n\t\t\t\t\t<div class=\"e-con-inner\">\n\t\t\t\t<div class=\"elementor-element elementor-element-17d8bed9 elementor-widget elementor-widget-text-editor\" data-id=\"17d8bed9\" data-element_type=\"widget\" data-e-type=\"widget\" data-widget_type=\"text-editor.default\">\n\t\t\t\t\t\t\t\t\t<h3 data-start=\"4138\" data-end=\"4173\"><strong data-start=\"4138\" data-end=\"4157\">Ng\u00e0y c\u00f3 hi\u1ec7u l\u1ef1c:<\/strong> 3 th\u00e1ng 11 n\u0103m 2025<\/h3>\n<h2 data-start=\"4175\" data-end=\"4199\">1. Cookie l\u00e0 g\u00ec?<\/h2>\n<h3 data-start=\"4200\" data-end=\"4313\">Cookies l\u00e0 c\u00e1c t\u1ec7p tin nh\u1ecf \u0111\u01b0\u1ee3c l\u01b0u tr\u1eef tr\u00ean thi\u1ebft b\u1ecb c\u1ee7a b\u1ea1n \u0111\u1ec3 c\u1ea3i thi\u1ec7n ch\u1ee9c n\u0103ng c\u1ee7a trang web, tr\u1ea3i nghi\u1ec7m ng\u01b0\u1eddi d\u00f9ng v\u00e0 ph\u00e2n t\u00edch d\u1eef li\u1ec7u.<\/h3>\n<h2 data-start=\"4315\" data-end=\"4338\">2. C\u00e1c lo\u1ea1i cookie<\/h2>\n<ul data-start=\"4339\" data-end=\"4615\">\n<li data-start=\"4339\" data-end=\"4397\">\n<h3 data-start=\"4341\" data-end=\"4397\"><strong data-start=\"4341\" data-end=\"4363\">Cookie c\u1ea7n thi\u1ebft:<\/strong> C\u1ea7n thi\u1ebft cho ho\u1ea1t \u0111\u1ed9ng c\u1ee7a trang web<\/h3>\n<\/li>\n<li data-start=\"4398\" data-end=\"4493\">\n<h3 data-start=\"4400\" data-end=\"4493\"><strong data-start=\"4400\" data-end=\"4436\">Cookie hi\u1ec7u su\u1ea5t \/ ph\u00e2n t\u00edch:<\/strong> Gi\u00fap ch\u00fang t\u00f4i hi\u1ec3u c\u00e1ch s\u1eed d\u1ee5ng trang web (v\u00ed d\u1ee5: Google Analytics)<\/h3>\n<\/li>\n<li data-start=\"4494\" data-end=\"4547\">\n<h3 data-start=\"4496\" data-end=\"4547\"><strong data-start=\"4496\" data-end=\"4519\">Cookie ch\u1ee9c n\u0103ng:<\/strong> Nh\u1edb c\u00e0i \u0111\u1eb7t c\u1ee7a ng\u01b0\u1eddi d\u00f9ng<\/h3>\n<\/li>\n<li data-start=\"4548\" data-end=\"4615\">\n<h3 data-start=\"4550\" data-end=\"4615\"><strong data-start=\"4550\" data-end=\"4572\">Cookie ti\u1ebfp th\u1ecb:<\/strong> D\u00f9ng cho qu\u1ea3ng c\u00e1o v\u00e0 c\u00e1 nh\u00e2n h\u00f3a<\/h3>\n<\/li>\n<\/ul>\n<h2 data-start=\"4617\" data-end=\"4640\">3. Qu\u1ea3n l\u00fd cookie<\/h2>\n<h3 data-start=\"4641\" data-end=\"4789\">B\u1ea1n c\u00f3 th\u1ec3 qu\u1ea3n l\u00fd ho\u1eb7c v\u00f4 hi\u1ec7u h\u00f3a cookie th\u00f4ng qua c\u00e0i \u0111\u1eb7t tr\u00ecnh duy\u1ec7t c\u1ee7a m\u00ecnh. M\u1ed9t s\u1ed1 ph\u1ea7n c\u1ee7a trang web c\u00f3 th\u1ec3 <strong data-start=\"4736\" data-end=\"4762\">kh\u00f4ng ho\u1ea1t \u0111\u1ed9ng \u0111\u00fang c\u00e1ch<\/strong> N\u1ebfu cookie b\u1ecb v\u00f4 hi\u1ec7u h\u00f3a.<\/h3>\n<h2 data-start=\"4791\" data-end=\"4817\">4. Cookie c\u1ee7a b\u00ean th\u1ee9 ba<\/h2>\n<h3 data-start=\"4818\" data-end=\"4962\">Trang web c\u1ee7a ch\u00fang t\u00f4i c\u00f3 th\u1ec3 s\u1eed d\u1ee5ng cookie t\u1eeb c\u00e1c b\u00ean th\u1ee9 ba cho m\u1ee5c \u0111\u00edch ph\u00e2n t\u00edch ho\u1eb7c qu\u1ea3ng c\u00e1o. C\u00e1c b\u00ean th\u1ee9 ba n\u00e0y <strong data-start=\"4924\" data-end=\"4959\">c\u00f3 ch\u00ednh s\u00e1ch b\u1ea3o m\u1eadt ri\u00eang c\u1ee7a m\u00ecnh<\/strong>.<\/h3>\t\t\t\t\t\t\t\t<\/div>\n\t\t\t\t\t<\/div>\n\t\t\t\t<\/div>\n\t\t\t\t<\/div>","protected":false},"excerpt":{"rendered":"<p>Effective Date: 3 nov 2025 1. What Are Cookies? Cookies are small files stored on your device to improve website functionality, user experience, and analytics. 2. Types of Cookies Necessary cookies: Essential for website operation Performance \/ Analytics cookies: Help us understand site usage (e.g., Google Analytics) Functional cookies: Remember user preferences Marketing cookies: Used for advertising and personalization 3. Managing Cookies You can manage or disable cookies through your browser settings. Some parts of the website may not function correctly if cookies are disabled. 4. Third-Party Cookies Our website may use cookies from third parties for analytics or advertising purposes. These third parties have their own privacy policies.<\/p>","protected":false},"author":1,"featured_media":0,"parent":0,"menu_order":0,"comment_status":"closed","ping_status":"closed","template":"","meta":{"_uag_custom_page_level_css":"","site-sidebar-layout":"default","site-content-layout":"","ast-site-content-layout":"default","site-content-style":"default","site-sidebar-style":"default","ast-global-header-display":"","ast-banner-title-visibility":"","ast-main-header-display":"","ast-hfb-above-header-display":"","ast-hfb-below-header-display":"","ast-hfb-mobile-header-display":"","site-post-title":"","ast-breadcrumbs-content":"","ast-featured-img":"","footer-sml-layout":"","ast-disable-related-posts":"","theme-transparent-header-meta":"","adv-header-id-meta":"","stick-header-meta":"","header-above-stick-meta":"","header-main-stick-meta":"","header-below-stick-meta":"","astra-migrate-meta-layouts":"default","ast-page-background-enabled":"default","ast-page-background-meta":{"desktop":{"background-color":"var(--ast-global-color-4)","background-image":"","background-repeat":"repeat","background-position":"center center","background-size":"auto","background-attachment":"scroll","background-type":"","background-media":"","overlay-type":"","overlay-color":"","overlay-opacity":"","overlay-gradient":""},"tablet":{"background-color":"","background-image":"","background-repeat":"repeat","background-position":"center center","background-size":"auto","background-attachment":"scroll","background-type":"","background-media":"","overlay-type":"","overlay-color":"","overlay-opacity":"","overlay-gradient":""},"mobile":{"background-color":"","background-image":"","background-repeat":"repeat","background-position":"center center","background-size":"auto","background-attachment":"scroll","background-type":"","background-media":"","overlay-type":"","overlay-color":"","overlay-opacity":"","overlay-gradient":""}},"ast-content-background-meta":{"desktop":{"background-color":"var(--ast-global-color-5)","background-image":"","background-repeat":"repeat","background-position":"center center","background-size":"auto","background-attachment":"scroll","background-type":"","background-media":"","overlay-type":"","overlay-color":"","overlay-opacity":"","overlay-gradient":""},"tablet":{"background-color":"var(--ast-global-color-5)","background-image":"","background-repeat":"repeat","background-position":"center center","background-size":"auto","background-attachment":"scroll","background-type":"","background-media":"","overlay-type":"","overlay-color":"","overlay-opacity":"","overlay-gradient":""},"mobile":{"background-color":"var(--ast-global-color-5)","background-image":"","background-repeat":"repeat","background-position":"center center","background-size":"auto","background-attachment":"scroll","background-type":"","background-media":"","overlay-type":"","overlay-color":"","overlay-opacity":"","overlay-gradient":""}},"footnotes":""},"class_list":["post-683","page","type-page","status-publish","hentry"],"yoast_head":"<!-- This site is optimized with the Yoast SEO plugin v27.5 - https:\/\/yoast.com\/product\/yoast-seo-wordpress\/ -->\n<title>Cookie Policy - AronAzarAr<\/title>\n<meta name=\"description\" content=\"aronazarar.com cookie policy details necessary, analytics, functional, and marketing cookies with user control.\" \/>\n<meta name=\"robots\" content=\"index, follow, max-snippet:-1, max-image-preview:large, max-video-preview:-1\" \/>\n<link rel=\"canonical\" href=\"https:\/\/aronazarar.com\/vi\/chinh-sach-cookie\/\" \/>\n<meta property=\"og:locale\" content=\"vi_VN\" \/>\n<meta property=\"og:type\" content=\"article\" \/>\n<meta property=\"og:title\" content=\"Cookie Policy - AronAzarAr\" \/>\n<meta property=\"og:description\" content=\"aronazarar.com cookie policy details necessary, analytics, functional, and marketing cookies with user control.\" \/>\n<meta property=\"og:url\" content=\"https:\/\/aronazarar.com\/vi\/chinh-sach-cookie\/\" \/>\n<meta property=\"og:site_name\" content=\"AronAzarAr\" \/>\n<meta property=\"article:modified_time\" content=\"2025-11-03T21:15:55+00:00\" \/>\n<meta name=\"twitter:card\" content=\"summary_large_image\" \/>\n<meta name=\"twitter:label1\" content=\"\u01af\u1edbc t\u00ednh th\u1eddi gian \u0111\u1ecdc\" \/>\n\t<meta name=\"twitter:data1\" content=\"1 ph\u00fat\" \/>\n<script type=\"application\/ld+json\" class=\"yoast-schema-graph\">{\"@context\":\"https:\\\/\\\/schema.org\",\"@graph\":[{\"@type\":\"WebPage\",\"@id\":\"https:\\\/\\\/aronazarar.com\\\/cookie-policy\\\/\",\"url\":\"https:\\\/\\\/aronazarar.com\\\/cookie-policy\\\/\",\"name\":\"Cookie Policy - AronAzarAr\",\"isPartOf\":{\"@id\":\"https:\\\/\\\/aronazarar.com\\\/#website\"},\"datePublished\":\"2025-10-23T22:00:02+00:00\",\"dateModified\":\"2025-11-03T21:15:55+00:00\",\"description\":\"aronazarar.com cookie policy details necessary, analytics, functional, and marketing cookies with user control.\",\"breadcrumb\":{\"@id\":\"https:\\\/\\\/aronazarar.com\\\/cookie-policy\\\/#breadcrumb\"},\"inLanguage\":\"vi\",\"potentialAction\":[{\"@type\":\"ReadAction\",\"target\":[\"https:\\\/\\\/aronazarar.com\\\/cookie-policy\\\/\"]}]},{\"@type\":\"BreadcrumbList\",\"@id\":\"https:\\\/\\\/aronazarar.com\\\/cookie-policy\\\/#breadcrumb\",\"itemListElement\":[{\"@type\":\"ListItem\",\"position\":1,\"name\":\"Kezd\u0151lap\",\"item\":\"https:\\\/\\\/aronazarar.com\\\/\"},{\"@type\":\"ListItem\",\"position\":2,\"name\":\"Cookie Policy\"}]},{\"@type\":\"WebSite\",\"@id\":\"https:\\\/\\\/aronazarar.com\\\/#website\",\"url\":\"https:\\\/\\\/aronazarar.com\\\/\",\"name\":\"AronAzarAr\",\"description\":\"Mesters\u00e9ges Intelligencia - Artificial Intelligence\",\"publisher\":{\"@id\":\"https:\\\/\\\/aronazarar.com\\\/#organization\"},\"potentialAction\":[{\"@type\":\"SearchAction\",\"target\":{\"@type\":\"EntryPoint\",\"urlTemplate\":\"https:\\\/\\\/aronazarar.com\\\/?s={search_term_string}\"},\"query-input\":{\"@type\":\"PropertyValueSpecification\",\"valueRequired\":true,\"valueName\":\"search_term_string\"}}],\"inLanguage\":\"vi\"},{\"@type\":\"Organization\",\"@id\":\"https:\\\/\\\/aronazarar.com\\\/#organization\",\"name\":\"AronAzarAr\",\"url\":\"https:\\\/\\\/aronazarar.com\\\/\",\"logo\":{\"@type\":\"ImageObject\",\"inLanguage\":\"vi\",\"@id\":\"https:\\\/\\\/aronazarar.com\\\/#\\\/schema\\\/logo\\\/image\\\/\",\"url\":\"https:\\\/\\\/aronazarar.com\\\/wp-content\\\/uploads\\\/2025\\\/09\\\/cropped-cropped-AronAzarAr-Logo.png\",\"contentUrl\":\"https:\\\/\\\/aronazarar.com\\\/wp-content\\\/uploads\\\/2025\\\/09\\\/cropped-cropped-AronAzarAr-Logo.png\",\"width\":512,\"height\":512,\"caption\":\"AronAzarAr\"},\"image\":{\"@id\":\"https:\\\/\\\/aronazarar.com\\\/#\\\/schema\\\/logo\\\/image\\\/\"}}]}<\/script>\n<!-- \/ Yoast SEO plugin. -->","yoast_head_json":{"title":"Ch\u00ednh s\u00e1ch Cookie - AronAzarAr","description":"Ch\u00ednh s\u00e1ch cookie c\u1ee7a aronazarar.com chi ti\u1ebft v\u1ec1 c\u00e1c lo\u1ea1i cookie c\u1ea7n thi\u1ebft, ph\u00e2n t\u00edch, ch\u1ee9c n\u0103ng v\u00e0 ti\u1ebfp th\u1ecb, k\u00e8m theo quy\u1ec1n ki\u1ec3m so\u00e1t c\u1ee7a ng\u01b0\u1eddi d\u00f9ng.","robots":{"index":"index","follow":"follow","max-snippet":"max-snippet:-1","max-image-preview":"max-image-preview:large","max-video-preview":"max-video-preview:-1"},"canonical":"https:\/\/aronazarar.com\/vi\/chinh-sach-cookie\/","og_locale":"vi_VN","og_type":"article","og_title":"Cookie Policy - AronAzarAr","og_description":"aronazarar.com cookie policy details necessary, analytics, functional, and marketing cookies with user control.","og_url":"https:\/\/aronazarar.com\/vi\/chinh-sach-cookie\/","og_site_name":"AronAzarAr","article_modified_time":"2025-11-03T21:15:55+00:00","twitter_card":"summary_large_image","twitter_misc":{"\u01af\u1edbc t\u00ednh th\u1eddi gian \u0111\u1ecdc":"1 ph\u00fat"},"schema":{"@context":"https:\/\/schema.org","@graph":[{"@type":"WebPage","@id":"https:\/\/aronazarar.com\/cookie-policy\/","url":"https:\/\/aronazarar.com\/cookie-policy\/","name":"Ch\u00ednh s\u00e1ch Cookie - AronAzarAr","isPartOf":{"@id":"https:\/\/aronazarar.com\/#website"},"datePublished":"2025-10-23T22:00:02+00:00","dateModified":"2025-11-03T21:15:55+00:00","description":"Ch\u00ednh s\u00e1ch cookie c\u1ee7a aronazarar.com chi ti\u1ebft v\u1ec1 c\u00e1c lo\u1ea1i cookie c\u1ea7n thi\u1ebft, ph\u00e2n t\u00edch, ch\u1ee9c n\u0103ng v\u00e0 ti\u1ebfp th\u1ecb, k\u00e8m theo quy\u1ec1n ki\u1ec3m so\u00e1t c\u1ee7a ng\u01b0\u1eddi d\u00f9ng.","breadcrumb":{"@id":"https:\/\/aronazarar.com\/cookie-policy\/#breadcrumb"},"inLanguage":"vi","potentialAction":[{"@type":"ReadAction","target":["https:\/\/aronazarar.com\/cookie-policy\/"]}]},{"@type":"BreadcrumbList","@id":"https:\/\/aronazarar.com\/cookie-policy\/#breadcrumb","itemListElement":[{"@type":"ListItem","position":1,"name":"Kezd\u0151lap","item":"https:\/\/aronazarar.com\/"},{"@type":"ListItem","position":2,"name":"Cookie Policy"}]},{"@type":"WebSite","@id":"https:\/\/aronazarar.com\/#website","url":"https:\/\/aronazarar.com\/","name":"AronAzarAr","description":"Mesters\u00e9ges Intellectencia - Tr\u00ed tu\u1ec7 nh\u00e2n t\u1ea1o","publisher":{"@id":"https:\/\/aronazarar.com\/#organization"},"potentialAction":[{"@type":"SearchAction","target":{"@type":"EntryPoint","urlTemplate":"https:\/\/aronazarar.com\/?s={search_term_string}"},"query-input":{"@type":"PropertyValueSpecification","valueRequired":true,"valueName":"search_term_string"}}],"inLanguage":"vi"},{"@type":"Organization","@id":"https:\/\/aronazarar.com\/#organization","name":"AronAzarAr","url":"https:\/\/aronazarar.com\/","logo":{"@type":"ImageObject","inLanguage":"vi","@id":"https:\/\/aronazarar.com\/#\/schema\/logo\/image\/","url":"https:\/\/aronazarar.com\/wp-content\/uploads\/2025\/09\/cropped-cropped-AronAzarAr-Logo.png","contentUrl":"https:\/\/aronazarar.com\/wp-content\/uploads\/2025\/09\/cropped-cropped-AronAzarAr-Logo.png","width":512,"height":512,"caption":"AronAzarAr"},"image":{"@id":"https:\/\/aronazarar.com\/#\/schema\/logo\/image\/"}}]}},"_hostinger_reach_plugin_has_subscription_block":false,"_hostinger_reach_plugin_is_elementor":false,"uagb_featured_image_src":{"full":false,"thumbnail":false,"medium":false,"medium_large":false,"large":false,"1536x1536":false,"2048x2048":false,"trp-custom-language-flag":false},"uagb_author_info":{"display_name":"AronAzarAr","author_link":"https:\/\/aronazarar.com\/vi\/author\/aronazarargmail-com\/"},"uagb_comment_info":0,"uagb_excerpt":"Effective Date: 3 nov 2025 1. What Are Cookies? Cookies are small files stored on your device to improve website functionality, user experience, and analytics. 2. Types of Cookies Necessary cookies: Essential for website operation Performance \/ Analytics cookies: Help us understand site usage (e.g., Google Analytics) Functional cookies: Remember user preferences Marketing cookies: Used&hellip;","jetpack_sharing_enabled":true,"_links":{"self":[{"href":"https:\/\/aronazarar.com\/vi\/wp-json\/wp\/v2\/pages\/683","targetHints":{"allow":["GET"]}}],"collection":[{"href":"https:\/\/aronazarar.com\/vi\/wp-json\/wp\/v2\/pages"}],"about":[{"href":"https:\/\/aronazarar.com\/vi\/wp-json\/wp\/v2\/types\/page"}],"author":[{"embeddable":true,"href":"https:\/\/aronazarar.com\/vi\/wp-json\/wp\/v2\/users\/1"}],"replies":[{"embeddable":true,"href":"https:\/\/aronazarar.com\/vi\/wp-json\/wp\/v2\/comments?post=683"}],"version-history":[{"count":7,"href":"https:\/\/aronazarar.com\/vi\/wp-json\/wp\/v2\/pages\/683\/revisions"}],"predecessor-version":[{"id":783,"href":"https:\/\/aronazarar.com\/vi\/wp-json\/wp\/v2\/pages\/683\/revisions\/783"}],"wp:attachment":[{"href":"https:\/\/aronazarar.com\/vi\/wp-json\/wp\/v2\/media?parent=683"}],"curies":[{"name":"wp","href":"https:\/\/api.w.org\/{rel}","templated":true}]}}