{"id":672,"date":"2025-10-23T22:51:46","date_gmt":"2025-10-23T21:51:46","guid":{"rendered":"https:\/\/aronazarar.com\/?page_id=672"},"modified":"2025-12-18T20:50:51","modified_gmt":"2025-12-18T19:50:51","slug":"dieu-khoan-va-dieu-kien","status":"publish","type":"page","link":"https:\/\/aronazarar.com\/vi\/dieu-khoan-va-dieu-kien\/","title":{"rendered":"\u0110i\u1ec1u kho\u1ea3n v\u00e0 \u0110i\u1ec1u ki\u1ec7n"},"content":{"rendered":"<h3 data-start=\"2691\" data-end=\"2726\"><strong data-start=\"2691\" data-end=\"2710\">Ng\u00e0y c\u00f3 hi\u1ec7u l\u1ef1c:<\/strong> 3 th\u00e1ng 11 n\u0103m 2025<\/h3>\n<h2 data-start=\"2728\" data-end=\"2745\">1. Ch\u1ea5p nh\u1eadn<\/h2>\n<h3 data-start=\"2746\" data-end=\"2826\">B\u1eb1ng c\u00e1ch s\u1eed d\u1ee5ng trang web n\u00e0y v\u00e0 c\u00e1c d\u1ecbch v\u1ee5 c\u1ee7a n\u00f3, b\u1ea1n \u0111\u1ed3ng \u00fd v\u1edbi c\u00e1c \u0110i\u1ec1u kho\u1ea3n v\u00e0 \u0110i\u1ec1u ki\u1ec7n n\u00e0y.<\/h3>\n<h2 data-start=\"2828\" data-end=\"2843\">2. D\u1ecbch v\u1ee5<\/h2>\n<h3 data-start=\"2844\" data-end=\"3043\">AronAzarAr cung c\u1ea5p d\u1ecbch v\u1ee5 t\u1ea1o n\u1ed9i dung AI, t\u00e0i nguy\u00ean gi\u00e1o d\u1ee5c, t\u01b0 v\u1ea5n v\u00e0 l\u1eddi khuy\u00ean chi\u1ebfn l\u01b0\u1ee3c. T\u1ea5t c\u1ea3 c\u00e1c d\u1ecbch v\u1ee5 \u0111\u1ec1u l\u00e0 <strong data-start=\"2970\" data-end=\"3005\">Ch\u1ec9 mang t\u00ednh ch\u1ea5t tham kh\u1ea3o.<\/strong> tr\u1eeb khi c\u00f3 th\u1ecfa thu\u1eadn kh\u00e1c.<\/h3>\n<h2 data-start=\"3045\" data-end=\"3073\">3. Tr\u00e1ch nhi\u1ec7m c\u1ee7a ng\u01b0\u1eddi d\u00f9ng<\/h2>\n<ul data-start=\"3074\" data-end=\"3245\">\n<li data-start=\"3074\" data-end=\"3118\">\n<h3 data-start=\"3076\" data-end=\"3118\">Ng\u01b0\u1eddi d\u00f9ng ph\u1ea3i cung c\u1ea5p th\u00f4ng tin ch\u00ednh x\u00e1c.<\/h3>\n<\/li>\n<li data-start=\"3119\" data-end=\"3178\">\n<h3 data-start=\"3121\" data-end=\"3178\">Ng\u01b0\u1eddi d\u00f9ng kh\u00f4ng \u0111\u01b0\u1ee3c l\u1ea1m d\u1ee5ng trang web, n\u1ed9i dung ho\u1eb7c d\u1ecbch v\u1ee5.<\/h3>\n<\/li>\n<li data-start=\"3179\" data-end=\"3245\">\n<h3 data-start=\"3181\" data-end=\"3245\">Vi\u1ec7c sao ch\u00e9p ho\u1eb7c ph\u00e2n ph\u1ed1i n\u1ed9i dung m\u00e0 kh\u00f4ng \u0111\u01b0\u1ee3c ph\u00e9p l\u00e0 b\u1ecb c\u1ea5m.<\/h3>\n<\/li>\n<\/ul>\n<h2 data-start=\"3247\" data-end=\"3277\">4. Gi\u1edbi h\u1ea1n tr\u00e1ch nhi\u1ec7m<\/h2>\n<h3 data-start=\"3278\" data-end=\"3419\"><strong data-start=\"3300\" data-end=\"3317\">AronAzarAr kh\u00f4ng ch\u1ecbu tr\u00e1ch nhi\u1ec7m.<\/strong> cho b\u1ea5t k\u1ef3 thi\u1ec7t h\u1ea1i tr\u1ef1c ti\u1ebfp, gi\u00e1n ti\u1ebfp ho\u1eb7c h\u1eadu qu\u1ea3 n\u00e0o ph\u00e1t sinh t\u1eeb vi\u1ec7c s\u1eed d\u1ee5ng d\u1ecbch v\u1ee5 ho\u1eb7c trang web c\u1ee7a ch\u00fang t\u00f4i.<\/h3>\n<h2 data-start=\"3421\" data-end=\"3435\">5. Thay \u0111\u1ed5i<\/h2>\n<h3 data-start=\"3436\" data-end=\"3565\">Ch\u00fang t\u00f4i c\u00f3 quy\u1ec1n c\u1eadp nh\u1eadt c\u00e1c \u0110i\u1ec1u kho\u1ea3n v\u00e0 \u0110i\u1ec1u ki\u1ec7n n\u00e0y v\u00e0o b\u1ea5t k\u1ef3 th\u1eddi \u0111i\u1ec3m n\u00e0o. Vi\u1ec7c ti\u1ebfp t\u1ee5c s\u1eed d\u1ee5ng \u0111\u01b0\u1ee3c coi l\u00e0 ch\u1ea5p nh\u1eadn c\u00e1c \u0111i\u1ec1u kho\u1ea3n \u0111\u00e3 \u0111\u01b0\u1ee3c c\u1eadp nh\u1eadt.<\/h3>","protected":false},"excerpt":{"rendered":"<p>Effective Date: 3 nov 2025 1. Acceptance By using this website and its services, you agree to these Terms &amp; Conditions. 2. Services AronAzarAr provides AI content creation, educational resources, consulting, and strategic advice. All services are for informational purposes only unless explicitly agreed otherwise. 3. User Responsibilities Users must provide accurate information. Users may not misuse the website, content, or services. Unauthorized copying or distribution of content is prohibited. 4. Limitation of Liability AronAzarAr is not liable for any direct, indirect, or consequential damages arising from the use of our services or website. 5. Changes We reserve the right to update these Terms &amp; Conditions at any time. Continued use constitutes acceptance of the updated terms.<\/p>","protected":false},"author":1,"featured_media":0,"parent":0,"menu_order":0,"comment_status":"closed","ping_status":"closed","template":"","meta":{"_uag_custom_page_level_css":"","site-sidebar-layout":"default","site-content-layout":"","ast-site-content-layout":"default","site-content-style":"default","site-sidebar-style":"default","ast-global-header-display":"","ast-banner-title-visibility":"","ast-main-header-display":"","ast-hfb-above-header-display":"","ast-hfb-below-header-display":"","ast-hfb-mobile-header-display":"","site-post-title":"","ast-breadcrumbs-content":"","ast-featured-img":"","footer-sml-layout":"","ast-disable-related-posts":"","theme-transparent-header-meta":"","adv-header-id-meta":"","stick-header-meta":"","header-above-stick-meta":"","header-main-stick-meta":"","header-below-stick-meta":"","astra-migrate-meta-layouts":"default","ast-page-background-enabled":"default","ast-page-background-meta":{"desktop":{"background-color":"var(--ast-global-color-4)","background-image":"","background-repeat":"repeat","background-position":"center center","background-size":"auto","background-attachment":"scroll","background-type":"","background-media":"","overlay-type":"","overlay-color":"","overlay-opacity":"","overlay-gradient":""},"tablet":{"background-color":"","background-image":"","background-repeat":"repeat","background-position":"center center","background-size":"auto","background-attachment":"scroll","background-type":"","background-media":"","overlay-type":"","overlay-color":"","overlay-opacity":"","overlay-gradient":""},"mobile":{"background-color":"","background-image":"","background-repeat":"repeat","background-position":"center center","background-size":"auto","background-attachment":"scroll","background-type":"","background-media":"","overlay-type":"","overlay-color":"","overlay-opacity":"","overlay-gradient":""}},"ast-content-background-meta":{"desktop":{"background-color":"var(--ast-global-color-5)","background-image":"","background-repeat":"repeat","background-position":"center center","background-size":"auto","background-attachment":"scroll","background-type":"","background-media":"","overlay-type":"","overlay-color":"","overlay-opacity":"","overlay-gradient":""},"tablet":{"background-color":"var(--ast-global-color-5)","background-image":"","background-repeat":"repeat","background-position":"center center","background-size":"auto","background-attachment":"scroll","background-type":"","background-media":"","overlay-type":"","overlay-color":"","overlay-opacity":"","overlay-gradient":""},"mobile":{"background-color":"var(--ast-global-color-5)","background-image":"","background-repeat":"repeat","background-position":"center center","background-size":"auto","background-attachment":"scroll","background-type":"","background-media":"","overlay-type":"","overlay-color":"","overlay-opacity":"","overlay-gradient":""}},"footnotes":""},"class_list":["post-672","page","type-page","status-publish","hentry"],"yoast_head":"<!-- This site is optimized with the Yoast SEO plugin v27.5 - https:\/\/yoast.com\/product\/yoast-seo-wordpress\/ -->\n<title>Terms &amp; Conditions - AronAzarAr<\/title>\n<meta name=\"description\" content=\"Terms &amp; Conditions for aronazarar.com outlining service use, responsibilities, limitations, and user obligations.\" \/>\n<meta name=\"robots\" content=\"index, follow, max-snippet:-1, max-image-preview:large, max-video-preview:-1\" \/>\n<link rel=\"canonical\" href=\"https:\/\/aronazarar.com\/vi\/dieu-khoan-va-dieu-kien\/\" \/>\n<meta property=\"og:locale\" content=\"vi_VN\" \/>\n<meta property=\"og:type\" content=\"article\" \/>\n<meta property=\"og:title\" content=\"Terms &amp; Conditions - AronAzarAr\" \/>\n<meta property=\"og:description\" content=\"Terms &amp; Conditions for aronazarar.com outlining service use, responsibilities, limitations, and user obligations.\" \/>\n<meta property=\"og:url\" content=\"https:\/\/aronazarar.com\/vi\/dieu-khoan-va-dieu-kien\/\" \/>\n<meta property=\"og:site_name\" content=\"AronAzarAr\" \/>\n<meta property=\"article:modified_time\" content=\"2025-12-18T19:50:51+00:00\" \/>\n<meta name=\"twitter:card\" content=\"summary_large_image\" \/>\n<meta name=\"twitter:label1\" content=\"\u01af\u1edbc t\u00ednh th\u1eddi gian \u0111\u1ecdc\" \/>\n\t<meta name=\"twitter:data1\" content=\"1 ph\u00fat\" \/>\n<script type=\"application\/ld+json\" class=\"yoast-schema-graph\">{\"@context\":\"https:\\\/\\\/schema.org\",\"@graph\":[{\"@type\":\"WebPage\",\"@id\":\"https:\\\/\\\/aronazarar.com\\\/terms-conditions\\\/\",\"url\":\"https:\\\/\\\/aronazarar.com\\\/terms-conditions\\\/\",\"name\":\"Terms &amp; Conditions - AronAzarAr\",\"isPartOf\":{\"@id\":\"https:\\\/\\\/aronazarar.com\\\/#website\"},\"datePublished\":\"2025-10-23T21:51:46+00:00\",\"dateModified\":\"2025-12-18T19:50:51+00:00\",\"description\":\"Terms & Conditions for aronazarar.com outlining service use, responsibilities, limitations, and user obligations.\",\"breadcrumb\":{\"@id\":\"https:\\\/\\\/aronazarar.com\\\/terms-conditions\\\/#breadcrumb\"},\"inLanguage\":\"vi\",\"potentialAction\":[{\"@type\":\"ReadAction\",\"target\":[\"https:\\\/\\\/aronazarar.com\\\/terms-conditions\\\/\"]}]},{\"@type\":\"BreadcrumbList\",\"@id\":\"https:\\\/\\\/aronazarar.com\\\/terms-conditions\\\/#breadcrumb\",\"itemListElement\":[{\"@type\":\"ListItem\",\"position\":1,\"name\":\"Kezd\u0151lap\",\"item\":\"https:\\\/\\\/aronazarar.com\\\/\"},{\"@type\":\"ListItem\",\"position\":2,\"name\":\"Terms &amp; Conditions\"}]},{\"@type\":\"WebSite\",\"@id\":\"https:\\\/\\\/aronazarar.com\\\/#website\",\"url\":\"https:\\\/\\\/aronazarar.com\\\/\",\"name\":\"AronAzarAr\",\"description\":\"Mesters\u00e9ges Intelligencia - Artificial Intelligence\",\"publisher\":{\"@id\":\"https:\\\/\\\/aronazarar.com\\\/#organization\"},\"potentialAction\":[{\"@type\":\"SearchAction\",\"target\":{\"@type\":\"EntryPoint\",\"urlTemplate\":\"https:\\\/\\\/aronazarar.com\\\/?s={search_term_string}\"},\"query-input\":{\"@type\":\"PropertyValueSpecification\",\"valueRequired\":true,\"valueName\":\"search_term_string\"}}],\"inLanguage\":\"vi\"},{\"@type\":\"Organization\",\"@id\":\"https:\\\/\\\/aronazarar.com\\\/#organization\",\"name\":\"AronAzarAr\",\"url\":\"https:\\\/\\\/aronazarar.com\\\/\",\"logo\":{\"@type\":\"ImageObject\",\"inLanguage\":\"vi\",\"@id\":\"https:\\\/\\\/aronazarar.com\\\/#\\\/schema\\\/logo\\\/image\\\/\",\"url\":\"https:\\\/\\\/aronazarar.com\\\/wp-content\\\/uploads\\\/2025\\\/09\\\/cropped-cropped-AronAzarAr-Logo.png\",\"contentUrl\":\"https:\\\/\\\/aronazarar.com\\\/wp-content\\\/uploads\\\/2025\\\/09\\\/cropped-cropped-AronAzarAr-Logo.png\",\"width\":512,\"height\":512,\"caption\":\"AronAzarAr\"},\"image\":{\"@id\":\"https:\\\/\\\/aronazarar.com\\\/#\\\/schema\\\/logo\\\/image\\\/\"}}]}<\/script>\n<!-- \/ Yoast SEO plugin. -->","yoast_head_json":{"title":"Terms &amp; Conditions - AronAzarAr","description":"\u0110i\u1ec1u kho\u1ea3n v\u00e0 \u0110i\u1ec1u ki\u1ec7n c\u1ee7a aronazarar.com quy \u0111\u1ecbnh v\u1ec1 vi\u1ec7c s\u1eed d\u1ee5ng d\u1ecbch v\u1ee5, tr\u00e1ch nhi\u1ec7m, gi\u1edbi h\u1ea1n v\u00e0 ngh\u0129a v\u1ee5 c\u1ee7a ng\u01b0\u1eddi d\u00f9ng.","robots":{"index":"index","follow":"follow","max-snippet":"max-snippet:-1","max-image-preview":"max-image-preview:large","max-video-preview":"max-video-preview:-1"},"canonical":"https:\/\/aronazarar.com\/vi\/dieu-khoan-va-dieu-kien\/","og_locale":"vi_VN","og_type":"article","og_title":"Terms &amp; Conditions - AronAzarAr","og_description":"Terms & Conditions for aronazarar.com outlining service use, responsibilities, limitations, and user obligations.","og_url":"https:\/\/aronazarar.com\/vi\/dieu-khoan-va-dieu-kien\/","og_site_name":"AronAzarAr","article_modified_time":"2025-12-18T19:50:51+00:00","twitter_card":"summary_large_image","twitter_misc":{"\u01af\u1edbc t\u00ednh th\u1eddi gian \u0111\u1ecdc":"1 ph\u00fat"},"schema":{"@context":"https:\/\/schema.org","@graph":[{"@type":"WebPage","@id":"https:\/\/aronazarar.com\/terms-conditions\/","url":"https:\/\/aronazarar.com\/terms-conditions\/","name":"Terms &amp; Conditions - AronAzarAr","isPartOf":{"@id":"https:\/\/aronazarar.com\/#website"},"datePublished":"2025-10-23T21:51:46+00:00","dateModified":"2025-12-18T19:50:51+00:00","description":"\u0110i\u1ec1u kho\u1ea3n v\u00e0 \u0110i\u1ec1u ki\u1ec7n c\u1ee7a aronazarar.com quy \u0111\u1ecbnh v\u1ec1 vi\u1ec7c s\u1eed d\u1ee5ng d\u1ecbch v\u1ee5, tr\u00e1ch nhi\u1ec7m, gi\u1edbi h\u1ea1n v\u00e0 ngh\u0129a v\u1ee5 c\u1ee7a ng\u01b0\u1eddi d\u00f9ng.","breadcrumb":{"@id":"https:\/\/aronazarar.com\/terms-conditions\/#breadcrumb"},"inLanguage":"vi","potentialAction":[{"@type":"ReadAction","target":["https:\/\/aronazarar.com\/terms-conditions\/"]}]},{"@type":"BreadcrumbList","@id":"https:\/\/aronazarar.com\/terms-conditions\/#breadcrumb","itemListElement":[{"@type":"ListItem","position":1,"name":"Kezd\u0151lap","item":"https:\/\/aronazarar.com\/"},{"@type":"ListItem","position":2,"name":"Terms &amp; Conditions"}]},{"@type":"WebSite","@id":"https:\/\/aronazarar.com\/#website","url":"https:\/\/aronazarar.com\/","name":"AronAzarAr","description":"Mesters\u00e9ges Intellectencia - Tr\u00ed tu\u1ec7 nh\u00e2n t\u1ea1o","publisher":{"@id":"https:\/\/aronazarar.com\/#organization"},"potentialAction":[{"@type":"SearchAction","target":{"@type":"EntryPoint","urlTemplate":"https:\/\/aronazarar.com\/?s={search_term_string}"},"query-input":{"@type":"PropertyValueSpecification","valueRequired":true,"valueName":"search_term_string"}}],"inLanguage":"vi"},{"@type":"Organization","@id":"https:\/\/aronazarar.com\/#organization","name":"AronAzarAr","url":"https:\/\/aronazarar.com\/","logo":{"@type":"ImageObject","inLanguage":"vi","@id":"https:\/\/aronazarar.com\/#\/schema\/logo\/image\/","url":"https:\/\/aronazarar.com\/wp-content\/uploads\/2025\/09\/cropped-cropped-AronAzarAr-Logo.png","contentUrl":"https:\/\/aronazarar.com\/wp-content\/uploads\/2025\/09\/cropped-cropped-AronAzarAr-Logo.png","width":512,"height":512,"caption":"AronAzarAr"},"image":{"@id":"https:\/\/aronazarar.com\/#\/schema\/logo\/image\/"}}]}},"_hostinger_reach_plugin_has_subscription_block":false,"_hostinger_reach_plugin_is_elementor":false,"uagb_featured_image_src":{"full":false,"thumbnail":false,"medium":false,"medium_large":false,"large":false,"1536x1536":false,"2048x2048":false,"trp-custom-language-flag":false},"uagb_author_info":{"display_name":"AronAzarAr","author_link":"https:\/\/aronazarar.com\/vi\/author\/aronazarargmail-com\/"},"uagb_comment_info":0,"uagb_excerpt":"Effective Date: 3 nov 2025 1. Acceptance By using this website and its services, you agree to these Terms &amp; Conditions. 2. Services AronAzarAr provides AI content creation, educational resources, consulting, and strategic advice. All services are for informational purposes only unless explicitly agreed otherwise. 3. User Responsibilities Users must provide accurate information. Users may&hellip;","jetpack_sharing_enabled":true,"_links":{"self":[{"href":"https:\/\/aronazarar.com\/vi\/wp-json\/wp\/v2\/pages\/672","targetHints":{"allow":["GET"]}}],"collection":[{"href":"https:\/\/aronazarar.com\/vi\/wp-json\/wp\/v2\/pages"}],"about":[{"href":"https:\/\/aronazarar.com\/vi\/wp-json\/wp\/v2\/types\/page"}],"author":[{"embeddable":true,"href":"https:\/\/aronazarar.com\/vi\/wp-json\/wp\/v2\/users\/1"}],"replies":[{"embeddable":true,"href":"https:\/\/aronazarar.com\/vi\/wp-json\/wp\/v2\/comments?post=672"}],"version-history":[{"count":13,"href":"https:\/\/aronazarar.com\/vi\/wp-json\/wp\/v2\/pages\/672\/revisions"}],"predecessor-version":[{"id":776,"href":"https:\/\/aronazarar.com\/vi\/wp-json\/wp\/v2\/pages\/672\/revisions\/776"}],"wp:attachment":[{"href":"https:\/\/aronazarar.com\/vi\/wp-json\/wp\/v2\/media?parent=672"}],"curies":[{"name":"wp","href":"https:\/\/api.w.org\/{rel}","templated":true}]}}