{"id":785,"date":"2025-11-05T18:06:34","date_gmt":"2025-11-05T17:06:34","guid":{"rendered":"https:\/\/aronazarar.com\/?page_id=785"},"modified":"2026-02-25T20:19:37","modified_gmt":"2026-02-25T19:19:37","slug":"baglantilar","status":"publish","type":"page","link":"https:\/\/aronazarar.com\/tr\/baglantilar\/","title":{"rendered":"Ba\u011flant\u0131lar"},"content":{"rendered":"<div data-elementor-type=\"wp-page\" data-elementor-id=\"785\" class=\"elementor elementor-785\">\n\t\t\t\t<div class=\"elementor-element elementor-element-23d5e1d e-flex e-con-boxed wpr-particle-no wpr-jarallax-no wpr-parallax-no wpr-sticky-section-no wpr-equal-height-no e-con e-parent\" data-id=\"23d5e1d\" data-element_type=\"container\" data-e-type=\"container\">\n\t\t\t\t\t<div class=\"e-con-inner\">\n\t\t\t\t<div class=\"elementor-element elementor-element-120c135 elementor-widget elementor-widget-text-editor\" data-id=\"120c135\" data-element_type=\"widget\" data-e-type=\"widget\" data-widget_type=\"text-editor.default\">\n\t\t\t\t\t\t\t\t\t<h2>K\u00fcresel otorite web sitelerine \u00f6nemli ba\u011flant\u0131lar<\/h2>\t\t\t\t\t\t\t\t<\/div>\n\t\t\t\t\t<\/div>\n\t\t\t\t<\/div>\n\t\t<div class=\"elementor-element elementor-element-7d20a4c e-flex e-con-boxed wpr-particle-no wpr-jarallax-no wpr-parallax-no wpr-sticky-section-no wpr-equal-height-no e-con e-parent\" data-id=\"7d20a4c\" data-element_type=\"container\" data-e-type=\"container\">\n\t\t\t\t\t<div class=\"e-con-inner\">\n\t\t\t\t<div class=\"elementor-element elementor-element-939e4b5 elementor-widget elementor-widget-text-editor\" data-id=\"939e4b5\" data-element_type=\"widget\" data-e-type=\"widget\" data-widget_type=\"text-editor.default\">\n\t\t\t\t\t\t\t\t\t<h2>K\u00fcresel:<\/h2><h3>BM Genel Sekreteri'nin Yapay Zeka \u00dcst D\u00fczey Dan\u0131\u015fma Organ\u0131<br \/><a href=\"https:\/\/www.un.org\/en\/ai-advisory-body\">https:\/\/www.un.org\/en\/ai-advisory-body<\/a><br \/>UNIDIR Yapay Zeka Politika Portal\u0131<br \/><a href=\"https:\/\/aipolicyportal.org\/\">https:\/\/aipolicyportal.org\/<\/a><br \/><b>Birle\u015fmi\u015f Milletler<\/b> (K\u00fcresel Sorunlar - Yapay Zeka)<br \/><a href=\"https:\/\/www.un.org\/en\/global-issues\/artificial-intelligence\">https:\/\/www.un.org\/en\/global-issues\/artificial-intelligence<\/a><br \/>\u0130yilik i\u00e7in Yapay Zeka K\u00fcresel Zirvesi<br \/><a href=\"https:\/\/aiforgood.itu.int\/summit26\/\">https:\/\/aiforgood.itu.int\/summit26\/<\/a><\/h3><h2>Avrupal\u0131:<\/h2><h3>Avrupa Yapay Zeka Ofisi<br \/><a href=\"https:\/\/digital-strategy.ec.europa.eu\/en\/policies\/regulatory-framework-ai\">https:\/\/digital-strategy.ec.europa.eu\/en\/policies\/regulatory-framework-ai<\/a><br \/>AI Alliance'a ba\u015fvurun<br \/><a href=\"https:\/\/digital-strategy.ec.europa.eu\/en\/policies\/apply-ai-alliance\">https:\/\/digital-strategy.ec.europa.eu\/en\/policies\/apply-ai-alliance<\/a><br \/>AI Act Tek Bilgi Platformu<br \/><a href=\"https:\/\/ai-act-service-desk.ec.europa.eu\/en\">https:\/\/ai-act-service-desk.ec.europa.eu\/en<\/a><br \/>EUR-Lex<br \/><a href=\"https:\/\/eur-lex.europa.eu\/legal-content\/HU\/TXT\/?uri=CELEX%3A32024R1689\">https:\/\/eur-lex.europa.eu\/legal-content\/HU\/TXT\/?uri=CELEX%3A32024R1689<\/a><\/h3><h2>Macarca:<\/h2><h3>Yapay Zeka Koalisyonu (MIK) (Hun)<br \/><a href=\"https:\/\/mik.neum.hu\/\">https:\/\/mik.neum.hu\/<\/a><br \/>Macaristan'\u0131n Yapay Zeka Stratejisi (Hun) 2025-2030<br \/><a href=\"https:\/\/cdn.kormany.hu\/uploads\/document\/c\/c0\/c0d\/c0dfdbd37cfa520ae37361a168d244c85e7295af.pdf\">https:\/\/cdn.kormany.hu\/uploads\/document\/c\/c0\/c0d\/c0dfdbd37cfa520ae37361a168d244c85e7295af.pdf<\/a><br \/>Bilgisayar Bilimleri ve Kontrol Enstit\u00fcs\u00fc (SZTAKI) (Hun)<br \/><a href=\"https:\/\/www.sztaki.hu\/hu\/osztalyok\/mesterseges-intelligencia\">https:\/\/www.sztaki.hu\/hu\/osztalyok\/mesterseges-intelligencia<\/a><br \/>HUN-REN AI 4 Bilim Program\u0131<br \/><a href=\"https:\/\/hun-ren.hu\/ai4science-programme\">https:\/\/hun-ren.hu\/ai4science-programme<\/a><br \/>BME Yapay Zeka ve Sistem M\u00fchendisli\u011fi B\u00f6l\u00fcm\u00fc\u00a0<br \/><a href=\"https:\/\/www.mit.bme.hu\/en\">https:\/\/www.mit.bme.hu\/en<\/a><br \/>ELTE Yapay Zeka B\u00f6l\u00fcm\u00fc<br \/><a href=\"https:\/\/mi.inf.elte.hu\/en\/\">https:\/\/mi.inf.elte.hu\/en\/<\/a><\/h3><h3>2025 Deloitte Yapay Zeka Panoramas\u0131:<br \/><a href=\"https:\/\/www.deloitte.com\/hu\/hu\/what-we-do\/deloitte-magyar-mi-korkep-2025.html\">https:\/\/www.deloitte.com\/hu\/hu\/what-we-do\/deloitte-magyar-mi-korkep-2025.html<\/a><\/h3><h3>Yararl\u0131 \u00c7evrimi\u00e7i Kurslar:<\/h3><h3>\u0130ngilizce:<\/h3><h3>Macarca:<\/h3><h3><a href=\"https:\/\/mijovunk.hu\/\">Mi J\u00f6v\u00fcnk<\/a> - \u0130\u015fg\u00fcc\u00fc Sertifikal\u0131 \u00dccretsiz Online H\u0131zl\u0131 Kurs<\/h3>\t\t\t\t\t\t\t\t<\/div>\n\t\t\t\t\t<\/div>\n\t\t\t\t<\/div>\n\t\t\t\t<\/div>","protected":false},"excerpt":{"rendered":"<p>Important links to global authority websites Global: UN Secretary-General\u2019s High-level Advisory Body on AIhttps:\/\/www.un.org\/en\/ai-advisory-bodyUNIDIR AI Policy Portalhttps:\/\/aipolicyportal.org\/United Nations (Global Issues &#8211; AI)https:\/\/www.un.org\/en\/global-issues\/artificial-intelligenceAI for Good Global Summithttps:\/\/aiforgood.itu.int\/summit26\/ European: European AI Officehttps:\/\/digital-strategy.ec.europa.eu\/en\/policies\/regulatory-framework-aiApply AI Alliancehttps:\/\/digital-strategy.ec.europa.eu\/en\/policies\/apply-ai-allianceAI Act Single Information Platformhttps:\/\/ai-act-service-desk.ec.europa.eu\/enEUR-Lexhttps:\/\/eur-lex.europa.eu\/legal-content\/HU\/TXT\/?uri=CELEX%3A32024R1689 Hungarian: Artificial Intelligence Coalition (MIK) (Hun)https:\/\/mik.neum.hu\/Hungary&#8217;s Artificial Intelligence Strategy (Hun) 2025-2030https:\/\/cdn.kormany.hu\/uploads\/document\/c\/c0\/c0d\/c0dfdbd37cfa520ae37361a168d244c85e7295af.pdfInstitute for Computer Science and Control (SZTAKI) (Hun)https:\/\/www.sztaki.hu\/hu\/osztalyok\/mesterseges-intelligenciaHUN-REN AI 4 Science Programmehttps:\/\/hun-ren.hu\/ai4science-programmeBME Department of Artificial Intelligence and Systems Engineering\u00a0https:\/\/www.mit.bme.hu\/enELTE Department of Artificial Intelligencehttps:\/\/mi.inf.elte.hu\/en\/ 2025 Deloitte AI Panorama:https:\/\/www.deloitte.com\/hu\/hu\/what-we-do\/deloitte-magyar-mi-korkep-2025.html Useful Online Courses: English: Hungarian: Mi J\u00f6v\u00fcnk &#8211; Free Online Fast Course with workforce Certification<\/p>","protected":false},"author":1,"featured_media":0,"parent":0,"menu_order":0,"comment_status":"closed","ping_status":"closed","template":"","meta":{"_uag_custom_page_level_css":"","site-sidebar-layout":"no-sidebar","site-content-layout":"","ast-site-content-layout":"full-width-container","site-content-style":"default","site-sidebar-style":"default","ast-global-header-display":"","ast-banner-title-visibility":"","ast-main-header-display":"","ast-hfb-above-header-display":"","ast-hfb-below-header-display":"","ast-hfb-mobile-header-display":"","site-post-title":"","ast-breadcrumbs-content":"","ast-featured-img":"disabled","footer-sml-layout":"","ast-disable-related-posts":"","theme-transparent-header-meta":"","adv-header-id-meta":"","stick-header-meta":"","header-above-stick-meta":"","header-main-stick-meta":"","header-below-stick-meta":"","astra-migrate-meta-layouts":"default","ast-page-background-enabled":"default","ast-page-background-meta":{"desktop":{"background-color":"var(--ast-global-color-4)","background-image":"","background-repeat":"repeat","background-position":"center center","background-size":"auto","background-attachment":"scroll","background-type":"","background-media":"","overlay-type":"","overlay-color":"","overlay-opacity":"","overlay-gradient":""},"tablet":{"background-color":"","background-image":"","background-repeat":"repeat","background-position":"center center","background-size":"auto","background-attachment":"scroll","background-type":"","background-media":"","overlay-type":"","overlay-color":"","overlay-opacity":"","overlay-gradient":""},"mobile":{"background-color":"","background-image":"","background-repeat":"repeat","background-position":"center center","background-size":"auto","background-attachment":"scroll","background-type":"","background-media":"","overlay-type":"","overlay-color":"","overlay-opacity":"","overlay-gradient":""}},"ast-content-background-meta":{"desktop":{"background-color":"var(--ast-global-color-5)","background-image":"","background-repeat":"repeat","background-position":"center center","background-size":"auto","background-attachment":"scroll","background-type":"","background-media":"","overlay-type":"","overlay-color":"","overlay-opacity":"","overlay-gradient":""},"tablet":{"background-color":"var(--ast-global-color-5)","background-image":"","background-repeat":"repeat","background-position":"center center","background-size":"auto","background-attachment":"scroll","background-type":"","background-media":"","overlay-type":"","overlay-color":"","overlay-opacity":"","overlay-gradient":""},"mobile":{"background-color":"var(--ast-global-color-5)","background-image":"","background-repeat":"repeat","background-position":"center center","background-size":"auto","background-attachment":"scroll","background-type":"","background-media":"","overlay-type":"","overlay-color":"","overlay-opacity":"","overlay-gradient":""}},"footnotes":""},"class_list":["post-785","page","type-page","status-publish","hentry"],"yoast_head":"<!-- This site is optimized with the Yoast SEO plugin v27.5 - https:\/\/yoast.com\/product\/yoast-seo-wordpress\/ -->\n<title>Links - AronAzarAr<\/title>\n<meta name=\"description\" content=\"AI References &amp; Knowledge Base. Instant access to key global, EU, and Hungarian AI legislation, strategies, and official sources.\" \/>\n<meta name=\"robots\" content=\"index, follow, max-snippet:-1, max-image-preview:large, max-video-preview:-1\" \/>\n<link rel=\"canonical\" href=\"https:\/\/aronazarar.com\/tr\/baglantilar\/\" \/>\n<meta property=\"og:locale\" content=\"tr_TR\" \/>\n<meta property=\"og:type\" content=\"article\" \/>\n<meta property=\"og:title\" content=\"Links - AronAzarAr\" \/>\n<meta property=\"og:description\" content=\"AI References &amp; Knowledge Base. Instant access to key global, EU, and Hungarian AI legislation, strategies, and official sources.\" \/>\n<meta property=\"og:url\" content=\"https:\/\/aronazarar.com\/tr\/baglantilar\/\" \/>\n<meta property=\"og:site_name\" content=\"AronAzarAr\" \/>\n<meta property=\"article:modified_time\" content=\"2026-02-25T19:19:37+00:00\" \/>\n<meta name=\"twitter:card\" content=\"summary_large_image\" \/>\n<meta name=\"twitter:label1\" content=\"Tahmini okuma s\u00fcresi\" \/>\n\t<meta name=\"twitter:data1\" content=\"1 dakika\" \/>\n<script type=\"application\/ld+json\" class=\"yoast-schema-graph\">{\"@context\":\"https:\\\/\\\/schema.org\",\"@graph\":[{\"@type\":\"WebPage\",\"@id\":\"https:\\\/\\\/aronazarar.com\\\/links\\\/\",\"url\":\"https:\\\/\\\/aronazarar.com\\\/links\\\/\",\"name\":\"Links - AronAzarAr\",\"isPartOf\":{\"@id\":\"https:\\\/\\\/aronazarar.com\\\/#website\"},\"datePublished\":\"2025-11-05T17:06:34+00:00\",\"dateModified\":\"2026-02-25T19:19:37+00:00\",\"description\":\"AI References & Knowledge Base. Instant access to key global, EU, and Hungarian AI legislation, strategies, and official sources.\",\"breadcrumb\":{\"@id\":\"https:\\\/\\\/aronazarar.com\\\/links\\\/#breadcrumb\"},\"inLanguage\":\"tr\",\"potentialAction\":[{\"@type\":\"ReadAction\",\"target\":[\"https:\\\/\\\/aronazarar.com\\\/links\\\/\"]}]},{\"@type\":\"BreadcrumbList\",\"@id\":\"https:\\\/\\\/aronazarar.com\\\/links\\\/#breadcrumb\",\"itemListElement\":[{\"@type\":\"ListItem\",\"position\":1,\"name\":\"Kezd\u0151lap\",\"item\":\"https:\\\/\\\/aronazarar.com\\\/\"},{\"@type\":\"ListItem\",\"position\":2,\"name\":\"Links\"}]},{\"@type\":\"WebSite\",\"@id\":\"https:\\\/\\\/aronazarar.com\\\/#website\",\"url\":\"https:\\\/\\\/aronazarar.com\\\/\",\"name\":\"AronAzarAr\",\"description\":\"Mesters\u00e9ges Intelligencia - Artificial Intelligence\",\"publisher\":{\"@id\":\"https:\\\/\\\/aronazarar.com\\\/#organization\"},\"potentialAction\":[{\"@type\":\"SearchAction\",\"target\":{\"@type\":\"EntryPoint\",\"urlTemplate\":\"https:\\\/\\\/aronazarar.com\\\/?s={search_term_string}\"},\"query-input\":{\"@type\":\"PropertyValueSpecification\",\"valueRequired\":true,\"valueName\":\"search_term_string\"}}],\"inLanguage\":\"tr\"},{\"@type\":\"Organization\",\"@id\":\"https:\\\/\\\/aronazarar.com\\\/#organization\",\"name\":\"AronAzarAr\",\"url\":\"https:\\\/\\\/aronazarar.com\\\/\",\"logo\":{\"@type\":\"ImageObject\",\"inLanguage\":\"tr\",\"@id\":\"https:\\\/\\\/aronazarar.com\\\/#\\\/schema\\\/logo\\\/image\\\/\",\"url\":\"https:\\\/\\\/aronazarar.com\\\/wp-content\\\/uploads\\\/2025\\\/09\\\/cropped-cropped-AronAzarAr-Logo.png\",\"contentUrl\":\"https:\\\/\\\/aronazarar.com\\\/wp-content\\\/uploads\\\/2025\\\/09\\\/cropped-cropped-AronAzarAr-Logo.png\",\"width\":512,\"height\":512,\"caption\":\"AronAzarAr\"},\"image\":{\"@id\":\"https:\\\/\\\/aronazarar.com\\\/#\\\/schema\\\/logo\\\/image\\\/\"}}]}<\/script>\n<!-- \/ Yoast SEO plugin. -->","yoast_head_json":{"title":"Ba\u011flant\u0131lar - AronAzarAr","description":"Yapay Zeka Referanslar\u0131 ve Bilgi Bankas\u0131. \u00d6nemli k\u00fcresel, AB ve Macaristan YZ mevzuat\u0131na, stratejilerine ve resmi kaynaklara an\u0131nda eri\u015fim.","robots":{"index":"index","follow":"follow","max-snippet":"max-snippet:-1","max-image-preview":"max-image-preview:large","max-video-preview":"max-video-preview:-1"},"canonical":"https:\/\/aronazarar.com\/tr\/baglantilar\/","og_locale":"tr_TR","og_type":"article","og_title":"Links - AronAzarAr","og_description":"AI References & Knowledge Base. Instant access to key global, EU, and Hungarian AI legislation, strategies, and official sources.","og_url":"https:\/\/aronazarar.com\/tr\/baglantilar\/","og_site_name":"AronAzarAr","article_modified_time":"2026-02-25T19:19:37+00:00","twitter_card":"summary_large_image","twitter_misc":{"Tahmini okuma s\u00fcresi":"1 dakika"},"schema":{"@context":"https:\/\/schema.org","@graph":[{"@type":"WebPage","@id":"https:\/\/aronazarar.com\/links\/","url":"https:\/\/aronazarar.com\/links\/","name":"Ba\u011flant\u0131lar - AronAzarAr","isPartOf":{"@id":"https:\/\/aronazarar.com\/#website"},"datePublished":"2025-11-05T17:06:34+00:00","dateModified":"2026-02-25T19:19:37+00:00","description":"Yapay Zeka Referanslar\u0131 ve Bilgi Bankas\u0131. \u00d6nemli k\u00fcresel, AB ve Macaristan YZ mevzuat\u0131na, stratejilerine ve resmi kaynaklara an\u0131nda eri\u015fim.","breadcrumb":{"@id":"https:\/\/aronazarar.com\/links\/#breadcrumb"},"inLanguage":"tr","potentialAction":[{"@type":"ReadAction","target":["https:\/\/aronazarar.com\/links\/"]}]},{"@type":"BreadcrumbList","@id":"https:\/\/aronazarar.com\/links\/#breadcrumb","itemListElement":[{"@type":"ListItem","position":1,"name":"Kezd\u0151lap","item":"https:\/\/aronazarar.com\/"},{"@type":"ListItem","position":2,"name":"Links"}]},{"@type":"WebSite","@id":"https:\/\/aronazarar.com\/#website","url":"https:\/\/aronazarar.com\/","name":"AronAzarAr","description":"Mesters\u00e9ges Intelligencia - Yapay Zeka","publisher":{"@id":"https:\/\/aronazarar.com\/#organization"},"potentialAction":[{"@type":"SearchAction","target":{"@type":"EntryPoint","urlTemplate":"https:\/\/aronazarar.com\/?s={search_term_string}"},"query-input":{"@type":"PropertyValueSpecification","valueRequired":true,"valueName":"search_term_string"}}],"inLanguage":"tr"},{"@type":"Organization","@id":"https:\/\/aronazarar.com\/#organization","name":"AronAzarAr","url":"https:\/\/aronazarar.com\/","logo":{"@type":"ImageObject","inLanguage":"tr","@id":"https:\/\/aronazarar.com\/#\/schema\/logo\/image\/","url":"https:\/\/aronazarar.com\/wp-content\/uploads\/2025\/09\/cropped-cropped-AronAzarAr-Logo.png","contentUrl":"https:\/\/aronazarar.com\/wp-content\/uploads\/2025\/09\/cropped-cropped-AronAzarAr-Logo.png","width":512,"height":512,"caption":"AronAzarAr"},"image":{"@id":"https:\/\/aronazarar.com\/#\/schema\/logo\/image\/"}}]}},"_hostinger_reach_plugin_has_subscription_block":false,"_hostinger_reach_plugin_is_elementor":false,"uagb_featured_image_src":{"full":false,"thumbnail":false,"medium":false,"medium_large":false,"large":false,"1536x1536":false,"2048x2048":false,"trp-custom-language-flag":false},"uagb_author_info":{"display_name":"AronAzarAr","author_link":"https:\/\/aronazarar.com\/tr\/author\/aronazarargmail-com\/"},"uagb_comment_info":0,"uagb_excerpt":"Important links to global authority websites Global: UN Secretary-General\u2019s High-level Advisory Body on AIhttps:\/\/www.un.org\/en\/ai-advisory-bodyUNIDIR AI Policy Portalhttps:\/\/aipolicyportal.org\/United Nations (Global Issues &#8211; AI)https:\/\/www.un.org\/en\/global-issues\/artificial-intelligenceAI for Good Global Summithttps:\/\/aiforgood.itu.int\/summit26\/ European: European AI Officehttps:\/\/digital-strategy.ec.europa.eu\/en\/policies\/regulatory-framework-aiApply AI Alliancehttps:\/\/digital-strategy.ec.europa.eu\/en\/policies\/apply-ai-allianceAI Act Single Information Platformhttps:\/\/ai-act-service-desk.ec.europa.eu\/enEUR-Lexhttps:\/\/eur-lex.europa.eu\/legal-content\/HU\/TXT\/?uri=CELEX%3A32024R1689 Hungarian: Artificial Intelligence Coalition (MIK) (Hun)https:\/\/mik.neum.hu\/Hungary&#8217;s Artificial Intelligence Strategy (Hun) 2025-2030https:\/\/cdn.kormany.hu\/uploads\/document\/c\/c0\/c0d\/c0dfdbd37cfa520ae37361a168d244c85e7295af.pdfInstitute for Computer Science and Control (SZTAKI) (Hun)https:\/\/www.sztaki.hu\/hu\/osztalyok\/mesterseges-intelligenciaHUN-REN AI&hellip;","jetpack_sharing_enabled":true,"_links":{"self":[{"href":"https:\/\/aronazarar.com\/tr\/wp-json\/wp\/v2\/pages\/785","targetHints":{"allow":["GET"]}}],"collection":[{"href":"https:\/\/aronazarar.com\/tr\/wp-json\/wp\/v2\/pages"}],"about":[{"href":"https:\/\/aronazarar.com\/tr\/wp-json\/wp\/v2\/types\/page"}],"author":[{"embeddable":true,"href":"https:\/\/aronazarar.com\/tr\/wp-json\/wp\/v2\/users\/1"}],"replies":[{"embeddable":true,"href":"https:\/\/aronazarar.com\/tr\/wp-json\/wp\/v2\/comments?post=785"}],"version-history":[{"count":27,"href":"https:\/\/aronazarar.com\/tr\/wp-json\/wp\/v2\/pages\/785\/revisions"}],"predecessor-version":[{"id":1230,"href":"https:\/\/aronazarar.com\/tr\/wp-json\/wp\/v2\/pages\/785\/revisions\/1230"}],"wp:attachment":[{"href":"https:\/\/aronazarar.com\/tr\/wp-json\/wp\/v2\/media?parent=785"}],"curies":[{"name":"wp","href":"https:\/\/api.w.org\/{rel}","templated":true}]}}