{"id":672,"date":"2025-10-23T22:51:46","date_gmt":"2025-10-23T21:51:46","guid":{"rendered":"https:\/\/aronazarar.com\/?page_id=672"},"modified":"2025-12-18T20:50:51","modified_gmt":"2025-12-18T19:50:51","slug":"sartlar-kosullar","status":"publish","type":"page","link":"https:\/\/aronazarar.com\/tr\/sartlar-kosullar\/","title":{"rendered":"\u015eartlar ve Ko\u015fullar"},"content":{"rendered":"<h3 data-start=\"2691\" data-end=\"2726\"><strong data-start=\"2691\" data-end=\"2710\">Y\u00fcr\u00fcrl\u00fck Tarihi:<\/strong> 3 Kas\u0131m 2025<\/h3>\n<h2 data-start=\"2728\" data-end=\"2745\">1. Kabul<\/h2>\n<h3 data-start=\"2746\" data-end=\"2826\">Bu web sitesini ve hizmetlerini kullanarak, bu H\u00fck\u00fcm ve Ko\u015fullar\u0131 kabul etmi\u015f olursunuz.<\/h3>\n<h2 data-start=\"2828\" data-end=\"2843\">2. Hizmetler<\/h2>\n<h3 data-start=\"2844\" data-end=\"3043\">AronAzarAr, yapay zeka i\u00e7eri\u011fi olu\u015fturma, e\u011fitim kaynaklar\u0131, dan\u0131\u015fmanl\u0131k ve stratejik tavsiyeler sa\u011flar. T\u00fcm hizmetler <strong data-start=\"2970\" data-end=\"3005\">sadece bilgilendirme ama\u00e7l\u0131d\u0131r<\/strong> aksi a\u00e7\u0131k\u00e7a kararla\u015ft\u0131r\u0131lmad\u0131k\u00e7a.<\/h3>\n<h2 data-start=\"3045\" data-end=\"3073\">3. Kullan\u0131c\u0131 Sorumluluklar\u0131<\/h2>\n<ul data-start=\"3074\" data-end=\"3245\">\n<li data-start=\"3074\" data-end=\"3118\">\n<h3 data-start=\"3076\" data-end=\"3118\">Kullan\u0131c\u0131lar do\u011fru bilgi vermelidir.<\/h3>\n<\/li>\n<li data-start=\"3119\" data-end=\"3178\">\n<h3 data-start=\"3121\" data-end=\"3178\">Kullan\u0131c\u0131lar web sitesini, i\u00e7eri\u011fi veya hizmetleri k\u00f6t\u00fcye kullanamaz.<\/h3>\n<\/li>\n<li data-start=\"3179\" data-end=\"3245\">\n<h3 data-start=\"3181\" data-end=\"3245\">\u0130\u00e7eri\u011fin izinsiz kopyalanmas\u0131 veya da\u011f\u0131t\u0131lmas\u0131 yasakt\u0131r.<\/h3>\n<\/li>\n<\/ul>\n<h2 data-start=\"3247\" data-end=\"3277\">4. Sorumlulu\u011fun S\u0131n\u0131rland\u0131r\u0131lmas\u0131<\/h2>\n<h3 data-start=\"3278\" data-end=\"3419\"><strong data-start=\"3300\" data-end=\"3317\">AronAzarAr sorumlu de\u011fildir<\/strong> hi\u0307zmetleri\u0307mi\u0307zi\u0307n veya web si\u0307temi\u0307zi\u0307n kullanimindan kaynaklanan do\u011frudan, dolayli veya sonu\u00e7 olarak ortaya \u00e7ikan zararlar i\u0307\u00e7i\u0307n.<\/h3>\n<h2 data-start=\"3421\" data-end=\"3435\">5. De\u011fi\u015fiklikler<\/h2>\n<h3 data-start=\"3436\" data-end=\"3565\">Bu H\u00fck\u00fcm ve Ko\u015fullar\u0131 diledi\u011fimiz zaman g\u00fcncelleme hakk\u0131m\u0131z sakl\u0131d\u0131r. Kullan\u0131ma devam edilmesi, g\u00fcncellenmi\u015f \u015fartlar\u0131n kabul edildi\u011fi anlam\u0131na gelir.<\/h3>","protected":false},"excerpt":{"rendered":"<p>Effective Date: 3 nov 2025 1. Acceptance By using this website and its services, you agree to these Terms &amp; Conditions. 2. Services AronAzarAr provides AI content creation, educational resources, consulting, and strategic advice. All services are for informational purposes only unless explicitly agreed otherwise. 3. User Responsibilities Users must provide accurate information. Users may not misuse the website, content, or services. Unauthorized copying or distribution of content is prohibited. 4. Limitation of Liability AronAzarAr is not liable for any direct, indirect, or consequential damages arising from the use of our services or website. 5. Changes We reserve the right to update these Terms &amp; Conditions at any time. Continued use constitutes acceptance of the updated terms.<\/p>","protected":false},"author":1,"featured_media":0,"parent":0,"menu_order":0,"comment_status":"closed","ping_status":"closed","template":"","meta":{"_uag_custom_page_level_css":"","site-sidebar-layout":"default","site-content-layout":"","ast-site-content-layout":"default","site-content-style":"default","site-sidebar-style":"default","ast-global-header-display":"","ast-banner-title-visibility":"","ast-main-header-display":"","ast-hfb-above-header-display":"","ast-hfb-below-header-display":"","ast-hfb-mobile-header-display":"","site-post-title":"","ast-breadcrumbs-content":"","ast-featured-img":"","footer-sml-layout":"","ast-disable-related-posts":"","theme-transparent-header-meta":"","adv-header-id-meta":"","stick-header-meta":"","header-above-stick-meta":"","header-main-stick-meta":"","header-below-stick-meta":"","astra-migrate-meta-layouts":"default","ast-page-background-enabled":"default","ast-page-background-meta":{"desktop":{"background-color":"var(--ast-global-color-4)","background-image":"","background-repeat":"repeat","background-position":"center center","background-size":"auto","background-attachment":"scroll","background-type":"","background-media":"","overlay-type":"","overlay-color":"","overlay-opacity":"","overlay-gradient":""},"tablet":{"background-color":"","background-image":"","background-repeat":"repeat","background-position":"center center","background-size":"auto","background-attachment":"scroll","background-type":"","background-media":"","overlay-type":"","overlay-color":"","overlay-opacity":"","overlay-gradient":""},"mobile":{"background-color":"","background-image":"","background-repeat":"repeat","background-position":"center center","background-size":"auto","background-attachment":"scroll","background-type":"","background-media":"","overlay-type":"","overlay-color":"","overlay-opacity":"","overlay-gradient":""}},"ast-content-background-meta":{"desktop":{"background-color":"var(--ast-global-color-5)","background-image":"","background-repeat":"repeat","background-position":"center center","background-size":"auto","background-attachment":"scroll","background-type":"","background-media":"","overlay-type":"","overlay-color":"","overlay-opacity":"","overlay-gradient":""},"tablet":{"background-color":"var(--ast-global-color-5)","background-image":"","background-repeat":"repeat","background-position":"center center","background-size":"auto","background-attachment":"scroll","background-type":"","background-media":"","overlay-type":"","overlay-color":"","overlay-opacity":"","overlay-gradient":""},"mobile":{"background-color":"var(--ast-global-color-5)","background-image":"","background-repeat":"repeat","background-position":"center center","background-size":"auto","background-attachment":"scroll","background-type":"","background-media":"","overlay-type":"","overlay-color":"","overlay-opacity":"","overlay-gradient":""}},"footnotes":""},"class_list":["post-672","page","type-page","status-publish","hentry"],"yoast_head":"<!-- This site is optimized with the Yoast SEO plugin v27.5 - https:\/\/yoast.com\/product\/yoast-seo-wordpress\/ -->\n<title>Terms &amp; Conditions - AronAzarAr<\/title>\n<meta name=\"description\" content=\"Terms &amp; Conditions for aronazarar.com outlining service use, responsibilities, limitations, and user obligations.\" \/>\n<meta name=\"robots\" content=\"index, follow, max-snippet:-1, max-image-preview:large, max-video-preview:-1\" \/>\n<link rel=\"canonical\" href=\"https:\/\/aronazarar.com\/tr\/sartlar-kosullar\/\" \/>\n<meta property=\"og:locale\" content=\"tr_TR\" \/>\n<meta property=\"og:type\" content=\"article\" \/>\n<meta property=\"og:title\" content=\"Terms &amp; Conditions - AronAzarAr\" \/>\n<meta property=\"og:description\" content=\"Terms &amp; Conditions for aronazarar.com outlining service use, responsibilities, limitations, and user obligations.\" \/>\n<meta property=\"og:url\" content=\"https:\/\/aronazarar.com\/tr\/sartlar-kosullar\/\" \/>\n<meta property=\"og:site_name\" content=\"AronAzarAr\" \/>\n<meta property=\"article:modified_time\" content=\"2025-12-18T19:50:51+00:00\" \/>\n<meta name=\"twitter:card\" content=\"summary_large_image\" \/>\n<meta name=\"twitter:label1\" content=\"Tahmini okuma s\u00fcresi\" \/>\n\t<meta name=\"twitter:data1\" content=\"1 dakika\" \/>\n<script type=\"application\/ld+json\" class=\"yoast-schema-graph\">{\"@context\":\"https:\\\/\\\/schema.org\",\"@graph\":[{\"@type\":\"WebPage\",\"@id\":\"https:\\\/\\\/aronazarar.com\\\/terms-conditions\\\/\",\"url\":\"https:\\\/\\\/aronazarar.com\\\/terms-conditions\\\/\",\"name\":\"Terms &amp; Conditions - AronAzarAr\",\"isPartOf\":{\"@id\":\"https:\\\/\\\/aronazarar.com\\\/#website\"},\"datePublished\":\"2025-10-23T21:51:46+00:00\",\"dateModified\":\"2025-12-18T19:50:51+00:00\",\"description\":\"Terms & Conditions for aronazarar.com outlining service use, responsibilities, limitations, and user obligations.\",\"breadcrumb\":{\"@id\":\"https:\\\/\\\/aronazarar.com\\\/terms-conditions\\\/#breadcrumb\"},\"inLanguage\":\"tr\",\"potentialAction\":[{\"@type\":\"ReadAction\",\"target\":[\"https:\\\/\\\/aronazarar.com\\\/terms-conditions\\\/\"]}]},{\"@type\":\"BreadcrumbList\",\"@id\":\"https:\\\/\\\/aronazarar.com\\\/terms-conditions\\\/#breadcrumb\",\"itemListElement\":[{\"@type\":\"ListItem\",\"position\":1,\"name\":\"Kezd\u0151lap\",\"item\":\"https:\\\/\\\/aronazarar.com\\\/\"},{\"@type\":\"ListItem\",\"position\":2,\"name\":\"Terms &amp; Conditions\"}]},{\"@type\":\"WebSite\",\"@id\":\"https:\\\/\\\/aronazarar.com\\\/#website\",\"url\":\"https:\\\/\\\/aronazarar.com\\\/\",\"name\":\"AronAzarAr\",\"description\":\"Mesters\u00e9ges Intelligencia - Artificial Intelligence\",\"publisher\":{\"@id\":\"https:\\\/\\\/aronazarar.com\\\/#organization\"},\"potentialAction\":[{\"@type\":\"SearchAction\",\"target\":{\"@type\":\"EntryPoint\",\"urlTemplate\":\"https:\\\/\\\/aronazarar.com\\\/?s={search_term_string}\"},\"query-input\":{\"@type\":\"PropertyValueSpecification\",\"valueRequired\":true,\"valueName\":\"search_term_string\"}}],\"inLanguage\":\"tr\"},{\"@type\":\"Organization\",\"@id\":\"https:\\\/\\\/aronazarar.com\\\/#organization\",\"name\":\"AronAzarAr\",\"url\":\"https:\\\/\\\/aronazarar.com\\\/\",\"logo\":{\"@type\":\"ImageObject\",\"inLanguage\":\"tr\",\"@id\":\"https:\\\/\\\/aronazarar.com\\\/#\\\/schema\\\/logo\\\/image\\\/\",\"url\":\"https:\\\/\\\/aronazarar.com\\\/wp-content\\\/uploads\\\/2025\\\/09\\\/cropped-cropped-AronAzarAr-Logo.png\",\"contentUrl\":\"https:\\\/\\\/aronazarar.com\\\/wp-content\\\/uploads\\\/2025\\\/09\\\/cropped-cropped-AronAzarAr-Logo.png\",\"width\":512,\"height\":512,\"caption\":\"AronAzarAr\"},\"image\":{\"@id\":\"https:\\\/\\\/aronazarar.com\\\/#\\\/schema\\\/logo\\\/image\\\/\"}}]}<\/script>\n<!-- \/ Yoast SEO plugin. -->","yoast_head_json":{"title":"Terms &amp; Conditions - AronAzarAr","description":"Hizmet kullan\u0131m\u0131, sorumluluklar, s\u0131n\u0131rlamalar ve kullan\u0131c\u0131 y\u00fck\u00fcml\u00fcl\u00fcklerini \u00f6zetleyen aronazarar.com i\u00e7in H\u00fck\u00fcm ve Ko\u015fullar.","robots":{"index":"index","follow":"follow","max-snippet":"max-snippet:-1","max-image-preview":"max-image-preview:large","max-video-preview":"max-video-preview:-1"},"canonical":"https:\/\/aronazarar.com\/tr\/sartlar-kosullar\/","og_locale":"tr_TR","og_type":"article","og_title":"Terms &amp; Conditions - AronAzarAr","og_description":"Terms & Conditions for aronazarar.com outlining service use, responsibilities, limitations, and user obligations.","og_url":"https:\/\/aronazarar.com\/tr\/sartlar-kosullar\/","og_site_name":"AronAzarAr","article_modified_time":"2025-12-18T19:50:51+00:00","twitter_card":"summary_large_image","twitter_misc":{"Tahmini okuma s\u00fcresi":"1 dakika"},"schema":{"@context":"https:\/\/schema.org","@graph":[{"@type":"WebPage","@id":"https:\/\/aronazarar.com\/terms-conditions\/","url":"https:\/\/aronazarar.com\/terms-conditions\/","name":"Terms &amp; Conditions - AronAzarAr","isPartOf":{"@id":"https:\/\/aronazarar.com\/#website"},"datePublished":"2025-10-23T21:51:46+00:00","dateModified":"2025-12-18T19:50:51+00:00","description":"Hizmet kullan\u0131m\u0131, sorumluluklar, s\u0131n\u0131rlamalar ve kullan\u0131c\u0131 y\u00fck\u00fcml\u00fcl\u00fcklerini \u00f6zetleyen aronazarar.com i\u00e7in H\u00fck\u00fcm ve Ko\u015fullar.","breadcrumb":{"@id":"https:\/\/aronazarar.com\/terms-conditions\/#breadcrumb"},"inLanguage":"tr","potentialAction":[{"@type":"ReadAction","target":["https:\/\/aronazarar.com\/terms-conditions\/"]}]},{"@type":"BreadcrumbList","@id":"https:\/\/aronazarar.com\/terms-conditions\/#breadcrumb","itemListElement":[{"@type":"ListItem","position":1,"name":"Kezd\u0151lap","item":"https:\/\/aronazarar.com\/"},{"@type":"ListItem","position":2,"name":"Terms &amp; Conditions"}]},{"@type":"WebSite","@id":"https:\/\/aronazarar.com\/#website","url":"https:\/\/aronazarar.com\/","name":"AronAzarAr","description":"Mesters\u00e9ges Intelligencia - Yapay Zeka","publisher":{"@id":"https:\/\/aronazarar.com\/#organization"},"potentialAction":[{"@type":"SearchAction","target":{"@type":"EntryPoint","urlTemplate":"https:\/\/aronazarar.com\/?s={search_term_string}"},"query-input":{"@type":"PropertyValueSpecification","valueRequired":true,"valueName":"search_term_string"}}],"inLanguage":"tr"},{"@type":"Organization","@id":"https:\/\/aronazarar.com\/#organization","name":"AronAzarAr","url":"https:\/\/aronazarar.com\/","logo":{"@type":"ImageObject","inLanguage":"tr","@id":"https:\/\/aronazarar.com\/#\/schema\/logo\/image\/","url":"https:\/\/aronazarar.com\/wp-content\/uploads\/2025\/09\/cropped-cropped-AronAzarAr-Logo.png","contentUrl":"https:\/\/aronazarar.com\/wp-content\/uploads\/2025\/09\/cropped-cropped-AronAzarAr-Logo.png","width":512,"height":512,"caption":"AronAzarAr"},"image":{"@id":"https:\/\/aronazarar.com\/#\/schema\/logo\/image\/"}}]}},"_hostinger_reach_plugin_has_subscription_block":false,"_hostinger_reach_plugin_is_elementor":false,"uagb_featured_image_src":{"full":false,"thumbnail":false,"medium":false,"medium_large":false,"large":false,"1536x1536":false,"2048x2048":false,"trp-custom-language-flag":false},"uagb_author_info":{"display_name":"AronAzarAr","author_link":"https:\/\/aronazarar.com\/tr\/author\/aronazarargmail-com\/"},"uagb_comment_info":0,"uagb_excerpt":"Effective Date: 3 nov 2025 1. Acceptance By using this website and its services, you agree to these Terms &amp; Conditions. 2. Services AronAzarAr provides AI content creation, educational resources, consulting, and strategic advice. All services are for informational purposes only unless explicitly agreed otherwise. 3. User Responsibilities Users must provide accurate information. Users may&hellip;","jetpack_sharing_enabled":true,"_links":{"self":[{"href":"https:\/\/aronazarar.com\/tr\/wp-json\/wp\/v2\/pages\/672","targetHints":{"allow":["GET"]}}],"collection":[{"href":"https:\/\/aronazarar.com\/tr\/wp-json\/wp\/v2\/pages"}],"about":[{"href":"https:\/\/aronazarar.com\/tr\/wp-json\/wp\/v2\/types\/page"}],"author":[{"embeddable":true,"href":"https:\/\/aronazarar.com\/tr\/wp-json\/wp\/v2\/users\/1"}],"replies":[{"embeddable":true,"href":"https:\/\/aronazarar.com\/tr\/wp-json\/wp\/v2\/comments?post=672"}],"version-history":[{"count":13,"href":"https:\/\/aronazarar.com\/tr\/wp-json\/wp\/v2\/pages\/672\/revisions"}],"predecessor-version":[{"id":776,"href":"https:\/\/aronazarar.com\/tr\/wp-json\/wp\/v2\/pages\/672\/revisions\/776"}],"wp:attachment":[{"href":"https:\/\/aronazarar.com\/tr\/wp-json\/wp\/v2\/media?parent=672"}],"curies":[{"name":"wp","href":"https:\/\/api.w.org\/{rel}","templated":true}]}}