{"id":664,"date":"2025-10-23T22:49:23","date_gmt":"2025-10-23T21:49:23","guid":{"rendered":"https:\/\/aronazarar.com\/?page_id=664"},"modified":"2025-11-03T22:09:16","modified_gmt":"2025-11-03T21:09:16","slug":"gizlilik-politikasi","status":"publish","type":"page","link":"https:\/\/aronazarar.com\/tr\/gizlilik-politikasi\/","title":{"rendered":"Gizlilik Politikas\u0131"},"content":{"rendered":"<div data-elementor-type=\"wp-page\" data-elementor-id=\"664\" class=\"elementor elementor-664\">\n\t\t\t\t<div class=\"elementor-element elementor-element-1a9a4508 e-flex e-con-boxed wpr-particle-no wpr-jarallax-no wpr-parallax-no wpr-sticky-section-no wpr-equal-height-no e-con e-parent\" data-id=\"1a9a4508\" data-element_type=\"container\" data-e-type=\"container\">\n\t\t\t\t\t<div class=\"e-con-inner\">\n\t\t\t\t<div class=\"elementor-element elementor-element-42b5aec9 elementor-widget elementor-widget-text-editor\" data-id=\"42b5aec9\" data-element_type=\"widget\" data-e-type=\"widget\" data-widget_type=\"text-editor.default\">\n\t\t\t\t\t\t\t\t\t<h3><\/h3>\n<h3 data-start=\"1465\" data-end=\"1562\"><strong data-start=\"1465\" data-end=\"1484\">Y\u00fcr\u00fcrl\u00fck Tarihi:<\/strong> 3 Kas\u0131m 2025<br data-start=\"1498\" data-end=\"1501\" \/><strong data-start=\"1501\" data-end=\"1513\">Web sitesi:<\/strong> aronazarar.com<br data-start=\"1530\" data-end=\"1533\" \/><strong data-start=\"1533\" data-end=\"1545\">\u0130leti\u015fim:<\/strong> ar@aronazarar.com<\/h3>\n<h2 data-start=\"1564\" data-end=\"1583\">1. Giri\u015f<\/h2>\n<h3 data-start=\"1584\" data-end=\"1744\">AronAzarAr ki\u015fisel verilerinizi korumay\u0131 taahh\u00fct eder. Bu politika, hangi verileri toplad\u0131\u011f\u0131m\u0131z\u0131, bunlar\u0131 nas\u0131l kulland\u0131\u011f\u0131m\u0131z\u0131 ve GDPR kapsam\u0131ndaki haklar\u0131n\u0131z\u0131 a\u00e7\u0131klamaktad\u0131r.<\/h3>\n<h2 data-start=\"1746\" data-end=\"1767\">2. Toplanan Veriler<\/h2>\n<ul data-start=\"1768\" data-end=\"1990\">\n<li data-start=\"1768\" data-end=\"1831\">\n<h3 data-start=\"1770\" data-end=\"1831\"><strong data-start=\"1770\" data-end=\"1788\">Ki\u015fisel veriler:<\/strong> \u0130sim, e-posta, telefon (\u00f6rn. ileti\u015fim formlar\u0131)<\/h3>\n<\/li>\n<li data-start=\"1832\" data-end=\"1906\">\n<h3 data-start=\"1834\" data-end=\"1906\"><strong data-start=\"1834\" data-end=\"1853\">Teknik veriler:<\/strong> IP adresi, taray\u0131c\u0131 t\u00fcr\u00fc, cihaz, ziyaret zaman damgalar\u0131<\/h3>\n<\/li>\n<li data-start=\"1907\" data-end=\"1990\">\n<h3 data-start=\"1909\" data-end=\"1990\"><strong data-start=\"1909\" data-end=\"1934\">\u00c7erezler ve izleyiciler:<\/strong> Site i\u015flevselli\u011fi, analitik ve pazarlama i\u00e7in kullan\u0131l\u0131r<\/h3>\n<\/li>\n<\/ul>\n<h2 data-start=\"1992\" data-end=\"2010\">3. Veri Kullan\u0131m\u0131<\/h2>\n<h2 data-start=\"2011\" data-end=\"2028\">Verileri \u015fu ama\u00e7larla kullan\u0131r\u0131z:<\/h2>\n<ul data-start=\"2029\" data-end=\"2186\">\n<li data-start=\"2029\" data-end=\"2053\">\n<h3 data-start=\"2031\" data-end=\"2053\">Sorulara yan\u0131t verin<\/h3>\n<\/li>\n<li data-start=\"2054\" data-end=\"2099\">\n<h3 data-start=\"2056\" data-end=\"2099\">Web sitesi i\u015flevselli\u011fini ve i\u00e7eri\u011fini iyile\u015ftirme<\/h3>\n<\/li>\n<li data-start=\"2100\" data-end=\"2156\">\n<h3 data-start=\"2102\" data-end=\"2156\">Haber b\u00fcltenleri veya pazarlama i\u00e7eri\u011fi g\u00f6nderme (onay ile)<\/h3>\n<\/li>\n<li data-start=\"2157\" data-end=\"2186\">\n<h3 data-start=\"2159\" data-end=\"2186\">Yasal y\u00fck\u00fcml\u00fcl\u00fcklerin yerine getirilmesi<\/h3>\n<\/li>\n<\/ul>\n<h2 data-start=\"2188\" data-end=\"2207\">4. Veri Payla\u015f\u0131m\u0131<\/h2>\n<h3 data-start=\"2208\" data-end=\"2354\">Yasalar\u0131n gerektirdi\u011fi durumlar veya anonimle\u015ftirilmi\u015f analiz hizmetleri (\u00f6rn. Google Analytics) d\u0131\u015f\u0131nda ki\u015fisel verileri \u00fc\u00e7\u00fcnc\u00fc taraflarla payla\u015fmay\u0131z.<\/h3>\n<h2 data-start=\"2356\" data-end=\"2374\">5. Kullan\u0131c\u0131 Haklar\u0131<\/h2>\n<h3 data-start=\"2375\" data-end=\"2399\">Buna hakk\u0131n\u0131z var:<\/h3>\n<ul data-start=\"2400\" data-end=\"2528\">\n<li data-start=\"2400\" data-end=\"2437\">\n<h3 data-start=\"2402\" data-end=\"2437\">Verilerinize eri\u015fin, d\u00fczeltin, silin<\/h3>\n<\/li>\n<li data-start=\"2438\" data-end=\"2461\">\n<h3 data-start=\"2440\" data-end=\"2461\">\u0130\u015flemeyi k\u0131s\u0131tlama<\/h3>\n<\/li>\n<li data-start=\"2462\" data-end=\"2482\">\n<h3 data-start=\"2464\" data-end=\"2482\">Onay\u0131n\u0131z\u0131 geri \u00e7ekin<\/h3>\n<\/li>\n<li data-start=\"2483\" data-end=\"2507\">\n<h3 data-start=\"2485\" data-end=\"2507\">\u0130\u015flemeye itiraz<\/h3>\n<\/li>\n<li data-start=\"2508\" data-end=\"2528\">\n<h3 data-start=\"2510\" data-end=\"2528\">Veri ta\u015f\u0131nabilirli\u011fi<\/h3>\n<\/li>\n<\/ul>\n<h2 data-start=\"2530\" data-end=\"2544\">6. \u0130leti\u015fim<\/h2>\n<h3 data-start=\"2545\" data-end=\"2626\">Sorular\u0131n\u0131z veya haklar\u0131n\u0131z\u0131 kullanmak i\u00e7in ar@aronazarar.com adresinden bize ula\u015f\u0131n.<\/h3>\n<h3><\/h3>\n<h3>\u00a0<\/h3>\n<h3><\/h3>\t\t\t\t\t\t\t\t<\/div>\n\t\t\t\t\t<\/div>\n\t\t\t\t<\/div>\n\t\t\t\t<\/div>","protected":false},"excerpt":{"rendered":"<p>Effective Date: 3 nov 2025Website: aronazarar.comContact: ar@aronazarar.com 1. Introduction AronAzarAr is committed to protecting your personal data. This policy explains what data we collect, how we use it, and your rights under the GDPR. 2. Data Collected Personal data: Name, email, phone (e.g., contact forms) Technical data: IP address, browser type, device, visit timestamps Cookies and trackers: Used for site functionality, analytics, and marketing 3. Use of Data We use data to: Respond to inquiries Improve website functionality and content Send newsletters or marketing content (with consent) Fulfill legal obligations 4. Data Sharing We do not share personal data with third parties except as required by law or when using anonymized analytics services (e.g., Google Analytics). 5. User Rights You have the right to: Access, correct, delete your data Restrict processing Withdraw consent Object to processing Data portability 6. Contact For any questions or to exercise your rights, contact us at ar@aronazarar.com \u00a0<\/p>","protected":false},"author":1,"featured_media":0,"parent":0,"menu_order":0,"comment_status":"closed","ping_status":"closed","template":"","meta":{"_uag_custom_page_level_css":"","site-sidebar-layout":"default","site-content-layout":"","ast-site-content-layout":"default","site-content-style":"default","site-sidebar-style":"default","ast-global-header-display":"","ast-banner-title-visibility":"","ast-main-header-display":"","ast-hfb-above-header-display":"","ast-hfb-below-header-display":"","ast-hfb-mobile-header-display":"","site-post-title":"","ast-breadcrumbs-content":"","ast-featured-img":"","footer-sml-layout":"","ast-disable-related-posts":"","theme-transparent-header-meta":"","adv-header-id-meta":"","stick-header-meta":"","header-above-stick-meta":"","header-main-stick-meta":"","header-below-stick-meta":"","astra-migrate-meta-layouts":"default","ast-page-background-enabled":"default","ast-page-background-meta":{"desktop":{"background-color":"var(--ast-global-color-4)","background-image":"","background-repeat":"repeat","background-position":"center center","background-size":"auto","background-attachment":"scroll","background-type":"","background-media":"","overlay-type":"","overlay-color":"","overlay-opacity":"","overlay-gradient":""},"tablet":{"background-color":"","background-image":"","background-repeat":"repeat","background-position":"center center","background-size":"auto","background-attachment":"scroll","background-type":"","background-media":"","overlay-type":"","overlay-color":"","overlay-opacity":"","overlay-gradient":""},"mobile":{"background-color":"","background-image":"","background-repeat":"repeat","background-position":"center center","background-size":"auto","background-attachment":"scroll","background-type":"","background-media":"","overlay-type":"","overlay-color":"","overlay-opacity":"","overlay-gradient":""}},"ast-content-background-meta":{"desktop":{"background-color":"var(--ast-global-color-5)","background-image":"","background-repeat":"repeat","background-position":"center center","background-size":"auto","background-attachment":"scroll","background-type":"","background-media":"","overlay-type":"","overlay-color":"","overlay-opacity":"","overlay-gradient":""},"tablet":{"background-color":"var(--ast-global-color-5)","background-image":"","background-repeat":"repeat","background-position":"center center","background-size":"auto","background-attachment":"scroll","background-type":"","background-media":"","overlay-type":"","overlay-color":"","overlay-opacity":"","overlay-gradient":""},"mobile":{"background-color":"var(--ast-global-color-5)","background-image":"","background-repeat":"repeat","background-position":"center center","background-size":"auto","background-attachment":"scroll","background-type":"","background-media":"","overlay-type":"","overlay-color":"","overlay-opacity":"","overlay-gradient":""}},"footnotes":""},"class_list":["post-664","page","type-page","status-publish","hentry"],"yoast_head":"<!-- This site is optimized with the Yoast SEO plugin v27.5 - https:\/\/yoast.com\/product\/yoast-seo-wordpress\/ -->\n<title>Privacy Policy - AronAzarAr<\/title>\n<meta name=\"description\" content=\"aronazarar.com privacy policy explains how we collect, use, and protect personal data per GDPR guidelines.\" \/>\n<meta name=\"robots\" content=\"index, follow, max-snippet:-1, max-image-preview:large, max-video-preview:-1\" \/>\n<link rel=\"canonical\" href=\"https:\/\/aronazarar.com\/tr\/gizlilik-politikasi\/\" \/>\n<meta property=\"og:locale\" content=\"tr_TR\" \/>\n<meta property=\"og:type\" content=\"article\" \/>\n<meta property=\"og:title\" content=\"Privacy Policy - AronAzarAr\" \/>\n<meta property=\"og:description\" content=\"aronazarar.com privacy policy explains how we collect, use, and protect personal data per GDPR guidelines.\" \/>\n<meta property=\"og:url\" content=\"https:\/\/aronazarar.com\/tr\/gizlilik-politikasi\/\" \/>\n<meta property=\"og:site_name\" content=\"AronAzarAr\" \/>\n<meta property=\"article:modified_time\" content=\"2025-11-03T21:09:16+00:00\" \/>\n<meta name=\"twitter:card\" content=\"summary_large_image\" \/>\n<meta name=\"twitter:label1\" content=\"Tahmini okuma s\u00fcresi\" \/>\n\t<meta name=\"twitter:data1\" content=\"1 dakika\" \/>\n<script type=\"application\/ld+json\" class=\"yoast-schema-graph\">{\"@context\":\"https:\\\/\\\/schema.org\",\"@graph\":[{\"@type\":\"WebPage\",\"@id\":\"https:\\\/\\\/aronazarar.com\\\/privacy-policy\\\/\",\"url\":\"https:\\\/\\\/aronazarar.com\\\/privacy-policy\\\/\",\"name\":\"Privacy Policy - AronAzarAr\",\"isPartOf\":{\"@id\":\"https:\\\/\\\/aronazarar.com\\\/#website\"},\"datePublished\":\"2025-10-23T21:49:23+00:00\",\"dateModified\":\"2025-11-03T21:09:16+00:00\",\"description\":\"aronazarar.com privacy policy explains how we collect, use, and protect personal data per GDPR guidelines.\",\"breadcrumb\":{\"@id\":\"https:\\\/\\\/aronazarar.com\\\/privacy-policy\\\/#breadcrumb\"},\"inLanguage\":\"tr\",\"potentialAction\":[{\"@type\":\"ReadAction\",\"target\":[\"https:\\\/\\\/aronazarar.com\\\/privacy-policy\\\/\"]}]},{\"@type\":\"BreadcrumbList\",\"@id\":\"https:\\\/\\\/aronazarar.com\\\/privacy-policy\\\/#breadcrumb\",\"itemListElement\":[{\"@type\":\"ListItem\",\"position\":1,\"name\":\"Kezd\u0151lap\",\"item\":\"https:\\\/\\\/aronazarar.com\\\/\"},{\"@type\":\"ListItem\",\"position\":2,\"name\":\"Privacy Policy\"}]},{\"@type\":\"WebSite\",\"@id\":\"https:\\\/\\\/aronazarar.com\\\/#website\",\"url\":\"https:\\\/\\\/aronazarar.com\\\/\",\"name\":\"AronAzarAr\",\"description\":\"Mesters\u00e9ges Intelligencia - Artificial Intelligence\",\"publisher\":{\"@id\":\"https:\\\/\\\/aronazarar.com\\\/#organization\"},\"potentialAction\":[{\"@type\":\"SearchAction\",\"target\":{\"@type\":\"EntryPoint\",\"urlTemplate\":\"https:\\\/\\\/aronazarar.com\\\/?s={search_term_string}\"},\"query-input\":{\"@type\":\"PropertyValueSpecification\",\"valueRequired\":true,\"valueName\":\"search_term_string\"}}],\"inLanguage\":\"tr\"},{\"@type\":\"Organization\",\"@id\":\"https:\\\/\\\/aronazarar.com\\\/#organization\",\"name\":\"AronAzarAr\",\"url\":\"https:\\\/\\\/aronazarar.com\\\/\",\"logo\":{\"@type\":\"ImageObject\",\"inLanguage\":\"tr\",\"@id\":\"https:\\\/\\\/aronazarar.com\\\/#\\\/schema\\\/logo\\\/image\\\/\",\"url\":\"https:\\\/\\\/aronazarar.com\\\/wp-content\\\/uploads\\\/2025\\\/09\\\/cropped-cropped-AronAzarAr-Logo.png\",\"contentUrl\":\"https:\\\/\\\/aronazarar.com\\\/wp-content\\\/uploads\\\/2025\\\/09\\\/cropped-cropped-AronAzarAr-Logo.png\",\"width\":512,\"height\":512,\"caption\":\"AronAzarAr\"},\"image\":{\"@id\":\"https:\\\/\\\/aronazarar.com\\\/#\\\/schema\\\/logo\\\/image\\\/\"}}]}<\/script>\n<!-- \/ Yoast SEO plugin. -->","yoast_head_json":{"title":"Gizlilik Politikas\u0131 - AronAzarAr","description":"aronazarar.com gizlilik politikas\u0131, GDPR y\u00f6nergelerine g\u00f6re ki\u015fisel verileri nas\u0131l toplad\u0131\u011f\u0131m\u0131z\u0131, kulland\u0131\u011f\u0131m\u0131z\u0131 ve korudu\u011fumuzu a\u00e7\u0131klar.","robots":{"index":"index","follow":"follow","max-snippet":"max-snippet:-1","max-image-preview":"max-image-preview:large","max-video-preview":"max-video-preview:-1"},"canonical":"https:\/\/aronazarar.com\/tr\/gizlilik-politikasi\/","og_locale":"tr_TR","og_type":"article","og_title":"Privacy Policy - AronAzarAr","og_description":"aronazarar.com privacy policy explains how we collect, use, and protect personal data per GDPR guidelines.","og_url":"https:\/\/aronazarar.com\/tr\/gizlilik-politikasi\/","og_site_name":"AronAzarAr","article_modified_time":"2025-11-03T21:09:16+00:00","twitter_card":"summary_large_image","twitter_misc":{"Tahmini okuma s\u00fcresi":"1 dakika"},"schema":{"@context":"https:\/\/schema.org","@graph":[{"@type":"WebPage","@id":"https:\/\/aronazarar.com\/privacy-policy\/","url":"https:\/\/aronazarar.com\/privacy-policy\/","name":"Gizlilik Politikas\u0131 - AronAzarAr","isPartOf":{"@id":"https:\/\/aronazarar.com\/#website"},"datePublished":"2025-10-23T21:49:23+00:00","dateModified":"2025-11-03T21:09:16+00:00","description":"aronazarar.com gizlilik politikas\u0131, GDPR y\u00f6nergelerine g\u00f6re ki\u015fisel verileri nas\u0131l toplad\u0131\u011f\u0131m\u0131z\u0131, kulland\u0131\u011f\u0131m\u0131z\u0131 ve korudu\u011fumuzu a\u00e7\u0131klar.","breadcrumb":{"@id":"https:\/\/aronazarar.com\/privacy-policy\/#breadcrumb"},"inLanguage":"tr","potentialAction":[{"@type":"ReadAction","target":["https:\/\/aronazarar.com\/privacy-policy\/"]}]},{"@type":"BreadcrumbList","@id":"https:\/\/aronazarar.com\/privacy-policy\/#breadcrumb","itemListElement":[{"@type":"ListItem","position":1,"name":"Kezd\u0151lap","item":"https:\/\/aronazarar.com\/"},{"@type":"ListItem","position":2,"name":"Privacy Policy"}]},{"@type":"WebSite","@id":"https:\/\/aronazarar.com\/#website","url":"https:\/\/aronazarar.com\/","name":"AronAzarAr","description":"Mesters\u00e9ges Intelligencia - Yapay Zeka","publisher":{"@id":"https:\/\/aronazarar.com\/#organization"},"potentialAction":[{"@type":"SearchAction","target":{"@type":"EntryPoint","urlTemplate":"https:\/\/aronazarar.com\/?s={search_term_string}"},"query-input":{"@type":"PropertyValueSpecification","valueRequired":true,"valueName":"search_term_string"}}],"inLanguage":"tr"},{"@type":"Organization","@id":"https:\/\/aronazarar.com\/#organization","name":"AronAzarAr","url":"https:\/\/aronazarar.com\/","logo":{"@type":"ImageObject","inLanguage":"tr","@id":"https:\/\/aronazarar.com\/#\/schema\/logo\/image\/","url":"https:\/\/aronazarar.com\/wp-content\/uploads\/2025\/09\/cropped-cropped-AronAzarAr-Logo.png","contentUrl":"https:\/\/aronazarar.com\/wp-content\/uploads\/2025\/09\/cropped-cropped-AronAzarAr-Logo.png","width":512,"height":512,"caption":"AronAzarAr"},"image":{"@id":"https:\/\/aronazarar.com\/#\/schema\/logo\/image\/"}}]}},"_hostinger_reach_plugin_has_subscription_block":false,"_hostinger_reach_plugin_is_elementor":false,"uagb_featured_image_src":{"full":false,"thumbnail":false,"medium":false,"medium_large":false,"large":false,"1536x1536":false,"2048x2048":false,"trp-custom-language-flag":false},"uagb_author_info":{"display_name":"AronAzarAr","author_link":"https:\/\/aronazarar.com\/tr\/author\/aronazarargmail-com\/"},"uagb_comment_info":0,"uagb_excerpt":"Effective Date: 3 nov 2025Website: aronazarar.comContact: ar@aronazarar.com 1. Introduction AronAzarAr is committed to protecting your personal data. This policy explains what data we collect, how we use it, and your rights under the GDPR. 2. Data Collected Personal data: Name, email, phone (e.g., contact forms) Technical data: IP address, browser type, device, visit timestamps Cookies&hellip;","jetpack_sharing_enabled":true,"_links":{"self":[{"href":"https:\/\/aronazarar.com\/tr\/wp-json\/wp\/v2\/pages\/664","targetHints":{"allow":["GET"]}}],"collection":[{"href":"https:\/\/aronazarar.com\/tr\/wp-json\/wp\/v2\/pages"}],"about":[{"href":"https:\/\/aronazarar.com\/tr\/wp-json\/wp\/v2\/types\/page"}],"author":[{"embeddable":true,"href":"https:\/\/aronazarar.com\/tr\/wp-json\/wp\/v2\/users\/1"}],"replies":[{"embeddable":true,"href":"https:\/\/aronazarar.com\/tr\/wp-json\/wp\/v2\/comments?post=664"}],"version-history":[{"count":10,"href":"https:\/\/aronazarar.com\/tr\/wp-json\/wp\/v2\/pages\/664\/revisions"}],"predecessor-version":[{"id":773,"href":"https:\/\/aronazarar.com\/tr\/wp-json\/wp\/v2\/pages\/664\/revisions\/773"}],"wp:attachment":[{"href":"https:\/\/aronazarar.com\/tr\/wp-json\/wp\/v2\/media?parent=664"}],"curies":[{"name":"wp","href":"https:\/\/api.w.org\/{rel}","templated":true}]}}