{"id":541,"date":"2025-10-15T21:43:32","date_gmt":"2025-10-15T20:43:32","guid":{"rendered":"https:\/\/aronazarar.com\/?page_id=541"},"modified":"2026-02-25T20:23:02","modified_gmt":"2026-02-25T19:23:02","slug":"hakkinda","status":"publish","type":"page","link":"https:\/\/aronazarar.com\/tr\/hakkinda\/","title":{"rendered":"Hakk\u0131nda"},"content":{"rendered":"<div data-elementor-type=\"wp-page\" data-elementor-id=\"541\" class=\"elementor elementor-541\">\n\t\t\t\t<div class=\"elementor-element elementor-element-35b7975 e-flex e-con-boxed wpr-particle-no wpr-jarallax-no wpr-parallax-no wpr-sticky-section-no wpr-equal-height-no e-con e-parent\" data-id=\"35b7975\" data-element_type=\"container\" data-e-type=\"container\">\n\t\t\t\t\t<div class=\"e-con-inner\">\n\t\t<div class=\"elementor-element elementor-element-0110ecf e-con-full e-flex wpr-particle-no wpr-jarallax-no wpr-parallax-no wpr-sticky-section-no wpr-equal-height-no e-con e-child\" data-id=\"0110ecf\" data-element_type=\"container\" data-e-type=\"container\">\n\t\t\t\t<div class=\"elementor-element elementor-element-a9f9561 elementor-widget elementor-widget-image\" data-id=\"a9f9561\" data-element_type=\"widget\" data-e-type=\"widget\" data-widget_type=\"image.default\">\n\t\t\t\t\t\t\t\t\t\t\t\t\t\t\t<img fetchpriority=\"high\" decoding=\"async\" width=\"806\" height=\"1024\" src=\"https:\/\/aronazarar.com\/wp-content\/uploads\/2025\/10\/AAA0DP-806x1024.jpg\" class=\"attachment-large size-large wp-image-597\" alt=\"aaa0dp\" srcset=\"https:\/\/aronazarar.com\/wp-content\/uploads\/2025\/10\/AAA0DP-806x1024.jpg 806w, https:\/\/aronazarar.com\/wp-content\/uploads\/2025\/10\/AAA0DP-236x300.jpg 236w, https:\/\/aronazarar.com\/wp-content\/uploads\/2025\/10\/AAA0DP-768x976.jpg 768w, https:\/\/aronazarar.com\/wp-content\/uploads\/2025\/10\/AAA0DP-1209x1536.jpg 1209w, https:\/\/aronazarar.com\/wp-content\/uploads\/2025\/10\/AAA0DP-9x12.jpg 9w, https:\/\/aronazarar.com\/wp-content\/uploads\/2025\/10\/AAA0DP.jpg 1612w\" sizes=\"(max-width: 806px) 100vw, 806px\" title=\"Hakk\u0131nda\">\t\t\t\t\t\t\t\t\t\t\t\t\t\t\t<\/div>\n\t\t\t\t<\/div>\n\t\t<div class=\"elementor-element elementor-element-bd0d028 e-con-full e-flex wpr-particle-no wpr-jarallax-no wpr-parallax-no wpr-sticky-section-no wpr-equal-height-no e-con e-child\" data-id=\"bd0d028\" data-element_type=\"container\" data-e-type=\"container\">\n\t\t\t\t<div class=\"elementor-element elementor-element-4fc447e elementor-widget elementor-widget-text-editor\" data-id=\"4fc447e\" data-element_type=\"widget\" data-e-type=\"widget\" data-widget_type=\"text-editor.default\">\n\t\t\t\t\t\t\t\t\t<h3>Merhaba. Ben Aaron Azar Ar. Ka\u011f\u0131t \u00fczerinde, Avrupa'n\u0131n merkezinde, Karpat havzas\u0131nda do\u011fdum. \u0130lk y\u0131llardan beri ofis ve sim\u00fclasyon yaz\u0131l\u0131mlar\u0131 arac\u0131l\u0131\u011f\u0131yla dijital teknolojiyle temas halindeyim.<\/h3><h3>Kendimi ve \u00e7evremi m\u00fcmk\u00fcn olan en \u00fcst d\u00fczeyde s\u00fcrekli e\u011fitirken ve e\u011fitirken, Liseden Bili\u015fim alan\u0131nda m\u00fckemmel bir nota sahip olmak.\u00a0<\/h3><h3>Kendileri ve k\u00fclt\u00fcrleri hakk\u0131nda h\u0131rsl\u0131 olan ve bundan en iyi \u015fekilde yararlanmak isteyen insanlar\u0131 tercih ederim. Bu hem projeler hem de bo\u015f zamanlar i\u00e7in ge\u00e7erli. (\u0130deal olarak ikisi de ayn\u0131d\u0131r).<\/h3><h3>Yapay zeka burada ve onunla birlikte bilincimizi ve potansiyelimizi en iyiye y\u00fckseltebiliyoruz. \u00dclkeler, \u015firketler ve vak\u0131flar gibi kurulu\u015flar, g\u00fc\u00e7, kaynak ve ahlaki de\u011ferler nedeniyle onunla yar\u0131\u015f\u0131yor.\u00a0<\/h3><h3>\u00d6\u011fretti\u011fim \u015feyi \u00f6\u011freniyorum ve beni geli\u015ftiren \u015feyi geli\u015ftiriyorum.\u00a0<\/h3><h3>&#8230;<br \/>Ve siz de bunun bir par\u00e7as\u0131s\u0131n\u0131z.\u00a0<\/h3><h3>Ayr\u0131ca Macaristan'\u0131n yapay zeka, ara\u00e7lar, bilgisayarlar, yaz\u0131l\u0131mlar, uzay, silahlar, refah ve g\u00fcnl\u00fck \u00fcr\u00fcnlerde 1. s\u0131rada yer almas\u0131n\u0131 istiyorum.\u00a0<\/h3>\t\t\t\t\t\t\t\t<\/div>\n\t\t\t\t<\/div>\n\t\t\t\t\t<\/div>\n\t\t\t\t<\/div>\n\t\t\t\t<\/div>","protected":false},"excerpt":{"rendered":"<p>Hello. I am Aaron Azar Ar. On papers, born in the centre of Europe, In the Carpathian-basin. Got in touch with the digital technology since the early years through office- and simulation softwares. Having excellent grade in Informatics from High School while continuously training and educating myself and surroundings at the highest possible level.\u00a0 I prefer people who are ambitious about themselves and their cultures and want to get the best out of it. This is both true for projects and free time. (Ideally, the two are the same). AI is here and together with it we are able to raise our consciousness and potential to the best.\u00a0Organizations like countries, companies and foundations are racing for- and with it because of power, resources and morals.\u00a0 I learn what I teach and develop what develops me.\u00a0 &#8230;And you, are someone in the aspect of it.\u00a0 I&#8217;d also like Hungary to rank 1st in AI, vehicles, computers, softwares, space, weapons, well-being and everyday products.\u00a0<\/p>","protected":false},"author":1,"featured_media":0,"parent":0,"menu_order":0,"comment_status":"closed","ping_status":"closed","template":"","meta":{"_uag_custom_page_level_css":"","site-sidebar-layout":"no-sidebar","site-content-layout":"","ast-site-content-layout":"full-width-container","site-content-style":"default","site-sidebar-style":"default","ast-global-header-display":"","ast-banner-title-visibility":"","ast-main-header-display":"","ast-hfb-above-header-display":"","ast-hfb-below-header-display":"","ast-hfb-mobile-header-display":"","site-post-title":"","ast-breadcrumbs-content":"","ast-featured-img":"disabled","footer-sml-layout":"","ast-disable-related-posts":"","theme-transparent-header-meta":"","adv-header-id-meta":"","stick-header-meta":"","header-above-stick-meta":"","header-main-stick-meta":"","header-below-stick-meta":"","astra-migrate-meta-layouts":"default","ast-page-background-enabled":"default","ast-page-background-meta":{"desktop":{"background-color":"var(--ast-global-color-4)","background-image":"","background-repeat":"repeat","background-position":"center center","background-size":"auto","background-attachment":"scroll","background-type":"","background-media":"","overlay-type":"","overlay-color":"","overlay-opacity":"","overlay-gradient":""},"tablet":{"background-color":"","background-image":"","background-repeat":"repeat","background-position":"center center","background-size":"auto","background-attachment":"scroll","background-type":"","background-media":"","overlay-type":"","overlay-color":"","overlay-opacity":"","overlay-gradient":""},"mobile":{"background-color":"","background-image":"","background-repeat":"repeat","background-position":"center center","background-size":"auto","background-attachment":"scroll","background-type":"","background-media":"","overlay-type":"","overlay-color":"","overlay-opacity":"","overlay-gradient":""}},"ast-content-background-meta":{"desktop":{"background-color":"var(--ast-global-color-5)","background-image":"","background-repeat":"repeat","background-position":"center center","background-size":"auto","background-attachment":"scroll","background-type":"","background-media":"","overlay-type":"","overlay-color":"","overlay-opacity":"","overlay-gradient":""},"tablet":{"background-color":"var(--ast-global-color-5)","background-image":"","background-repeat":"repeat","background-position":"center center","background-size":"auto","background-attachment":"scroll","background-type":"","background-media":"","overlay-type":"","overlay-color":"","overlay-opacity":"","overlay-gradient":""},"mobile":{"background-color":"var(--ast-global-color-5)","background-image":"","background-repeat":"repeat","background-position":"center center","background-size":"auto","background-attachment":"scroll","background-type":"","background-media":"","overlay-type":"","overlay-color":"","overlay-opacity":"","overlay-gradient":""}},"footnotes":""},"class_list":["post-541","page","type-page","status-publish","hentry"],"yoast_head":"<!-- This site is optimized with the Yoast SEO plugin v27.5 - https:\/\/yoast.com\/product\/yoast-seo-wordpress\/ -->\n<title>About - AronAzarAr<\/title>\n<meta name=\"description\" content=\"AI Advisor Aaron Azar Ar. Dedicated to raising human potential. Get bespoke Ethical AI strategy, content, and training.\" \/>\n<meta name=\"robots\" content=\"index, follow, max-snippet:-1, max-image-preview:large, max-video-preview:-1\" \/>\n<link rel=\"canonical\" href=\"https:\/\/aronazarar.com\/tr\/hakkinda\/\" \/>\n<meta property=\"og:locale\" content=\"tr_TR\" \/>\n<meta property=\"og:type\" content=\"article\" \/>\n<meta property=\"og:title\" content=\"About - AronAzarAr\" \/>\n<meta property=\"og:description\" content=\"AI Advisor Aaron Azar Ar. Dedicated to raising human potential. Get bespoke Ethical AI strategy, content, and training.\" \/>\n<meta property=\"og:url\" content=\"https:\/\/aronazarar.com\/tr\/hakkinda\/\" \/>\n<meta property=\"og:site_name\" content=\"AronAzarAr\" \/>\n<meta property=\"article:modified_time\" content=\"2026-02-25T19:23:02+00:00\" \/>\n<meta property=\"og:image\" content=\"https:\/\/aronazarar.com\/wp-content\/uploads\/2025\/10\/AAA0DP.jpg\" \/>\n\t<meta property=\"og:image:width\" content=\"1612\" \/>\n\t<meta property=\"og:image:height\" content=\"2048\" \/>\n\t<meta property=\"og:image:type\" content=\"image\/jpeg\" \/>\n<meta name=\"twitter:card\" content=\"summary_large_image\" \/>\n<meta name=\"twitter:label1\" content=\"Tahmini okuma s\u00fcresi\" \/>\n\t<meta name=\"twitter:data1\" content=\"1 dakika\" \/>\n<script type=\"application\/ld+json\" class=\"yoast-schema-graph\">{\"@context\":\"https:\\\/\\\/schema.org\",\"@graph\":[{\"@type\":\"WebPage\",\"@id\":\"https:\\\/\\\/aronazarar.com\\\/about\\\/\",\"url\":\"https:\\\/\\\/aronazarar.com\\\/about\\\/\",\"name\":\"About - AronAzarAr\",\"isPartOf\":{\"@id\":\"https:\\\/\\\/aronazarar.com\\\/#website\"},\"primaryImageOfPage\":{\"@id\":\"https:\\\/\\\/aronazarar.com\\\/about\\\/#primaryimage\"},\"image\":{\"@id\":\"https:\\\/\\\/aronazarar.com\\\/about\\\/#primaryimage\"},\"thumbnailUrl\":\"https:\\\/\\\/aronazarar.com\\\/wp-content\\\/uploads\\\/2025\\\/10\\\/AAA0DP-806x1024.jpg\",\"datePublished\":\"2025-10-15T20:43:32+00:00\",\"dateModified\":\"2026-02-25T19:23:02+00:00\",\"description\":\"AI Advisor Aaron Azar Ar. Dedicated to raising human potential. Get bespoke Ethical AI strategy, content, and training.\",\"breadcrumb\":{\"@id\":\"https:\\\/\\\/aronazarar.com\\\/about\\\/#breadcrumb\"},\"inLanguage\":\"tr\",\"potentialAction\":[{\"@type\":\"ReadAction\",\"target\":[\"https:\\\/\\\/aronazarar.com\\\/about\\\/\"]}]},{\"@type\":\"ImageObject\",\"inLanguage\":\"tr\",\"@id\":\"https:\\\/\\\/aronazarar.com\\\/about\\\/#primaryimage\",\"url\":\"https:\\\/\\\/aronazarar.com\\\/wp-content\\\/uploads\\\/2025\\\/10\\\/AAA0DP-806x1024.jpg\",\"contentUrl\":\"https:\\\/\\\/aronazarar.com\\\/wp-content\\\/uploads\\\/2025\\\/10\\\/AAA0DP-806x1024.jpg\"},{\"@type\":\"BreadcrumbList\",\"@id\":\"https:\\\/\\\/aronazarar.com\\\/about\\\/#breadcrumb\",\"itemListElement\":[{\"@type\":\"ListItem\",\"position\":1,\"name\":\"Kezd\u0151lap\",\"item\":\"https:\\\/\\\/aronazarar.com\\\/\"},{\"@type\":\"ListItem\",\"position\":2,\"name\":\"About\"}]},{\"@type\":\"WebSite\",\"@id\":\"https:\\\/\\\/aronazarar.com\\\/#website\",\"url\":\"https:\\\/\\\/aronazarar.com\\\/\",\"name\":\"AronAzarAr\",\"description\":\"Mesters\u00e9ges Intelligencia - Artificial Intelligence\",\"publisher\":{\"@id\":\"https:\\\/\\\/aronazarar.com\\\/#organization\"},\"potentialAction\":[{\"@type\":\"SearchAction\",\"target\":{\"@type\":\"EntryPoint\",\"urlTemplate\":\"https:\\\/\\\/aronazarar.com\\\/?s={search_term_string}\"},\"query-input\":{\"@type\":\"PropertyValueSpecification\",\"valueRequired\":true,\"valueName\":\"search_term_string\"}}],\"inLanguage\":\"tr\"},{\"@type\":\"Organization\",\"@id\":\"https:\\\/\\\/aronazarar.com\\\/#organization\",\"name\":\"AronAzarAr\",\"url\":\"https:\\\/\\\/aronazarar.com\\\/\",\"logo\":{\"@type\":\"ImageObject\",\"inLanguage\":\"tr\",\"@id\":\"https:\\\/\\\/aronazarar.com\\\/#\\\/schema\\\/logo\\\/image\\\/\",\"url\":\"https:\\\/\\\/aronazarar.com\\\/wp-content\\\/uploads\\\/2025\\\/09\\\/cropped-cropped-AronAzarAr-Logo.png\",\"contentUrl\":\"https:\\\/\\\/aronazarar.com\\\/wp-content\\\/uploads\\\/2025\\\/09\\\/cropped-cropped-AronAzarAr-Logo.png\",\"width\":512,\"height\":512,\"caption\":\"AronAzarAr\"},\"image\":{\"@id\":\"https:\\\/\\\/aronazarar.com\\\/#\\\/schema\\\/logo\\\/image\\\/\"}}]}<\/script>\n<!-- \/ Yoast SEO plugin. -->","yoast_head_json":{"title":"Hakk\u0131nda - AronAzarAr","description":"Yapay Zeka Dan\u0131\u015fman\u0131 Aaron Azar Ar. \u0130nsan potansiyelini y\u00fckseltmeye adanm\u0131\u015ft\u0131r. Ismarlama Etik Yapay Zeka stratejisi, i\u00e7eri\u011fi ve e\u011fitimi al\u0131n.","robots":{"index":"index","follow":"follow","max-snippet":"max-snippet:-1","max-image-preview":"max-image-preview:large","max-video-preview":"max-video-preview:-1"},"canonical":"https:\/\/aronazarar.com\/tr\/hakkinda\/","og_locale":"tr_TR","og_type":"article","og_title":"About - AronAzarAr","og_description":"AI Advisor Aaron Azar Ar. Dedicated to raising human potential. Get bespoke Ethical AI strategy, content, and training.","og_url":"https:\/\/aronazarar.com\/tr\/hakkinda\/","og_site_name":"AronAzarAr","article_modified_time":"2026-02-25T19:23:02+00:00","og_image":[{"width":1612,"height":2048,"url":"https:\/\/aronazarar.com\/wp-content\/uploads\/2025\/10\/AAA0DP.jpg","type":"image\/jpeg"}],"twitter_card":"summary_large_image","twitter_misc":{"Tahmini okuma s\u00fcresi":"1 dakika"},"schema":{"@context":"https:\/\/schema.org","@graph":[{"@type":"WebPage","@id":"https:\/\/aronazarar.com\/about\/","url":"https:\/\/aronazarar.com\/about\/","name":"Hakk\u0131nda - AronAzarAr","isPartOf":{"@id":"https:\/\/aronazarar.com\/#website"},"primaryImageOfPage":{"@id":"https:\/\/aronazarar.com\/about\/#primaryimage"},"image":{"@id":"https:\/\/aronazarar.com\/about\/#primaryimage"},"thumbnailUrl":"https:\/\/aronazarar.com\/wp-content\/uploads\/2025\/10\/AAA0DP-806x1024.jpg","datePublished":"2025-10-15T20:43:32+00:00","dateModified":"2026-02-25T19:23:02+00:00","description":"Yapay Zeka Dan\u0131\u015fman\u0131 Aaron Azar Ar. \u0130nsan potansiyelini y\u00fckseltmeye adanm\u0131\u015ft\u0131r. Ismarlama Etik Yapay Zeka stratejisi, i\u00e7eri\u011fi ve e\u011fitimi al\u0131n.","breadcrumb":{"@id":"https:\/\/aronazarar.com\/about\/#breadcrumb"},"inLanguage":"tr","potentialAction":[{"@type":"ReadAction","target":["https:\/\/aronazarar.com\/about\/"]}]},{"@type":"ImageObject","inLanguage":"tr","@id":"https:\/\/aronazarar.com\/about\/#primaryimage","url":"https:\/\/aronazarar.com\/wp-content\/uploads\/2025\/10\/AAA0DP-806x1024.jpg","contentUrl":"https:\/\/aronazarar.com\/wp-content\/uploads\/2025\/10\/AAA0DP-806x1024.jpg"},{"@type":"BreadcrumbList","@id":"https:\/\/aronazarar.com\/about\/#breadcrumb","itemListElement":[{"@type":"ListItem","position":1,"name":"Kezd\u0151lap","item":"https:\/\/aronazarar.com\/"},{"@type":"ListItem","position":2,"name":"About"}]},{"@type":"WebSite","@id":"https:\/\/aronazarar.com\/#website","url":"https:\/\/aronazarar.com\/","name":"AronAzarAr","description":"Mesters\u00e9ges Intelligencia - Yapay Zeka","publisher":{"@id":"https:\/\/aronazarar.com\/#organization"},"potentialAction":[{"@type":"SearchAction","target":{"@type":"EntryPoint","urlTemplate":"https:\/\/aronazarar.com\/?s={search_term_string}"},"query-input":{"@type":"PropertyValueSpecification","valueRequired":true,"valueName":"search_term_string"}}],"inLanguage":"tr"},{"@type":"Organization","@id":"https:\/\/aronazarar.com\/#organization","name":"AronAzarAr","url":"https:\/\/aronazarar.com\/","logo":{"@type":"ImageObject","inLanguage":"tr","@id":"https:\/\/aronazarar.com\/#\/schema\/logo\/image\/","url":"https:\/\/aronazarar.com\/wp-content\/uploads\/2025\/09\/cropped-cropped-AronAzarAr-Logo.png","contentUrl":"https:\/\/aronazarar.com\/wp-content\/uploads\/2025\/09\/cropped-cropped-AronAzarAr-Logo.png","width":512,"height":512,"caption":"AronAzarAr"},"image":{"@id":"https:\/\/aronazarar.com\/#\/schema\/logo\/image\/"}}]}},"_hostinger_reach_plugin_has_subscription_block":false,"_hostinger_reach_plugin_is_elementor":false,"uagb_featured_image_src":{"full":false,"thumbnail":false,"medium":false,"medium_large":false,"large":false,"1536x1536":false,"2048x2048":false,"trp-custom-language-flag":false},"uagb_author_info":{"display_name":"AronAzarAr","author_link":"https:\/\/aronazarar.com\/tr\/author\/aronazarargmail-com\/"},"uagb_comment_info":0,"uagb_excerpt":"Hello. I am Aaron Azar Ar. On papers, born in the centre of Europe, In the Carpathian-basin. Got in touch with the digital technology since the early years through office- and simulation softwares. Having excellent grade in Informatics from High School while continuously training and educating myself and surroundings at the highest possible level.\u00a0 I&hellip;","jetpack_sharing_enabled":true,"_links":{"self":[{"href":"https:\/\/aronazarar.com\/tr\/wp-json\/wp\/v2\/pages\/541","targetHints":{"allow":["GET"]}}],"collection":[{"href":"https:\/\/aronazarar.com\/tr\/wp-json\/wp\/v2\/pages"}],"about":[{"href":"https:\/\/aronazarar.com\/tr\/wp-json\/wp\/v2\/types\/page"}],"author":[{"embeddable":true,"href":"https:\/\/aronazarar.com\/tr\/wp-json\/wp\/v2\/users\/1"}],"replies":[{"embeddable":true,"href":"https:\/\/aronazarar.com\/tr\/wp-json\/wp\/v2\/comments?post=541"}],"version-history":[{"count":34,"href":"https:\/\/aronazarar.com\/tr\/wp-json\/wp\/v2\/pages\/541\/revisions"}],"predecessor-version":[{"id":1236,"href":"https:\/\/aronazarar.com\/tr\/wp-json\/wp\/v2\/pages\/541\/revisions\/1236"}],"wp:attachment":[{"href":"https:\/\/aronazarar.com\/tr\/wp-json\/wp\/v2\/media?parent=541"}],"curies":[{"name":"wp","href":"https:\/\/api.w.org\/{rel}","templated":true}]}}