{"id":688,"date":"2025-10-23T23:01:34","date_gmt":"2025-10-23T22:01:34","guid":{"rendered":"https:\/\/aronazarar.com\/?page_id=688"},"modified":"2025-11-03T22:14:24","modified_gmt":"2025-11-03T21:14:24","slug":"prawa-konsumentow","status":"publish","type":"page","link":"https:\/\/aronazarar.com\/pl\/prawa-konsumentow\/","title":{"rendered":"Prawa konsument\u00f3w"},"content":{"rendered":"<div data-elementor-type=\"wp-page\" data-elementor-id=\"688\" class=\"elementor elementor-688\">\n\t\t\t\t<div class=\"elementor-element elementor-element-2f1be058 e-flex e-con-boxed wpr-particle-no wpr-jarallax-no wpr-parallax-no wpr-sticky-section-no wpr-equal-height-no e-con e-parent\" data-id=\"2f1be058\" data-element_type=\"container\" data-e-type=\"container\">\n\t\t\t\t\t<div class=\"e-con-inner\">\n\t\t\t\t<div class=\"elementor-element elementor-element-5daf0472 elementor-widget elementor-widget-text-editor\" data-id=\"5daf0472\" data-element_type=\"widget\" data-e-type=\"widget\" data-widget_type=\"text-editor.default\">\n\t\t\t\t\t\t\t\t\t<h3 data-start=\"3595\" data-end=\"3616\"><strong data-start=\"3595\" data-end=\"3614\">Prawa konsument\u00f3w<\/strong><\/h3>\n<h3 data-start=\"3618\" data-end=\"3756\">AronAzarAr zobowi\u0105zuje si\u0119 do ochrony praw wszystkich konsument\u00f3w zgodnie z obowi\u0105zuj\u0105cymi przepisami, w tym mi\u0119dzy innymi:<\/h3>\n<ul data-start=\"3758\" data-end=\"3992\">\n<li data-start=\"3758\" data-end=\"3815\">\n<h3 data-start=\"3760\" data-end=\"3815\">Prawo do jasnych informacji przed zakupem us\u0142ug<\/h3>\n<\/li>\n<li data-start=\"3816\" data-end=\"3897\">\n<h3 data-start=\"3818\" data-end=\"3897\">Prawo do rezygnacji z p\u0142atnych us\u0142ug w ci\u0105gu 14 dni, je\u015bli dotyczy<\/h3>\n<\/li>\n<li data-start=\"3898\" data-end=\"3940\">\n<h3 data-start=\"3900\" data-end=\"3940\">Prawo do otrzymywania us\u0142ug zgodnie z opisem<\/h3>\n<\/li>\n<li data-start=\"3941\" data-end=\"3992\">\n<h3 data-start=\"3943\" data-end=\"3992\">Prawo do ochrony danych i prywatno\u015bci zgodnie z RODO<\/h3>\n<\/li>\n<\/ul>\n<h3 data-start=\"3994\" data-end=\"4089\"><strong data-start=\"3994\" data-end=\"4006\">Kontakt:<\/strong> W sprawach dotycz\u0105cych praw konsument\u00f3w prosimy o kontakt pod adresem ar@aronazar.com.<\/h3>\t\t\t\t\t\t\t\t<\/div>\n\t\t\t\t\t<\/div>\n\t\t\t\t<\/div>\n\t\t\t\t<\/div>","protected":false},"excerpt":{"rendered":"<p>Consumer Rights AronAzarAr is committed to protecting the rights of all consumers according to applicable laws, including but not limited to: Right to clear information before purchasing services Right to withdraw from paid services within 14 days, if applicable Right to receive services as described Right to data protection and privacy under GDPR Contact: For any issues regarding your consumer rights, contact us at ar@aronazar.com.<\/p>","protected":false},"author":1,"featured_media":0,"parent":0,"menu_order":0,"comment_status":"closed","ping_status":"closed","template":"","meta":{"_uag_custom_page_level_css":"","site-sidebar-layout":"default","site-content-layout":"","ast-site-content-layout":"default","site-content-style":"default","site-sidebar-style":"default","ast-global-header-display":"","ast-banner-title-visibility":"","ast-main-header-display":"","ast-hfb-above-header-display":"","ast-hfb-below-header-display":"","ast-hfb-mobile-header-display":"","site-post-title":"","ast-breadcrumbs-content":"","ast-featured-img":"","footer-sml-layout":"","ast-disable-related-posts":"","theme-transparent-header-meta":"","adv-header-id-meta":"","stick-header-meta":"","header-above-stick-meta":"","header-main-stick-meta":"","header-below-stick-meta":"","astra-migrate-meta-layouts":"default","ast-page-background-enabled":"default","ast-page-background-meta":{"desktop":{"background-color":"var(--ast-global-color-4)","background-image":"","background-repeat":"repeat","background-position":"center center","background-size":"auto","background-attachment":"scroll","background-type":"","background-media":"","overlay-type":"","overlay-color":"","overlay-opacity":"","overlay-gradient":""},"tablet":{"background-color":"","background-image":"","background-repeat":"repeat","background-position":"center center","background-size":"auto","background-attachment":"scroll","background-type":"","background-media":"","overlay-type":"","overlay-color":"","overlay-opacity":"","overlay-gradient":""},"mobile":{"background-color":"","background-image":"","background-repeat":"repeat","background-position":"center center","background-size":"auto","background-attachment":"scroll","background-type":"","background-media":"","overlay-type":"","overlay-color":"","overlay-opacity":"","overlay-gradient":""}},"ast-content-background-meta":{"desktop":{"background-color":"var(--ast-global-color-5)","background-image":"","background-repeat":"repeat","background-position":"center center","background-size":"auto","background-attachment":"scroll","background-type":"","background-media":"","overlay-type":"","overlay-color":"","overlay-opacity":"","overlay-gradient":""},"tablet":{"background-color":"var(--ast-global-color-5)","background-image":"","background-repeat":"repeat","background-position":"center center","background-size":"auto","background-attachment":"scroll","background-type":"","background-media":"","overlay-type":"","overlay-color":"","overlay-opacity":"","overlay-gradient":""},"mobile":{"background-color":"var(--ast-global-color-5)","background-image":"","background-repeat":"repeat","background-position":"center center","background-size":"auto","background-attachment":"scroll","background-type":"","background-media":"","overlay-type":"","overlay-color":"","overlay-opacity":"","overlay-gradient":""}},"footnotes":""},"class_list":["post-688","page","type-page","status-publish","hentry"],"yoast_head":"<!-- This site is optimized with the Yoast SEO plugin v27.5 - https:\/\/yoast.com\/product\/yoast-seo-wordpress\/ -->\n<title>Consumer Rights - AronAzarAr<\/title>\n<meta name=\"description\" content=\"Learn your consumer rights with aronazarar.com, including withdrawal, service info, and GDPR data protection.\" \/>\n<meta name=\"robots\" content=\"index, follow, max-snippet:-1, max-image-preview:large, max-video-preview:-1\" \/>\n<link rel=\"canonical\" href=\"https:\/\/aronazarar.com\/pl\/prawa-konsumentow\/\" \/>\n<meta property=\"og:locale\" content=\"pl_PL\" \/>\n<meta property=\"og:type\" content=\"article\" \/>\n<meta property=\"og:title\" content=\"Consumer Rights - AronAzarAr\" \/>\n<meta property=\"og:description\" content=\"Learn your consumer rights with aronazarar.com, including withdrawal, service info, and GDPR data protection.\" \/>\n<meta property=\"og:url\" content=\"https:\/\/aronazarar.com\/pl\/prawa-konsumentow\/\" \/>\n<meta property=\"og:site_name\" content=\"AronAzarAr\" \/>\n<meta property=\"article:modified_time\" content=\"2025-11-03T21:14:24+00:00\" \/>\n<meta name=\"twitter:card\" content=\"summary_large_image\" \/>\n<meta name=\"twitter:label1\" content=\"Szacowany czas czytania\" \/>\n\t<meta name=\"twitter:data1\" content=\"1 minuta\" \/>\n<script type=\"application\/ld+json\" class=\"yoast-schema-graph\">{\"@context\":\"https:\\\/\\\/schema.org\",\"@graph\":[{\"@type\":\"WebPage\",\"@id\":\"https:\\\/\\\/aronazarar.com\\\/consumer-rights\\\/\",\"url\":\"https:\\\/\\\/aronazarar.com\\\/consumer-rights\\\/\",\"name\":\"Consumer Rights - AronAzarAr\",\"isPartOf\":{\"@id\":\"https:\\\/\\\/aronazarar.com\\\/#website\"},\"datePublished\":\"2025-10-23T22:01:34+00:00\",\"dateModified\":\"2025-11-03T21:14:24+00:00\",\"description\":\"Learn your consumer rights with aronazarar.com, including withdrawal, service info, and GDPR data protection.\",\"breadcrumb\":{\"@id\":\"https:\\\/\\\/aronazarar.com\\\/consumer-rights\\\/#breadcrumb\"},\"inLanguage\":\"pl-PL\",\"potentialAction\":[{\"@type\":\"ReadAction\",\"target\":[\"https:\\\/\\\/aronazarar.com\\\/consumer-rights\\\/\"]}]},{\"@type\":\"BreadcrumbList\",\"@id\":\"https:\\\/\\\/aronazarar.com\\\/consumer-rights\\\/#breadcrumb\",\"itemListElement\":[{\"@type\":\"ListItem\",\"position\":1,\"name\":\"Kezd\u0151lap\",\"item\":\"https:\\\/\\\/aronazarar.com\\\/\"},{\"@type\":\"ListItem\",\"position\":2,\"name\":\"Consumer Rights\"}]},{\"@type\":\"WebSite\",\"@id\":\"https:\\\/\\\/aronazarar.com\\\/#website\",\"url\":\"https:\\\/\\\/aronazarar.com\\\/\",\"name\":\"AronAzarAr\",\"description\":\"Mesters\u00e9ges Intelligencia - Artificial Intelligence\",\"publisher\":{\"@id\":\"https:\\\/\\\/aronazarar.com\\\/#organization\"},\"potentialAction\":[{\"@type\":\"SearchAction\",\"target\":{\"@type\":\"EntryPoint\",\"urlTemplate\":\"https:\\\/\\\/aronazarar.com\\\/?s={search_term_string}\"},\"query-input\":{\"@type\":\"PropertyValueSpecification\",\"valueRequired\":true,\"valueName\":\"search_term_string\"}}],\"inLanguage\":\"pl-PL\"},{\"@type\":\"Organization\",\"@id\":\"https:\\\/\\\/aronazarar.com\\\/#organization\",\"name\":\"AronAzarAr\",\"url\":\"https:\\\/\\\/aronazarar.com\\\/\",\"logo\":{\"@type\":\"ImageObject\",\"inLanguage\":\"pl-PL\",\"@id\":\"https:\\\/\\\/aronazarar.com\\\/#\\\/schema\\\/logo\\\/image\\\/\",\"url\":\"https:\\\/\\\/aronazarar.com\\\/wp-content\\\/uploads\\\/2025\\\/09\\\/cropped-cropped-AronAzarAr-Logo.png\",\"contentUrl\":\"https:\\\/\\\/aronazarar.com\\\/wp-content\\\/uploads\\\/2025\\\/09\\\/cropped-cropped-AronAzarAr-Logo.png\",\"width\":512,\"height\":512,\"caption\":\"AronAzarAr\"},\"image\":{\"@id\":\"https:\\\/\\\/aronazarar.com\\\/#\\\/schema\\\/logo\\\/image\\\/\"}}]}<\/script>\n<!-- \/ Yoast SEO plugin. -->","yoast_head_json":{"title":"Prawa konsumenta - AronAzarAr","description":"Poznaj swoje prawa konsumenckie w aronazar.com, w tym odst\u0105pienie od umowy, informacje o us\u0142ugach i ochron\u0119 danych RODO.","robots":{"index":"index","follow":"follow","max-snippet":"max-snippet:-1","max-image-preview":"max-image-preview:large","max-video-preview":"max-video-preview:-1"},"canonical":"https:\/\/aronazarar.com\/pl\/prawa-konsumentow\/","og_locale":"pl_PL","og_type":"article","og_title":"Consumer Rights - AronAzarAr","og_description":"Learn your consumer rights with aronazarar.com, including withdrawal, service info, and GDPR data protection.","og_url":"https:\/\/aronazarar.com\/pl\/prawa-konsumentow\/","og_site_name":"AronAzarAr","article_modified_time":"2025-11-03T21:14:24+00:00","twitter_card":"summary_large_image","twitter_misc":{"Szacowany czas czytania":"1 minuta"},"schema":{"@context":"https:\/\/schema.org","@graph":[{"@type":"WebPage","@id":"https:\/\/aronazarar.com\/consumer-rights\/","url":"https:\/\/aronazarar.com\/consumer-rights\/","name":"Prawa konsumenta - AronAzarAr","isPartOf":{"@id":"https:\/\/aronazarar.com\/#website"},"datePublished":"2025-10-23T22:01:34+00:00","dateModified":"2025-11-03T21:14:24+00:00","description":"Poznaj swoje prawa konsumenckie w aronazar.com, w tym odst\u0105pienie od umowy, informacje o us\u0142ugach i ochron\u0119 danych RODO.","breadcrumb":{"@id":"https:\/\/aronazarar.com\/consumer-rights\/#breadcrumb"},"inLanguage":"pl-PL","potentialAction":[{"@type":"ReadAction","target":["https:\/\/aronazarar.com\/consumer-rights\/"]}]},{"@type":"BreadcrumbList","@id":"https:\/\/aronazarar.com\/consumer-rights\/#breadcrumb","itemListElement":[{"@type":"ListItem","position":1,"name":"Kezd\u0151lap","item":"https:\/\/aronazarar.com\/"},{"@type":"ListItem","position":2,"name":"Consumer Rights"}]},{"@type":"WebSite","@id":"https:\/\/aronazarar.com\/#website","url":"https:\/\/aronazarar.com\/","name":"AronAzarAr","description":"Mesters\u00e9ges Intelligencia - Sztuczna inteligencja","publisher":{"@id":"https:\/\/aronazarar.com\/#organization"},"potentialAction":[{"@type":"SearchAction","target":{"@type":"EntryPoint","urlTemplate":"https:\/\/aronazarar.com\/?s={search_term_string}"},"query-input":{"@type":"PropertyValueSpecification","valueRequired":true,"valueName":"search_term_string"}}],"inLanguage":"pl-PL"},{"@type":"Organization","@id":"https:\/\/aronazarar.com\/#organization","name":"AronAzarAr","url":"https:\/\/aronazarar.com\/","logo":{"@type":"ImageObject","inLanguage":"pl-PL","@id":"https:\/\/aronazarar.com\/#\/schema\/logo\/image\/","url":"https:\/\/aronazarar.com\/wp-content\/uploads\/2025\/09\/cropped-cropped-AronAzarAr-Logo.png","contentUrl":"https:\/\/aronazarar.com\/wp-content\/uploads\/2025\/09\/cropped-cropped-AronAzarAr-Logo.png","width":512,"height":512,"caption":"AronAzarAr"},"image":{"@id":"https:\/\/aronazarar.com\/#\/schema\/logo\/image\/"}}]}},"_hostinger_reach_plugin_has_subscription_block":false,"_hostinger_reach_plugin_is_elementor":false,"uagb_featured_image_src":{"full":false,"thumbnail":false,"medium":false,"medium_large":false,"large":false,"1536x1536":false,"2048x2048":false,"trp-custom-language-flag":false},"uagb_author_info":{"display_name":"AronAzarAr","author_link":"https:\/\/aronazarar.com\/pl\/author\/aronazarargmail-com\/"},"uagb_comment_info":0,"uagb_excerpt":"Consumer Rights AronAzarAr is committed to protecting the rights of all consumers according to applicable laws, including but not limited to: Right to clear information before purchasing services Right to withdraw from paid services within 14 days, if applicable Right to receive services as described Right to data protection and privacy under GDPR Contact: For&hellip;","jetpack_sharing_enabled":true,"_links":{"self":[{"href":"https:\/\/aronazarar.com\/pl\/wp-json\/wp\/v2\/pages\/688","targetHints":{"allow":["GET"]}}],"collection":[{"href":"https:\/\/aronazarar.com\/pl\/wp-json\/wp\/v2\/pages"}],"about":[{"href":"https:\/\/aronazarar.com\/pl\/wp-json\/wp\/v2\/types\/page"}],"author":[{"embeddable":true,"href":"https:\/\/aronazarar.com\/pl\/wp-json\/wp\/v2\/users\/1"}],"replies":[{"embeddable":true,"href":"https:\/\/aronazarar.com\/pl\/wp-json\/wp\/v2\/comments?post=688"}],"version-history":[{"count":7,"href":"https:\/\/aronazarar.com\/pl\/wp-json\/wp\/v2\/pages\/688\/revisions"}],"predecessor-version":[{"id":780,"href":"https:\/\/aronazarar.com\/pl\/wp-json\/wp\/v2\/pages\/688\/revisions\/780"}],"wp:attachment":[{"href":"https:\/\/aronazarar.com\/pl\/wp-json\/wp\/v2\/media?parent=688"}],"curies":[{"name":"wp","href":"https:\/\/api.w.org\/{rel}","templated":true}]}}