{"id":658,"date":"2025-10-23T22:46:12","date_gmt":"2025-10-23T21:46:12","guid":{"rendered":"https:\/\/aronazarar.com\/?page_id=658"},"modified":"2025-11-05T19:52:50","modified_gmt":"2025-11-05T18:52:50","slug":"nota-prawna","status":"publish","type":"page","link":"https:\/\/aronazarar.com\/pl\/nota-prawna\/","title":{"rendered":"Nota prawna"},"content":{"rendered":"<div data-elementor-type=\"wp-page\" data-elementor-id=\"658\" class=\"elementor elementor-658\">\n\t\t\t\t<div class=\"elementor-element elementor-element-724f742c e-flex e-con-boxed wpr-particle-no wpr-jarallax-no wpr-parallax-no wpr-sticky-section-no wpr-equal-height-no e-con e-parent\" data-id=\"724f742c\" data-element_type=\"container\" data-e-type=\"container\">\n\t\t\t\t\t<div class=\"e-con-inner\">\n\t\t\t\t<div class=\"elementor-element elementor-element-62121bc6 elementor-widget elementor-widget-text-editor\" data-id=\"62121bc6\" data-element_type=\"widget\" data-e-type=\"widget\" data-widget_type=\"text-editor.default\">\n\t\t\t\t\t\t\t\t\t<p><\/p>\n<h3 data-start=\"344\" data-end=\"540\"><strong data-start=\"344\" data-end=\"365\">Operator strony internetowej:<\/strong>&nbsp;Aaron Azar Ar&nbsp;<br data-start=\"379\" data-end=\"382\"><strong data-start=\"382\" data-end=\"394\">Adres:<\/strong>&nbsp;<b>L\u00e1nch\u00edd utca 15-17.<\/b><b>Apt. 4\/4<\/b><b>Budapeszt H-1013&nbsp;<\/b><b>W\u0119gry<\/b><br data-start=\"411\" data-end=\"414\"><strong data-start=\"414\" data-end=\"424\">E-mail:<\/strong>&nbsp;ar@aronazarar.com<br data-start=\"439\" data-end=\"442\"><strong data-start=\"442\" data-end=\"452\">Telefon:<\/strong>&nbsp;+36705428815<br data-start=\"467\" data-end=\"470\"><strong data-start=\"470\" data-end=\"502\">Numer rejestracyjny firmy: 61254552<\/strong><br data-start=\"511\" data-end=\"514\"><strong data-start=\"514\" data-end=\"529\">Numer VAT:<\/strong>&nbsp;91489757141<\/h3>\n<h2 data-start=\"542\" data-end=\"564\">1. Zawarto\u015b\u0107 strony internetowej<\/h2>\n<h3 data-start=\"565\" data-end=\"814\">Tre\u015bci zamieszczone na tej stronie s\u0105 przeznaczone dla <strong data-start=\"609\" data-end=\"656\">wy\u0142\u0105cznie w celach informacyjnych i edukacyjnych<\/strong>. Chocia\u017c staramy si\u0119 zapewni\u0107 dok\u0142adno\u015b\u0107 i terminowo\u015b\u0107, AronAzarAr <strong data-start=\"731\" data-end=\"760\">nie ponosi odpowiedzialno\u015bci<\/strong> za wszelkie b\u0142\u0119dy, pomini\u0119cia lub nieaktualne informacje.<\/h3>\n<h2 data-start=\"816\" data-end=\"832\">2. Prawa autorskie<\/h2>\n<h3 data-start=\"833\" data-end=\"1021\">Wszystkie tre\u015bci, teksty, obrazy i grafiki na tej stronie s\u0105 <strong data-start=\"893\" data-end=\"919\">chronione prawem autorskim<\/strong>.<br data-start=\"920\" data-end=\"923\">Powielanie, rozpowszechnianie lub jakiekolwiek inne wykorzystanie <strong data-start=\"968\" data-end=\"1004\">bez uprzedniej pisemnej zgody<\/strong> jest zabronione.<\/h3>\n<h2>3. Linki zewn\u0119trzne<\/h2>\n<h3 data-start=\"1045\" data-end=\"1225\">Niniejsza witryna mo\u017ce zawiera\u0107 \u0142\u0105cza do witryn os\u00f3b trzecich. AronAzarAr <strong data-start=\"1123\" data-end=\"1145\">nie ponosi odpowiedzialno\u015bci<\/strong> za ich tre\u015b\u0107, polityk\u0119 prywatno\u015bci lub jakiekolwiek szkody wynikaj\u0105ce z ich u\u017cytkowania.<\/h3>\n<h2 data-start=\"1227\" data-end=\"1254\">4. Wy\u0142\u0105czenie odpowiedzialno\u015bci<\/h2>\n<h3 data-start=\"1255\" data-end=\"1414\">Korzystanie z tej witryny jest <strong data-start=\"1278\" data-end=\"1298\">na w\u0142asne ryzyko<\/strong>. AronAzarAr <strong data-start=\"1322\" data-end=\"1339\">nie ponosi odpowiedzialno\u015bci<\/strong> za jakiekolwiek bezpo\u015brednie lub po\u015brednie szkody wynikaj\u0105ce z korzystania z tej strony internetowej.<\/h3>\n<p><!-- \/wp:paragraph --><\/p>\t\t\t\t\t\t\t\t<\/div>\n\t\t\t\t\t<\/div>\n\t\t\t\t<\/div>\n\t\t\t\t<\/div>","protected":false},"excerpt":{"rendered":"<p>Website operator:&nbsp;Aaron Azar Ar&nbsp;Address:&nbsp;L\u00e1nch\u00edd utca 15-17.Apt. 4\/4Budapest H-1013&nbsp;HungaryEmail:&nbsp;ar@aronazarar.comPhone:&nbsp;+36705428815Company registration number: 61254552VAT number:&nbsp;91489757141 1. Website Content The content provided on this website is for informational and educational purposes only. While we strive to ensure accuracy and timeliness, AronAzarAr does not accept liability for any errors, omissions, or outdated information. 2. Copyright All content, text, images, and graphics on this website are protected by copyright.Reproduction, distribution, or any other use without prior written permission is prohibited. 3. External Links This website may contain links to third-party websites. AronAzarAr is not responsible for their content, privacy policies, or any damages resulting from their use. 4. Liability Disclaimer Use of this website is at your own risk. AronAzarAr is not liable for any direct or indirect damages arising from the use of this website.<\/p>","protected":false},"author":1,"featured_media":0,"parent":0,"menu_order":0,"comment_status":"closed","ping_status":"closed","template":"","meta":{"_uag_custom_page_level_css":"","site-sidebar-layout":"default","site-content-layout":"","ast-site-content-layout":"default","site-content-style":"default","site-sidebar-style":"default","ast-global-header-display":"","ast-banner-title-visibility":"","ast-main-header-display":"","ast-hfb-above-header-display":"","ast-hfb-below-header-display":"","ast-hfb-mobile-header-display":"","site-post-title":"","ast-breadcrumbs-content":"","ast-featured-img":"","footer-sml-layout":"","ast-disable-related-posts":"","theme-transparent-header-meta":"","adv-header-id-meta":"","stick-header-meta":"","header-above-stick-meta":"","header-main-stick-meta":"","header-below-stick-meta":"","astra-migrate-meta-layouts":"default","ast-page-background-enabled":"default","ast-page-background-meta":{"desktop":{"background-color":"var(--ast-global-color-4)","background-image":"","background-repeat":"repeat","background-position":"center center","background-size":"auto","background-attachment":"scroll","background-type":"","background-media":"","overlay-type":"","overlay-color":"","overlay-opacity":"","overlay-gradient":""},"tablet":{"background-color":"","background-image":"","background-repeat":"repeat","background-position":"center center","background-size":"auto","background-attachment":"scroll","background-type":"","background-media":"","overlay-type":"","overlay-color":"","overlay-opacity":"","overlay-gradient":""},"mobile":{"background-color":"","background-image":"","background-repeat":"repeat","background-position":"center center","background-size":"auto","background-attachment":"scroll","background-type":"","background-media":"","overlay-type":"","overlay-color":"","overlay-opacity":"","overlay-gradient":""}},"ast-content-background-meta":{"desktop":{"background-color":"var(--ast-global-color-5)","background-image":"","background-repeat":"repeat","background-position":"center center","background-size":"auto","background-attachment":"scroll","background-type":"","background-media":"","overlay-type":"","overlay-color":"","overlay-opacity":"","overlay-gradient":""},"tablet":{"background-color":"var(--ast-global-color-5)","background-image":"","background-repeat":"repeat","background-position":"center center","background-size":"auto","background-attachment":"scroll","background-type":"","background-media":"","overlay-type":"","overlay-color":"","overlay-opacity":"","overlay-gradient":""},"mobile":{"background-color":"var(--ast-global-color-5)","background-image":"","background-repeat":"repeat","background-position":"center center","background-size":"auto","background-attachment":"scroll","background-type":"","background-media":"","overlay-type":"","overlay-color":"","overlay-opacity":"","overlay-gradient":""}},"footnotes":""},"class_list":["post-658","page","type-page","status-publish","hentry"],"yoast_head":"<!-- This site is optimized with the Yoast SEO plugin v27.5 - https:\/\/yoast.com\/product\/yoast-seo-wordpress\/ -->\n<title>Legal Notice - AronAzarAr<\/title>\n<meta name=\"description\" content=\"Official legal notice for aronazarar.com: operator info, copyright, liability, and website terms clearly stated.\" \/>\n<meta name=\"robots\" content=\"index, follow, max-snippet:-1, max-image-preview:large, max-video-preview:-1\" \/>\n<link rel=\"canonical\" href=\"https:\/\/aronazarar.com\/pl\/nota-prawna\/\" \/>\n<meta property=\"og:locale\" content=\"pl_PL\" \/>\n<meta property=\"og:type\" content=\"article\" \/>\n<meta property=\"og:title\" content=\"Legal Notice - AronAzarAr\" \/>\n<meta property=\"og:description\" content=\"Official legal notice for aronazarar.com: operator info, copyright, liability, and website terms clearly stated.\" \/>\n<meta property=\"og:url\" content=\"https:\/\/aronazarar.com\/pl\/nota-prawna\/\" \/>\n<meta property=\"og:site_name\" content=\"AronAzarAr\" \/>\n<meta property=\"article:modified_time\" content=\"2025-11-05T18:52:50+00:00\" \/>\n<meta name=\"twitter:card\" content=\"summary_large_image\" \/>\n<meta name=\"twitter:label1\" content=\"Szacowany czas czytania\" \/>\n\t<meta name=\"twitter:data1\" content=\"1 minuta\" \/>\n<script type=\"application\/ld+json\" class=\"yoast-schema-graph\">{\"@context\":\"https:\\\/\\\/schema.org\",\"@graph\":[{\"@type\":\"WebPage\",\"@id\":\"https:\\\/\\\/aronazarar.com\\\/legal-notice\\\/\",\"url\":\"https:\\\/\\\/aronazarar.com\\\/legal-notice\\\/\",\"name\":\"Legal Notice - AronAzarAr\",\"isPartOf\":{\"@id\":\"https:\\\/\\\/aronazarar.com\\\/#website\"},\"datePublished\":\"2025-10-23T21:46:12+00:00\",\"dateModified\":\"2025-11-05T18:52:50+00:00\",\"description\":\"Official legal notice for aronazarar.com: operator info, copyright, liability, and website terms clearly stated.\",\"breadcrumb\":{\"@id\":\"https:\\\/\\\/aronazarar.com\\\/legal-notice\\\/#breadcrumb\"},\"inLanguage\":\"pl-PL\",\"potentialAction\":[{\"@type\":\"ReadAction\",\"target\":[\"https:\\\/\\\/aronazarar.com\\\/legal-notice\\\/\"]}]},{\"@type\":\"BreadcrumbList\",\"@id\":\"https:\\\/\\\/aronazarar.com\\\/legal-notice\\\/#breadcrumb\",\"itemListElement\":[{\"@type\":\"ListItem\",\"position\":1,\"name\":\"Kezd\u0151lap\",\"item\":\"https:\\\/\\\/aronazarar.com\\\/\"},{\"@type\":\"ListItem\",\"position\":2,\"name\":\"Legal Notice\"}]},{\"@type\":\"WebSite\",\"@id\":\"https:\\\/\\\/aronazarar.com\\\/#website\",\"url\":\"https:\\\/\\\/aronazarar.com\\\/\",\"name\":\"AronAzarAr\",\"description\":\"Mesters\u00e9ges Intelligencia - Artificial Intelligence\",\"publisher\":{\"@id\":\"https:\\\/\\\/aronazarar.com\\\/#organization\"},\"potentialAction\":[{\"@type\":\"SearchAction\",\"target\":{\"@type\":\"EntryPoint\",\"urlTemplate\":\"https:\\\/\\\/aronazarar.com\\\/?s={search_term_string}\"},\"query-input\":{\"@type\":\"PropertyValueSpecification\",\"valueRequired\":true,\"valueName\":\"search_term_string\"}}],\"inLanguage\":\"pl-PL\"},{\"@type\":\"Organization\",\"@id\":\"https:\\\/\\\/aronazarar.com\\\/#organization\",\"name\":\"AronAzarAr\",\"url\":\"https:\\\/\\\/aronazarar.com\\\/\",\"logo\":{\"@type\":\"ImageObject\",\"inLanguage\":\"pl-PL\",\"@id\":\"https:\\\/\\\/aronazarar.com\\\/#\\\/schema\\\/logo\\\/image\\\/\",\"url\":\"https:\\\/\\\/aronazarar.com\\\/wp-content\\\/uploads\\\/2025\\\/09\\\/cropped-cropped-AronAzarAr-Logo.png\",\"contentUrl\":\"https:\\\/\\\/aronazarar.com\\\/wp-content\\\/uploads\\\/2025\\\/09\\\/cropped-cropped-AronAzarAr-Logo.png\",\"width\":512,\"height\":512,\"caption\":\"AronAzarAr\"},\"image\":{\"@id\":\"https:\\\/\\\/aronazarar.com\\\/#\\\/schema\\\/logo\\\/image\\\/\"}}]}<\/script>\n<!-- \/ Yoast SEO plugin. -->","yoast_head_json":{"title":"Nota prawna - AronAzarAr","description":"Oficjalna nota prawna dla aronazar.com: informacje o operatorze, prawa autorskie, odpowiedzialno\u015b\u0107 i warunki witryny wyra\u017anie okre\u015blone.","robots":{"index":"index","follow":"follow","max-snippet":"max-snippet:-1","max-image-preview":"max-image-preview:large","max-video-preview":"max-video-preview:-1"},"canonical":"https:\/\/aronazarar.com\/pl\/nota-prawna\/","og_locale":"pl_PL","og_type":"article","og_title":"Legal Notice - AronAzarAr","og_description":"Official legal notice for aronazarar.com: operator info, copyright, liability, and website terms clearly stated.","og_url":"https:\/\/aronazarar.com\/pl\/nota-prawna\/","og_site_name":"AronAzarAr","article_modified_time":"2025-11-05T18:52:50+00:00","twitter_card":"summary_large_image","twitter_misc":{"Szacowany czas czytania":"1 minuta"},"schema":{"@context":"https:\/\/schema.org","@graph":[{"@type":"WebPage","@id":"https:\/\/aronazarar.com\/legal-notice\/","url":"https:\/\/aronazarar.com\/legal-notice\/","name":"Nota prawna - AronAzarAr","isPartOf":{"@id":"https:\/\/aronazarar.com\/#website"},"datePublished":"2025-10-23T21:46:12+00:00","dateModified":"2025-11-05T18:52:50+00:00","description":"Oficjalna nota prawna dla aronazar.com: informacje o operatorze, prawa autorskie, odpowiedzialno\u015b\u0107 i warunki witryny wyra\u017anie okre\u015blone.","breadcrumb":{"@id":"https:\/\/aronazarar.com\/legal-notice\/#breadcrumb"},"inLanguage":"pl-PL","potentialAction":[{"@type":"ReadAction","target":["https:\/\/aronazarar.com\/legal-notice\/"]}]},{"@type":"BreadcrumbList","@id":"https:\/\/aronazarar.com\/legal-notice\/#breadcrumb","itemListElement":[{"@type":"ListItem","position":1,"name":"Kezd\u0151lap","item":"https:\/\/aronazarar.com\/"},{"@type":"ListItem","position":2,"name":"Legal Notice"}]},{"@type":"WebSite","@id":"https:\/\/aronazarar.com\/#website","url":"https:\/\/aronazarar.com\/","name":"AronAzarAr","description":"Mesters\u00e9ges Intelligencia - Sztuczna inteligencja","publisher":{"@id":"https:\/\/aronazarar.com\/#organization"},"potentialAction":[{"@type":"SearchAction","target":{"@type":"EntryPoint","urlTemplate":"https:\/\/aronazarar.com\/?s={search_term_string}"},"query-input":{"@type":"PropertyValueSpecification","valueRequired":true,"valueName":"search_term_string"}}],"inLanguage":"pl-PL"},{"@type":"Organization","@id":"https:\/\/aronazarar.com\/#organization","name":"AronAzarAr","url":"https:\/\/aronazarar.com\/","logo":{"@type":"ImageObject","inLanguage":"pl-PL","@id":"https:\/\/aronazarar.com\/#\/schema\/logo\/image\/","url":"https:\/\/aronazarar.com\/wp-content\/uploads\/2025\/09\/cropped-cropped-AronAzarAr-Logo.png","contentUrl":"https:\/\/aronazarar.com\/wp-content\/uploads\/2025\/09\/cropped-cropped-AronAzarAr-Logo.png","width":512,"height":512,"caption":"AronAzarAr"},"image":{"@id":"https:\/\/aronazarar.com\/#\/schema\/logo\/image\/"}}]}},"_hostinger_reach_plugin_has_subscription_block":false,"_hostinger_reach_plugin_is_elementor":false,"uagb_featured_image_src":{"full":false,"thumbnail":false,"medium":false,"medium_large":false,"large":false,"1536x1536":false,"2048x2048":false,"trp-custom-language-flag":false},"uagb_author_info":{"display_name":"AronAzarAr","author_link":"https:\/\/aronazarar.com\/pl\/author\/aronazarargmail-com\/"},"uagb_comment_info":0,"uagb_excerpt":"Website operator:&nbsp;Aaron Azar Ar&nbsp;Address:&nbsp;L\u00e1nch\u00edd utca 15-17.Apt. 4\/4Budapest H-1013&nbsp;HungaryEmail:&nbsp;ar@aronazarar.comPhone:&nbsp;+36705428815Company registration number: 61254552VAT number:&nbsp;91489757141 1. Website Content The content provided on this website is for informational and educational purposes only. While we strive to ensure accuracy and timeliness, AronAzarAr does not accept liability for any errors, omissions, or outdated information. 2. Copyright All content, text, images, and&hellip;","jetpack_sharing_enabled":true,"_links":{"self":[{"href":"https:\/\/aronazarar.com\/pl\/wp-json\/wp\/v2\/pages\/658","targetHints":{"allow":["GET"]}}],"collection":[{"href":"https:\/\/aronazarar.com\/pl\/wp-json\/wp\/v2\/pages"}],"about":[{"href":"https:\/\/aronazarar.com\/pl\/wp-json\/wp\/v2\/types\/page"}],"author":[{"embeddable":true,"href":"https:\/\/aronazarar.com\/pl\/wp-json\/wp\/v2\/users\/1"}],"replies":[{"embeddable":true,"href":"https:\/\/aronazarar.com\/pl\/wp-json\/wp\/v2\/comments?post=658"}],"version-history":[{"count":9,"href":"https:\/\/aronazarar.com\/pl\/wp-json\/wp\/v2\/pages\/658\/revisions"}],"predecessor-version":[{"id":815,"href":"https:\/\/aronazarar.com\/pl\/wp-json\/wp\/v2\/pages\/658\/revisions\/815"}],"wp:attachment":[{"href":"https:\/\/aronazarar.com\/pl\/wp-json\/wp\/v2\/media?parent=658"}],"curies":[{"name":"wp","href":"https:\/\/api.w.org\/{rel}","templated":true}]}}