{"id":541,"date":"2025-10-15T21:43:32","date_gmt":"2025-10-15T20:43:32","guid":{"rendered":"https:\/\/aronazarar.com\/?page_id=541"},"modified":"2026-02-25T20:23:02","modified_gmt":"2026-02-25T19:23:02","slug":"o","status":"publish","type":"page","link":"https:\/\/aronazarar.com\/pl\/o\/","title":{"rendered":"O"},"content":{"rendered":"<div data-elementor-type=\"wp-page\" data-elementor-id=\"541\" class=\"elementor elementor-541\">\n\t\t\t\t<div class=\"elementor-element elementor-element-35b7975 e-flex e-con-boxed wpr-particle-no wpr-jarallax-no wpr-parallax-no wpr-sticky-section-no wpr-equal-height-no e-con e-parent\" data-id=\"35b7975\" data-element_type=\"container\" data-e-type=\"container\">\n\t\t\t\t\t<div class=\"e-con-inner\">\n\t\t<div class=\"elementor-element elementor-element-0110ecf e-con-full e-flex wpr-particle-no wpr-jarallax-no wpr-parallax-no wpr-sticky-section-no wpr-equal-height-no e-con e-child\" data-id=\"0110ecf\" data-element_type=\"container\" data-e-type=\"container\">\n\t\t\t\t<div class=\"elementor-element elementor-element-a9f9561 elementor-widget elementor-widget-image\" data-id=\"a9f9561\" data-element_type=\"widget\" data-e-type=\"widget\" data-widget_type=\"image.default\">\n\t\t\t\t\t\t\t\t\t\t\t\t\t\t\t<img fetchpriority=\"high\" decoding=\"async\" width=\"806\" height=\"1024\" src=\"https:\/\/aronazarar.com\/wp-content\/uploads\/2025\/10\/AAA0DP-806x1024.jpg\" class=\"attachment-large size-large wp-image-597\" alt=\"aaa0dp\" srcset=\"https:\/\/aronazarar.com\/wp-content\/uploads\/2025\/10\/AAA0DP-806x1024.jpg 806w, https:\/\/aronazarar.com\/wp-content\/uploads\/2025\/10\/AAA0DP-236x300.jpg 236w, https:\/\/aronazarar.com\/wp-content\/uploads\/2025\/10\/AAA0DP-768x976.jpg 768w, https:\/\/aronazarar.com\/wp-content\/uploads\/2025\/10\/AAA0DP-1209x1536.jpg 1209w, https:\/\/aronazarar.com\/wp-content\/uploads\/2025\/10\/AAA0DP-9x12.jpg 9w, https:\/\/aronazarar.com\/wp-content\/uploads\/2025\/10\/AAA0DP.jpg 1612w\" sizes=\"(max-width: 806px) 100vw, 806px\" title=\"O\">\t\t\t\t\t\t\t\t\t\t\t\t\t\t\t<\/div>\n\t\t\t\t<\/div>\n\t\t<div class=\"elementor-element elementor-element-bd0d028 e-con-full e-flex wpr-particle-no wpr-jarallax-no wpr-parallax-no wpr-sticky-section-no wpr-equal-height-no e-con e-child\" data-id=\"bd0d028\" data-element_type=\"container\" data-e-type=\"container\">\n\t\t\t\t<div class=\"elementor-element elementor-element-4fc447e elementor-widget elementor-widget-text-editor\" data-id=\"4fc447e\" data-element_type=\"widget\" data-e-type=\"widget\" data-widget_type=\"text-editor.default\">\n\t\t\t\t\t\t\t\t\t<h3>Witam. Jestem Aaron Azar Ar. Na papierach, urodzony w centrum Europy, w Kotlinie Karpackiej. Z technologi\u0105 cyfrow\u0105 zetkn\u0105\u0142em si\u0119 we wczesnej m\u0142odo\u015bci dzi\u0119ki oprogramowaniu biurowemu i symulacyjnemu.<\/h3><h3>Posiadanie doskona\u0142ej oceny z informatyki w szkole \u015bredniej przy jednoczesnym ci\u0105g\u0142ym szkoleniu i kszta\u0142ceniu siebie i otoczenia na najwy\u017cszym mo\u017cliwym poziomie.\u00a0<\/h3><h3>Preferuj\u0119 ludzi, kt\u00f3rzy ambitnie podchodz\u0105 do siebie i swoich kultur i chc\u0105 jak najlepiej je wykorzysta\u0107. Dotyczy to zar\u00f3wno projekt\u00f3w, jak i wolnego czasu. (Idealnie by\u0142oby, gdyby te dwie rzeczy by\u0142y takie same).<\/h3><h3>Sztuczna inteligencja jest tutaj i razem z ni\u0105 jeste\u015bmy w stanie podnie\u015b\u0107 nasz\u0105 \u015bwiadomo\u015b\u0107 i potencja\u0142 do najlepszych. Organizacje, takie jak kraje, firmy i fundacje, \u015bcigaj\u0105 si\u0119 o to - a wraz z nimi z powodu w\u0142adzy, zasob\u00f3w i moralno\u015bci.\u00a0<\/h3><h3>Ucz\u0119 si\u0119 tego, czego ucz\u0119 i rozwijam to, co mnie rozwija.\u00a0<\/h3><h3>&#8230;<br \/>A ty jeste\u015b kim\u015b w tym aspekcie.\u00a0<\/h3><h3>Chcia\u0142bym r\u00f3wnie\u017c, aby W\u0119gry zaj\u0119\u0142y 1. miejsce w dziedzinie sztucznej inteligencji, pojazd\u00f3w, komputer\u00f3w, oprogramowania, przestrzeni kosmicznej, broni, dobrobytu i produkt\u00f3w codziennego u\u017cytku.\u00a0<\/h3>\t\t\t\t\t\t\t\t<\/div>\n\t\t\t\t<\/div>\n\t\t\t\t\t<\/div>\n\t\t\t\t<\/div>\n\t\t\t\t<\/div>","protected":false},"excerpt":{"rendered":"<p>Hello. I am Aaron Azar Ar. On papers, born in the centre of Europe, In the Carpathian-basin. Got in touch with the digital technology since the early years through office- and simulation softwares. Having excellent grade in Informatics from High School while continuously training and educating myself and surroundings at the highest possible level.\u00a0 I prefer people who are ambitious about themselves and their cultures and want to get the best out of it. This is both true for projects and free time. (Ideally, the two are the same). AI is here and together with it we are able to raise our consciousness and potential to the best.\u00a0Organizations like countries, companies and foundations are racing for- and with it because of power, resources and morals.\u00a0 I learn what I teach and develop what develops me.\u00a0 &#8230;And you, are someone in the aspect of it.\u00a0 I&#8217;d also like Hungary to rank 1st in AI, vehicles, computers, softwares, space, weapons, well-being and everyday products.\u00a0<\/p>","protected":false},"author":1,"featured_media":0,"parent":0,"menu_order":0,"comment_status":"closed","ping_status":"closed","template":"","meta":{"_uag_custom_page_level_css":"","site-sidebar-layout":"no-sidebar","site-content-layout":"","ast-site-content-layout":"full-width-container","site-content-style":"default","site-sidebar-style":"default","ast-global-header-display":"","ast-banner-title-visibility":"","ast-main-header-display":"","ast-hfb-above-header-display":"","ast-hfb-below-header-display":"","ast-hfb-mobile-header-display":"","site-post-title":"","ast-breadcrumbs-content":"","ast-featured-img":"disabled","footer-sml-layout":"","ast-disable-related-posts":"","theme-transparent-header-meta":"","adv-header-id-meta":"","stick-header-meta":"","header-above-stick-meta":"","header-main-stick-meta":"","header-below-stick-meta":"","astra-migrate-meta-layouts":"default","ast-page-background-enabled":"default","ast-page-background-meta":{"desktop":{"background-color":"var(--ast-global-color-4)","background-image":"","background-repeat":"repeat","background-position":"center center","background-size":"auto","background-attachment":"scroll","background-type":"","background-media":"","overlay-type":"","overlay-color":"","overlay-opacity":"","overlay-gradient":""},"tablet":{"background-color":"","background-image":"","background-repeat":"repeat","background-position":"center center","background-size":"auto","background-attachment":"scroll","background-type":"","background-media":"","overlay-type":"","overlay-color":"","overlay-opacity":"","overlay-gradient":""},"mobile":{"background-color":"","background-image":"","background-repeat":"repeat","background-position":"center center","background-size":"auto","background-attachment":"scroll","background-type":"","background-media":"","overlay-type":"","overlay-color":"","overlay-opacity":"","overlay-gradient":""}},"ast-content-background-meta":{"desktop":{"background-color":"var(--ast-global-color-5)","background-image":"","background-repeat":"repeat","background-position":"center center","background-size":"auto","background-attachment":"scroll","background-type":"","background-media":"","overlay-type":"","overlay-color":"","overlay-opacity":"","overlay-gradient":""},"tablet":{"background-color":"var(--ast-global-color-5)","background-image":"","background-repeat":"repeat","background-position":"center center","background-size":"auto","background-attachment":"scroll","background-type":"","background-media":"","overlay-type":"","overlay-color":"","overlay-opacity":"","overlay-gradient":""},"mobile":{"background-color":"var(--ast-global-color-5)","background-image":"","background-repeat":"repeat","background-position":"center center","background-size":"auto","background-attachment":"scroll","background-type":"","background-media":"","overlay-type":"","overlay-color":"","overlay-opacity":"","overlay-gradient":""}},"footnotes":""},"class_list":["post-541","page","type-page","status-publish","hentry"],"yoast_head":"<!-- This site is optimized with the Yoast SEO plugin v27.5 - https:\/\/yoast.com\/product\/yoast-seo-wordpress\/ -->\n<title>About - AronAzarAr<\/title>\n<meta name=\"description\" content=\"AI Advisor Aaron Azar Ar. Dedicated to raising human potential. Get bespoke Ethical AI strategy, content, and training.\" \/>\n<meta name=\"robots\" content=\"index, follow, max-snippet:-1, max-image-preview:large, max-video-preview:-1\" \/>\n<link rel=\"canonical\" href=\"https:\/\/aronazarar.com\/pl\/o\/\" \/>\n<meta property=\"og:locale\" content=\"pl_PL\" \/>\n<meta property=\"og:type\" content=\"article\" \/>\n<meta property=\"og:title\" content=\"About - AronAzarAr\" \/>\n<meta property=\"og:description\" content=\"AI Advisor Aaron Azar Ar. Dedicated to raising human potential. Get bespoke Ethical AI strategy, content, and training.\" \/>\n<meta property=\"og:url\" content=\"https:\/\/aronazarar.com\/pl\/o\/\" \/>\n<meta property=\"og:site_name\" content=\"AronAzarAr\" \/>\n<meta property=\"article:modified_time\" content=\"2026-02-25T19:23:02+00:00\" \/>\n<meta property=\"og:image\" content=\"https:\/\/aronazarar.com\/wp-content\/uploads\/2025\/10\/AAA0DP.jpg\" \/>\n\t<meta property=\"og:image:width\" content=\"1612\" \/>\n\t<meta property=\"og:image:height\" content=\"2048\" \/>\n\t<meta property=\"og:image:type\" content=\"image\/jpeg\" \/>\n<meta name=\"twitter:card\" content=\"summary_large_image\" \/>\n<meta name=\"twitter:label1\" content=\"Szacowany czas czytania\" \/>\n\t<meta name=\"twitter:data1\" content=\"1 minuta\" \/>\n<script type=\"application\/ld+json\" class=\"yoast-schema-graph\">{\"@context\":\"https:\\\/\\\/schema.org\",\"@graph\":[{\"@type\":\"WebPage\",\"@id\":\"https:\\\/\\\/aronazarar.com\\\/about\\\/\",\"url\":\"https:\\\/\\\/aronazarar.com\\\/about\\\/\",\"name\":\"About - AronAzarAr\",\"isPartOf\":{\"@id\":\"https:\\\/\\\/aronazarar.com\\\/#website\"},\"primaryImageOfPage\":{\"@id\":\"https:\\\/\\\/aronazarar.com\\\/about\\\/#primaryimage\"},\"image\":{\"@id\":\"https:\\\/\\\/aronazarar.com\\\/about\\\/#primaryimage\"},\"thumbnailUrl\":\"https:\\\/\\\/aronazarar.com\\\/wp-content\\\/uploads\\\/2025\\\/10\\\/AAA0DP-806x1024.jpg\",\"datePublished\":\"2025-10-15T20:43:32+00:00\",\"dateModified\":\"2026-02-25T19:23:02+00:00\",\"description\":\"AI Advisor Aaron Azar Ar. Dedicated to raising human potential. Get bespoke Ethical AI strategy, content, and training.\",\"breadcrumb\":{\"@id\":\"https:\\\/\\\/aronazarar.com\\\/about\\\/#breadcrumb\"},\"inLanguage\":\"pl-PL\",\"potentialAction\":[{\"@type\":\"ReadAction\",\"target\":[\"https:\\\/\\\/aronazarar.com\\\/about\\\/\"]}]},{\"@type\":\"ImageObject\",\"inLanguage\":\"pl-PL\",\"@id\":\"https:\\\/\\\/aronazarar.com\\\/about\\\/#primaryimage\",\"url\":\"https:\\\/\\\/aronazarar.com\\\/wp-content\\\/uploads\\\/2025\\\/10\\\/AAA0DP-806x1024.jpg\",\"contentUrl\":\"https:\\\/\\\/aronazarar.com\\\/wp-content\\\/uploads\\\/2025\\\/10\\\/AAA0DP-806x1024.jpg\"},{\"@type\":\"BreadcrumbList\",\"@id\":\"https:\\\/\\\/aronazarar.com\\\/about\\\/#breadcrumb\",\"itemListElement\":[{\"@type\":\"ListItem\",\"position\":1,\"name\":\"Kezd\u0151lap\",\"item\":\"https:\\\/\\\/aronazarar.com\\\/\"},{\"@type\":\"ListItem\",\"position\":2,\"name\":\"About\"}]},{\"@type\":\"WebSite\",\"@id\":\"https:\\\/\\\/aronazarar.com\\\/#website\",\"url\":\"https:\\\/\\\/aronazarar.com\\\/\",\"name\":\"AronAzarAr\",\"description\":\"Mesters\u00e9ges Intelligencia - Artificial Intelligence\",\"publisher\":{\"@id\":\"https:\\\/\\\/aronazarar.com\\\/#organization\"},\"potentialAction\":[{\"@type\":\"SearchAction\",\"target\":{\"@type\":\"EntryPoint\",\"urlTemplate\":\"https:\\\/\\\/aronazarar.com\\\/?s={search_term_string}\"},\"query-input\":{\"@type\":\"PropertyValueSpecification\",\"valueRequired\":true,\"valueName\":\"search_term_string\"}}],\"inLanguage\":\"pl-PL\"},{\"@type\":\"Organization\",\"@id\":\"https:\\\/\\\/aronazarar.com\\\/#organization\",\"name\":\"AronAzarAr\",\"url\":\"https:\\\/\\\/aronazarar.com\\\/\",\"logo\":{\"@type\":\"ImageObject\",\"inLanguage\":\"pl-PL\",\"@id\":\"https:\\\/\\\/aronazarar.com\\\/#\\\/schema\\\/logo\\\/image\\\/\",\"url\":\"https:\\\/\\\/aronazarar.com\\\/wp-content\\\/uploads\\\/2025\\\/09\\\/cropped-cropped-AronAzarAr-Logo.png\",\"contentUrl\":\"https:\\\/\\\/aronazarar.com\\\/wp-content\\\/uploads\\\/2025\\\/09\\\/cropped-cropped-AronAzarAr-Logo.png\",\"width\":512,\"height\":512,\"caption\":\"AronAzarAr\"},\"image\":{\"@id\":\"https:\\\/\\\/aronazarar.com\\\/#\\\/schema\\\/logo\\\/image\\\/\"}}]}<\/script>\n<!-- \/ Yoast SEO plugin. -->","yoast_head_json":{"title":"O - AronAzarAr","description":"AI Advisor Aaron Azar Ar. Po\u015bwi\u0119cony zwi\u0119kszaniu ludzkiego potencja\u0142u. Uzyskaj dostosowan\u0105 do potrzeb strategi\u0119, tre\u015bci i szkolenia z zakresu etycznej sztucznej inteligencji.","robots":{"index":"index","follow":"follow","max-snippet":"max-snippet:-1","max-image-preview":"max-image-preview:large","max-video-preview":"max-video-preview:-1"},"canonical":"https:\/\/aronazarar.com\/pl\/o\/","og_locale":"pl_PL","og_type":"article","og_title":"About - AronAzarAr","og_description":"AI Advisor Aaron Azar Ar. Dedicated to raising human potential. Get bespoke Ethical AI strategy, content, and training.","og_url":"https:\/\/aronazarar.com\/pl\/o\/","og_site_name":"AronAzarAr","article_modified_time":"2026-02-25T19:23:02+00:00","og_image":[{"width":1612,"height":2048,"url":"https:\/\/aronazarar.com\/wp-content\/uploads\/2025\/10\/AAA0DP.jpg","type":"image\/jpeg"}],"twitter_card":"summary_large_image","twitter_misc":{"Szacowany czas czytania":"1 minuta"},"schema":{"@context":"https:\/\/schema.org","@graph":[{"@type":"WebPage","@id":"https:\/\/aronazarar.com\/about\/","url":"https:\/\/aronazarar.com\/about\/","name":"O - AronAzarAr","isPartOf":{"@id":"https:\/\/aronazarar.com\/#website"},"primaryImageOfPage":{"@id":"https:\/\/aronazarar.com\/about\/#primaryimage"},"image":{"@id":"https:\/\/aronazarar.com\/about\/#primaryimage"},"thumbnailUrl":"https:\/\/aronazarar.com\/wp-content\/uploads\/2025\/10\/AAA0DP-806x1024.jpg","datePublished":"2025-10-15T20:43:32+00:00","dateModified":"2026-02-25T19:23:02+00:00","description":"AI Advisor Aaron Azar Ar. Po\u015bwi\u0119cony zwi\u0119kszaniu ludzkiego potencja\u0142u. Uzyskaj dostosowan\u0105 do potrzeb strategi\u0119, tre\u015bci i szkolenia z zakresu etycznej sztucznej inteligencji.","breadcrumb":{"@id":"https:\/\/aronazarar.com\/about\/#breadcrumb"},"inLanguage":"pl-PL","potentialAction":[{"@type":"ReadAction","target":["https:\/\/aronazarar.com\/about\/"]}]},{"@type":"ImageObject","inLanguage":"pl-PL","@id":"https:\/\/aronazarar.com\/about\/#primaryimage","url":"https:\/\/aronazarar.com\/wp-content\/uploads\/2025\/10\/AAA0DP-806x1024.jpg","contentUrl":"https:\/\/aronazarar.com\/wp-content\/uploads\/2025\/10\/AAA0DP-806x1024.jpg"},{"@type":"BreadcrumbList","@id":"https:\/\/aronazarar.com\/about\/#breadcrumb","itemListElement":[{"@type":"ListItem","position":1,"name":"Kezd\u0151lap","item":"https:\/\/aronazarar.com\/"},{"@type":"ListItem","position":2,"name":"About"}]},{"@type":"WebSite","@id":"https:\/\/aronazarar.com\/#website","url":"https:\/\/aronazarar.com\/","name":"AronAzarAr","description":"Mesters\u00e9ges Intelligencia - Sztuczna inteligencja","publisher":{"@id":"https:\/\/aronazarar.com\/#organization"},"potentialAction":[{"@type":"SearchAction","target":{"@type":"EntryPoint","urlTemplate":"https:\/\/aronazarar.com\/?s={search_term_string}"},"query-input":{"@type":"PropertyValueSpecification","valueRequired":true,"valueName":"search_term_string"}}],"inLanguage":"pl-PL"},{"@type":"Organization","@id":"https:\/\/aronazarar.com\/#organization","name":"AronAzarAr","url":"https:\/\/aronazarar.com\/","logo":{"@type":"ImageObject","inLanguage":"pl-PL","@id":"https:\/\/aronazarar.com\/#\/schema\/logo\/image\/","url":"https:\/\/aronazarar.com\/wp-content\/uploads\/2025\/09\/cropped-cropped-AronAzarAr-Logo.png","contentUrl":"https:\/\/aronazarar.com\/wp-content\/uploads\/2025\/09\/cropped-cropped-AronAzarAr-Logo.png","width":512,"height":512,"caption":"AronAzarAr"},"image":{"@id":"https:\/\/aronazarar.com\/#\/schema\/logo\/image\/"}}]}},"_hostinger_reach_plugin_has_subscription_block":false,"_hostinger_reach_plugin_is_elementor":false,"uagb_featured_image_src":{"full":false,"thumbnail":false,"medium":false,"medium_large":false,"large":false,"1536x1536":false,"2048x2048":false,"trp-custom-language-flag":false},"uagb_author_info":{"display_name":"AronAzarAr","author_link":"https:\/\/aronazarar.com\/pl\/author\/aronazarargmail-com\/"},"uagb_comment_info":0,"uagb_excerpt":"Hello. I am Aaron Azar Ar. On papers, born in the centre of Europe, In the Carpathian-basin. Got in touch with the digital technology since the early years through office- and simulation softwares. Having excellent grade in Informatics from High School while continuously training and educating myself and surroundings at the highest possible level.\u00a0 I&hellip;","jetpack_sharing_enabled":true,"_links":{"self":[{"href":"https:\/\/aronazarar.com\/pl\/wp-json\/wp\/v2\/pages\/541","targetHints":{"allow":["GET"]}}],"collection":[{"href":"https:\/\/aronazarar.com\/pl\/wp-json\/wp\/v2\/pages"}],"about":[{"href":"https:\/\/aronazarar.com\/pl\/wp-json\/wp\/v2\/types\/page"}],"author":[{"embeddable":true,"href":"https:\/\/aronazarar.com\/pl\/wp-json\/wp\/v2\/users\/1"}],"replies":[{"embeddable":true,"href":"https:\/\/aronazarar.com\/pl\/wp-json\/wp\/v2\/comments?post=541"}],"version-history":[{"count":34,"href":"https:\/\/aronazarar.com\/pl\/wp-json\/wp\/v2\/pages\/541\/revisions"}],"predecessor-version":[{"id":1236,"href":"https:\/\/aronazarar.com\/pl\/wp-json\/wp\/v2\/pages\/541\/revisions\/1236"}],"wp:attachment":[{"href":"https:\/\/aronazarar.com\/pl\/wp-json\/wp\/v2\/media?parent=541"}],"curies":[{"name":"wp","href":"https:\/\/api.w.org\/{rel}","templated":true}]}}