{"id":672,"date":"2025-10-23T22:51:46","date_gmt":"2025-10-23T21:51:46","guid":{"rendered":"https:\/\/aronazarar.com\/?page_id=672"},"modified":"2025-12-18T20:50:51","modified_gmt":"2025-12-18T19:50:51","slug":"feltetelek-feltetelek","status":"publish","type":"page","link":"https:\/\/aronazarar.com\/hu\/feltetelek-feltetelek\/","title":{"rendered":"\u00c1ltal\u00e1nos Szerz\u0151d\u00e9si Felt\u00e9telek"},"content":{"rendered":"<h3 data-start=\"2691\" data-end=\"2726\"><strong data-start=\"2691\" data-end=\"2710\">Hat\u00e1lyos d\u00e1tum:<\/strong> 3 nov 2025<\/h3>\n<h2 data-start=\"2728\" data-end=\"2745\">1. Elfogad\u00e1s<\/h2>\n<h3 data-start=\"2746\" data-end=\"2826\">A weboldal \u00e9s szolg\u00e1ltat\u00e1sainak haszn\u00e1lat\u00e1val \u00d6n elfogadja a jelen \u00c1ltal\u00e1nos Szerz\u0151d\u00e9si Felt\u00e9teleket.<\/h3>\n<h2 data-start=\"2828\" data-end=\"2843\">2. Szolg\u00e1ltat\u00e1sok<\/h2>\n<h3 data-start=\"2844\" data-end=\"3043\">Az AronAzarAr mesters\u00e9ges intelligenci\u00e1val kapcsolatos tartalomk\u00e9sz\u00edt\u00e9ssel, oktat\u00e1si forr\u00e1sokkal, tan\u00e1csad\u00e1ssal \u00e9s strat\u00e9giai tan\u00e1csad\u00e1ssal foglalkozik. Minden szolg\u00e1ltat\u00e1s <strong data-start=\"2970\" data-end=\"3005\">kiz\u00e1r\u00f3lag t\u00e1j\u00e9koztat\u00f3 jelleg\u0171<\/strong> kiv\u00e9ve, ha kifejezetten m\u00e1sk\u00e9nt nem \u00e1llapodtak meg.<\/h3>\n<h2 data-start=\"3045\" data-end=\"3073\">3. Felhaszn\u00e1l\u00f3i felel\u0151ss\u00e9gek<\/h2>\n<ul data-start=\"3074\" data-end=\"3245\">\n<li data-start=\"3074\" data-end=\"3118\">\n<h3 data-start=\"3076\" data-end=\"3118\">A felhaszn\u00e1l\u00f3knak pontos inform\u00e1ci\u00f3kat kell szolg\u00e1ltatniuk.<\/h3>\n<\/li>\n<li data-start=\"3119\" data-end=\"3178\">\n<h3 data-start=\"3121\" data-end=\"3178\">A felhaszn\u00e1l\u00f3k nem \u00e9lhetnek vissza a weboldallal, a tartalommal vagy a szolg\u00e1ltat\u00e1sokkal.<\/h3>\n<\/li>\n<li data-start=\"3179\" data-end=\"3245\">\n<h3 data-start=\"3181\" data-end=\"3245\">A tartalom enged\u00e9ly n\u00e9lk\u00fcli m\u00e1sol\u00e1sa vagy terjeszt\u00e9se tilos.<\/h3>\n<\/li>\n<\/ul>\n<h2 data-start=\"3247\" data-end=\"3277\">4. A felel\u0151ss\u00e9g korl\u00e1toz\u00e1sa<\/h2>\n<h3 data-start=\"3278\" data-end=\"3419\"><strong data-start=\"3300\" data-end=\"3317\">AronAzarAr nem felel\u0151s<\/strong> b\u00e1rmilyen k\u00f6zvetlen, k\u00f6zvetett vagy k\u00f6vetkezm\u00e9nyes k\u00e1r\u00e9rt, amely szolg\u00e1ltat\u00e1saink vagy weboldalunk haszn\u00e1lat\u00e1b\u00f3l ered.<\/h3>\n<h2 data-start=\"3421\" data-end=\"3435\">5. V\u00e1ltoz\u00e1sok<\/h2>\n<h3 data-start=\"3436\" data-end=\"3565\">Fenntartjuk a jogot, hogy b\u00e1rmikor friss\u00edts\u00fck a jelen \u00c1ltal\u00e1nos Szerz\u0151d\u00e9si Felt\u00e9teleket. A tov\u00e1bbi haszn\u00e1lat a friss\u00edtett felt\u00e9telek elfogad\u00e1s\u00e1t jelenti.<\/h3>","protected":false},"excerpt":{"rendered":"<p>Effective Date: 3 nov 2025 1. Acceptance By using this website and its services, you agree to these Terms &amp; Conditions. 2. Services AronAzarAr provides AI content creation, educational resources, consulting, and strategic advice. All services are for informational purposes only unless explicitly agreed otherwise. 3. User Responsibilities Users must provide accurate information. Users may not misuse the website, content, or services. Unauthorized copying or distribution of content is prohibited. 4. Limitation of Liability AronAzarAr is not liable for any direct, indirect, or consequential damages arising from the use of our services or website. 5. Changes We reserve the right to update these Terms &amp; Conditions at any time. Continued use constitutes acceptance of the updated terms.<\/p>","protected":false},"author":1,"featured_media":0,"parent":0,"menu_order":0,"comment_status":"closed","ping_status":"closed","template":"","meta":{"_uag_custom_page_level_css":"","site-sidebar-layout":"default","site-content-layout":"","ast-site-content-layout":"default","site-content-style":"default","site-sidebar-style":"default","ast-global-header-display":"","ast-banner-title-visibility":"","ast-main-header-display":"","ast-hfb-above-header-display":"","ast-hfb-below-header-display":"","ast-hfb-mobile-header-display":"","site-post-title":"","ast-breadcrumbs-content":"","ast-featured-img":"","footer-sml-layout":"","ast-disable-related-posts":"","theme-transparent-header-meta":"","adv-header-id-meta":"","stick-header-meta":"","header-above-stick-meta":"","header-main-stick-meta":"","header-below-stick-meta":"","astra-migrate-meta-layouts":"default","ast-page-background-enabled":"default","ast-page-background-meta":{"desktop":{"background-color":"var(--ast-global-color-4)","background-image":"","background-repeat":"repeat","background-position":"center center","background-size":"auto","background-attachment":"scroll","background-type":"","background-media":"","overlay-type":"","overlay-color":"","overlay-opacity":"","overlay-gradient":""},"tablet":{"background-color":"","background-image":"","background-repeat":"repeat","background-position":"center center","background-size":"auto","background-attachment":"scroll","background-type":"","background-media":"","overlay-type":"","overlay-color":"","overlay-opacity":"","overlay-gradient":""},"mobile":{"background-color":"","background-image":"","background-repeat":"repeat","background-position":"center center","background-size":"auto","background-attachment":"scroll","background-type":"","background-media":"","overlay-type":"","overlay-color":"","overlay-opacity":"","overlay-gradient":""}},"ast-content-background-meta":{"desktop":{"background-color":"var(--ast-global-color-5)","background-image":"","background-repeat":"repeat","background-position":"center center","background-size":"auto","background-attachment":"scroll","background-type":"","background-media":"","overlay-type":"","overlay-color":"","overlay-opacity":"","overlay-gradient":""},"tablet":{"background-color":"var(--ast-global-color-5)","background-image":"","background-repeat":"repeat","background-position":"center center","background-size":"auto","background-attachment":"scroll","background-type":"","background-media":"","overlay-type":"","overlay-color":"","overlay-opacity":"","overlay-gradient":""},"mobile":{"background-color":"var(--ast-global-color-5)","background-image":"","background-repeat":"repeat","background-position":"center center","background-size":"auto","background-attachment":"scroll","background-type":"","background-media":"","overlay-type":"","overlay-color":"","overlay-opacity":"","overlay-gradient":""}},"footnotes":""},"class_list":["post-672","page","type-page","status-publish","hentry"],"yoast_head":"<!-- This site is optimized with the Yoast SEO plugin v27.5 - https:\/\/yoast.com\/product\/yoast-seo-wordpress\/ -->\n<title>Terms &amp; Conditions - AronAzarAr<\/title>\n<meta name=\"description\" content=\"Terms &amp; Conditions for aronazarar.com outlining service use, responsibilities, limitations, and user obligations.\" \/>\n<meta name=\"robots\" content=\"index, follow, max-snippet:-1, max-image-preview:large, max-video-preview:-1\" \/>\n<link rel=\"canonical\" href=\"https:\/\/aronazarar.com\/hu\/feltetelek-feltetelek\/\" \/>\n<meta property=\"og:locale\" content=\"hu_HU\" \/>\n<meta property=\"og:type\" content=\"article\" \/>\n<meta property=\"og:title\" content=\"Terms &amp; Conditions - AronAzarAr\" \/>\n<meta property=\"og:description\" content=\"Terms &amp; Conditions for aronazarar.com outlining service use, responsibilities, limitations, and user obligations.\" \/>\n<meta property=\"og:url\" content=\"https:\/\/aronazarar.com\/hu\/feltetelek-feltetelek\/\" \/>\n<meta property=\"og:site_name\" content=\"AronAzarAr\" \/>\n<meta property=\"article:modified_time\" content=\"2025-12-18T19:50:51+00:00\" \/>\n<meta name=\"twitter:card\" content=\"summary_large_image\" \/>\n<meta name=\"twitter:label1\" content=\"Becs\u00fclt olvas\u00e1si id\u0151\" \/>\n\t<meta name=\"twitter:data1\" content=\"1 perc\" \/>\n<script type=\"application\/ld+json\" class=\"yoast-schema-graph\">{\"@context\":\"https:\\\/\\\/schema.org\",\"@graph\":[{\"@type\":\"WebPage\",\"@id\":\"https:\\\/\\\/aronazarar.com\\\/terms-conditions\\\/\",\"url\":\"https:\\\/\\\/aronazarar.com\\\/terms-conditions\\\/\",\"name\":\"Terms &amp; Conditions - AronAzarAr\",\"isPartOf\":{\"@id\":\"https:\\\/\\\/aronazarar.com\\\/#website\"},\"datePublished\":\"2025-10-23T21:51:46+00:00\",\"dateModified\":\"2025-12-18T19:50:51+00:00\",\"description\":\"Terms & Conditions for aronazarar.com outlining service use, responsibilities, limitations, and user obligations.\",\"breadcrumb\":{\"@id\":\"https:\\\/\\\/aronazarar.com\\\/terms-conditions\\\/#breadcrumb\"},\"inLanguage\":\"hu\",\"potentialAction\":[{\"@type\":\"ReadAction\",\"target\":[\"https:\\\/\\\/aronazarar.com\\\/terms-conditions\\\/\"]}]},{\"@type\":\"BreadcrumbList\",\"@id\":\"https:\\\/\\\/aronazarar.com\\\/terms-conditions\\\/#breadcrumb\",\"itemListElement\":[{\"@type\":\"ListItem\",\"position\":1,\"name\":\"Kezd\u0151lap\",\"item\":\"https:\\\/\\\/aronazarar.com\\\/\"},{\"@type\":\"ListItem\",\"position\":2,\"name\":\"Terms &amp; Conditions\"}]},{\"@type\":\"WebSite\",\"@id\":\"https:\\\/\\\/aronazarar.com\\\/#website\",\"url\":\"https:\\\/\\\/aronazarar.com\\\/\",\"name\":\"AronAzarAr\",\"description\":\"Mesters\u00e9ges Intelligencia - Artificial Intelligence\",\"publisher\":{\"@id\":\"https:\\\/\\\/aronazarar.com\\\/#organization\"},\"potentialAction\":[{\"@type\":\"SearchAction\",\"target\":{\"@type\":\"EntryPoint\",\"urlTemplate\":\"https:\\\/\\\/aronazarar.com\\\/?s={search_term_string}\"},\"query-input\":{\"@type\":\"PropertyValueSpecification\",\"valueRequired\":true,\"valueName\":\"search_term_string\"}}],\"inLanguage\":\"hu\"},{\"@type\":\"Organization\",\"@id\":\"https:\\\/\\\/aronazarar.com\\\/#organization\",\"name\":\"AronAzarAr\",\"url\":\"https:\\\/\\\/aronazarar.com\\\/\",\"logo\":{\"@type\":\"ImageObject\",\"inLanguage\":\"hu\",\"@id\":\"https:\\\/\\\/aronazarar.com\\\/#\\\/schema\\\/logo\\\/image\\\/\",\"url\":\"https:\\\/\\\/aronazarar.com\\\/wp-content\\\/uploads\\\/2025\\\/09\\\/cropped-cropped-AronAzarAr-Logo.png\",\"contentUrl\":\"https:\\\/\\\/aronazarar.com\\\/wp-content\\\/uploads\\\/2025\\\/09\\\/cropped-cropped-AronAzarAr-Logo.png\",\"width\":512,\"height\":512,\"caption\":\"AronAzarAr\"},\"image\":{\"@id\":\"https:\\\/\\\/aronazarar.com\\\/#\\\/schema\\\/logo\\\/image\\\/\"}}]}<\/script>\n<!-- \/ Yoast SEO plugin. -->","yoast_head_json":{"title":"Terms &amp; Conditions - AronAzarAr","description":"Az aronazarar.com \u00e1ltal\u00e1nos szerz\u0151d\u00e9si felt\u00e9telei, amelyek a szolg\u00e1ltat\u00e1s haszn\u00e1lat\u00e1t, a felel\u0151ss\u00e9get, a korl\u00e1toz\u00e1sokat \u00e9s a felhaszn\u00e1l\u00f3i k\u00f6telezetts\u00e9geket tartalmazz\u00e1k.","robots":{"index":"index","follow":"follow","max-snippet":"max-snippet:-1","max-image-preview":"max-image-preview:large","max-video-preview":"max-video-preview:-1"},"canonical":"https:\/\/aronazarar.com\/hu\/feltetelek-feltetelek\/","og_locale":"hu_HU","og_type":"article","og_title":"Terms &amp; Conditions - AronAzarAr","og_description":"Terms & Conditions for aronazarar.com outlining service use, responsibilities, limitations, and user obligations.","og_url":"https:\/\/aronazarar.com\/hu\/feltetelek-feltetelek\/","og_site_name":"AronAzarAr","article_modified_time":"2025-12-18T19:50:51+00:00","twitter_card":"summary_large_image","twitter_misc":{"Becs\u00fclt olvas\u00e1si id\u0151":"1 perc"},"schema":{"@context":"https:\/\/schema.org","@graph":[{"@type":"WebPage","@id":"https:\/\/aronazarar.com\/terms-conditions\/","url":"https:\/\/aronazarar.com\/terms-conditions\/","name":"Terms &amp; Conditions - AronAzarAr","isPartOf":{"@id":"https:\/\/aronazarar.com\/#website"},"datePublished":"2025-10-23T21:51:46+00:00","dateModified":"2025-12-18T19:50:51+00:00","description":"Az aronazarar.com \u00e1ltal\u00e1nos szerz\u0151d\u00e9si felt\u00e9telei, amelyek a szolg\u00e1ltat\u00e1s haszn\u00e1lat\u00e1t, a felel\u0151ss\u00e9get, a korl\u00e1toz\u00e1sokat \u00e9s a felhaszn\u00e1l\u00f3i k\u00f6telezetts\u00e9geket tartalmazz\u00e1k.","breadcrumb":{"@id":"https:\/\/aronazarar.com\/terms-conditions\/#breadcrumb"},"inLanguage":"hu","potentialAction":[{"@type":"ReadAction","target":["https:\/\/aronazarar.com\/terms-conditions\/"]}]},{"@type":"BreadcrumbList","@id":"https:\/\/aronazarar.com\/terms-conditions\/#breadcrumb","itemListElement":[{"@type":"ListItem","position":1,"name":"Kezd\u0151lap","item":"https:\/\/aronazarar.com\/"},{"@type":"ListItem","position":2,"name":"Terms &amp; Conditions"}]},{"@type":"WebSite","@id":"https:\/\/aronazarar.com\/#website","url":"https:\/\/aronazarar.com\/","name":"AronAzarAr","description":"Mesters\u00e9ges intelligencia - Mesters\u00e9ges intelligencia","publisher":{"@id":"https:\/\/aronazarar.com\/#organization"},"potentialAction":[{"@type":"SearchAction","target":{"@type":"EntryPoint","urlTemplate":"https:\/\/aronazarar.com\/?s={search_term_string}"},"query-input":{"@type":"PropertyValueSpecification","valueRequired":true,"valueName":"search_term_string"}}],"inLanguage":"hu"},{"@type":"Organization","@id":"https:\/\/aronazarar.com\/#organization","name":"AronAzarAr","url":"https:\/\/aronazarar.com\/","logo":{"@type":"ImageObject","inLanguage":"hu","@id":"https:\/\/aronazarar.com\/#\/schema\/logo\/image\/","url":"https:\/\/aronazarar.com\/wp-content\/uploads\/2025\/09\/cropped-cropped-AronAzarAr-Logo.png","contentUrl":"https:\/\/aronazarar.com\/wp-content\/uploads\/2025\/09\/cropped-cropped-AronAzarAr-Logo.png","width":512,"height":512,"caption":"AronAzarAr"},"image":{"@id":"https:\/\/aronazarar.com\/#\/schema\/logo\/image\/"}}]}},"_hostinger_reach_plugin_has_subscription_block":false,"_hostinger_reach_plugin_is_elementor":false,"uagb_featured_image_src":{"full":false,"thumbnail":false,"medium":false,"medium_large":false,"large":false,"1536x1536":false,"2048x2048":false,"trp-custom-language-flag":false},"uagb_author_info":{"display_name":"AronAzarAr","author_link":"https:\/\/aronazarar.com\/hu\/author\/aronazarargmail-com\/"},"uagb_comment_info":0,"uagb_excerpt":"Effective Date: 3 nov 2025 1. Acceptance By using this website and its services, you agree to these Terms &amp; Conditions. 2. Services AronAzarAr provides AI content creation, educational resources, consulting, and strategic advice. All services are for informational purposes only unless explicitly agreed otherwise. 3. User Responsibilities Users must provide accurate information. Users may&hellip;","jetpack_sharing_enabled":true,"_links":{"self":[{"href":"https:\/\/aronazarar.com\/hu\/wp-json\/wp\/v2\/pages\/672","targetHints":{"allow":["GET"]}}],"collection":[{"href":"https:\/\/aronazarar.com\/hu\/wp-json\/wp\/v2\/pages"}],"about":[{"href":"https:\/\/aronazarar.com\/hu\/wp-json\/wp\/v2\/types\/page"}],"author":[{"embeddable":true,"href":"https:\/\/aronazarar.com\/hu\/wp-json\/wp\/v2\/users\/1"}],"replies":[{"embeddable":true,"href":"https:\/\/aronazarar.com\/hu\/wp-json\/wp\/v2\/comments?post=672"}],"version-history":[{"count":13,"href":"https:\/\/aronazarar.com\/hu\/wp-json\/wp\/v2\/pages\/672\/revisions"}],"predecessor-version":[{"id":776,"href":"https:\/\/aronazarar.com\/hu\/wp-json\/wp\/v2\/pages\/672\/revisions\/776"}],"wp:attachment":[{"href":"https:\/\/aronazarar.com\/hu\/wp-json\/wp\/v2\/media?parent=672"}],"curies":[{"name":"wp","href":"https:\/\/api.w.org\/{rel}","templated":true}]}}