{"id":664,"date":"2025-10-23T22:49:23","date_gmt":"2025-10-23T21:49:23","guid":{"rendered":"https:\/\/aronazarar.com\/?page_id=664"},"modified":"2025-11-03T22:09:16","modified_gmt":"2025-11-03T21:09:16","slug":"adatvedelmi-politika","status":"publish","type":"page","link":"https:\/\/aronazarar.com\/hu\/adatvedelmi-politika\/","title":{"rendered":"Adatv\u00e9delmi ir\u00e1nyelvek"},"content":{"rendered":"<div data-elementor-type=\"wp-page\" data-elementor-id=\"664\" class=\"elementor elementor-664\">\n\t\t\t\t<div class=\"elementor-element elementor-element-1a9a4508 e-flex e-con-boxed wpr-particle-no wpr-jarallax-no wpr-parallax-no wpr-sticky-section-no wpr-equal-height-no e-con e-parent\" data-id=\"1a9a4508\" data-element_type=\"container\" data-e-type=\"container\">\n\t\t\t\t\t<div class=\"e-con-inner\">\n\t\t\t\t<div class=\"elementor-element elementor-element-42b5aec9 elementor-widget elementor-widget-text-editor\" data-id=\"42b5aec9\" data-element_type=\"widget\" data-e-type=\"widget\" data-widget_type=\"text-editor.default\">\n\t\t\t\t\t\t\t\t\t<h3><\/h3>\n<h3 data-start=\"1465\" data-end=\"1562\"><strong data-start=\"1465\" data-end=\"1484\">Hat\u00e1lyos d\u00e1tum:<\/strong> 3 nov 2025<br data-start=\"1498\" data-end=\"1501\" \/><strong data-start=\"1501\" data-end=\"1513\">Weboldal:<\/strong> aronazarar.com<br data-start=\"1530\" data-end=\"1533\" \/><strong data-start=\"1533\" data-end=\"1545\">Kapcsolat:<\/strong> ar@aronazarar.com<\/h3>\n<h2 data-start=\"1564\" data-end=\"1583\">1. Bevezet\u00e9s<\/h2>\n<h3 data-start=\"1584\" data-end=\"1744\">Az AronAzarAr elk\u00f6telezett az \u00d6n szem\u00e9lyes adatainak v\u00e9delme mellett. Ez a szab\u00e1lyzat elmagyar\u00e1zza, hogy milyen adatokat gy\u0171jt\u00fcnk, hogyan haszn\u00e1ljuk fel azokat, \u00e9s a GDPR szerinti jogait.<\/h3>\n<h2 data-start=\"1746\" data-end=\"1767\">2. Gy\u0171jt\u00f6tt adatok<\/h2>\n<ul data-start=\"1768\" data-end=\"1990\">\n<li data-start=\"1768\" data-end=\"1831\">\n<h3 data-start=\"1770\" data-end=\"1831\"><strong data-start=\"1770\" data-end=\"1788\">Szem\u00e9lyes adatok:<\/strong> N\u00e9v, e-mail, telefon (pl. kapcsolatfelv\u00e9teli \u0171rlapok)<\/h3>\n<\/li>\n<li data-start=\"1832\" data-end=\"1906\">\n<h3 data-start=\"1834\" data-end=\"1906\"><strong data-start=\"1834\" data-end=\"1853\">M\u0171szaki adatok:<\/strong> IP-c\u00edm, b\u00f6ng\u00e9sz\u0151 t\u00edpusa, eszk\u00f6z, l\u00e1togat\u00e1si id\u0151b\u00e9lyegek<\/h3>\n<\/li>\n<li data-start=\"1907\" data-end=\"1990\">\n<h3 data-start=\"1909\" data-end=\"1990\"><strong data-start=\"1909\" data-end=\"1934\">S\u00fctik \u00e9s nyomk\u00f6vet\u0151k:<\/strong> Az oldal funkcionalit\u00e1s\u00e1hoz, analitik\u00e1hoz \u00e9s marketinghez haszn\u00e1lj\u00e1k.<\/h3>\n<\/li>\n<\/ul>\n<h2 data-start=\"1992\" data-end=\"2010\">3. Az adatok felhaszn\u00e1l\u00e1sa<\/h2>\n<h2 data-start=\"2011\" data-end=\"2028\">Az adatokat a k\u00f6vetkez\u0151kre haszn\u00e1ljuk:<\/h2>\n<ul data-start=\"2029\" data-end=\"2186\">\n<li data-start=\"2029\" data-end=\"2053\">\n<h3 data-start=\"2031\" data-end=\"2053\">V\u00e1laszoljon a megkeres\u00e9sekre<\/h3>\n<\/li>\n<li data-start=\"2054\" data-end=\"2099\">\n<h3 data-start=\"2056\" data-end=\"2099\">A weboldal funkcionalit\u00e1s\u00e1nak \u00e9s tartalm\u00e1nak jav\u00edt\u00e1sa<\/h3>\n<\/li>\n<li data-start=\"2100\" data-end=\"2156\">\n<h3 data-start=\"2102\" data-end=\"2156\">H\u00edrlevelek vagy marketing tartalmak k\u00fcld\u00e9se (hozz\u00e1j\u00e1rul\u00e1ssal)<\/h3>\n<\/li>\n<li data-start=\"2157\" data-end=\"2186\">\n<h3 data-start=\"2159\" data-end=\"2186\">Jogi k\u00f6telezetts\u00e9gek teljes\u00edt\u00e9se<\/h3>\n<\/li>\n<\/ul>\n<h2 data-start=\"2188\" data-end=\"2207\">4. Adatmegoszt\u00e1s<\/h2>\n<h3 data-start=\"2208\" data-end=\"2354\">Nem osztunk meg szem\u00e9lyes adatokat harmadik felekkel, kiv\u00e9ve, ha azt a t\u00f6rv\u00e9ny el\u0151\u00edrja, vagy ha anonimiz\u00e1lt elemz\u0151 szolg\u00e1ltat\u00e1sokat (pl. Google Analytics) haszn\u00e1lunk.<\/h3>\n<h2 data-start=\"2356\" data-end=\"2374\">5. Felhaszn\u00e1l\u00f3i jogok<\/h2>\n<h3 data-start=\"2375\" data-end=\"2399\">\u00d6nnek joga van a k\u00f6vetkez\u0151kh\u00f6z:<\/h3>\n<ul data-start=\"2400\" data-end=\"2528\">\n<li data-start=\"2400\" data-end=\"2437\">\n<h3 data-start=\"2402\" data-end=\"2437\">Hozz\u00e1f\u00e9r\u00e9s, helyesb\u00edt\u00e9s, t\u00f6rl\u00e9s<\/h3>\n<\/li>\n<li data-start=\"2438\" data-end=\"2461\">\n<h3 data-start=\"2440\" data-end=\"2461\">A feldolgoz\u00e1s korl\u00e1toz\u00e1sa<\/h3>\n<\/li>\n<li data-start=\"2462\" data-end=\"2482\">\n<h3 data-start=\"2464\" data-end=\"2482\">A hozz\u00e1j\u00e1rul\u00e1s visszavon\u00e1sa<\/h3>\n<\/li>\n<li data-start=\"2483\" data-end=\"2507\">\n<h3 data-start=\"2485\" data-end=\"2507\">Tiltakoz\u00e1s a feldolgoz\u00e1s ellen<\/h3>\n<\/li>\n<li data-start=\"2508\" data-end=\"2528\">\n<h3 data-start=\"2510\" data-end=\"2528\">Adathordozhat\u00f3s\u00e1g<\/h3>\n<\/li>\n<\/ul>\n<h2 data-start=\"2530\" data-end=\"2544\">6. Kapcsolat<\/h2>\n<h3 data-start=\"2545\" data-end=\"2626\">B\u00e1rmilyen k\u00e9rd\u00e9ssel vagy jogai gyakorl\u00e1s\u00e1val kapcsolatban forduljon hozz\u00e1nk a ar@aronazarar.com e-mail c\u00edmen.<\/h3>\n<h3><\/h3>\n<h3>\u00a0<\/h3>\n<h3><\/h3>\t\t\t\t\t\t\t\t<\/div>\n\t\t\t\t\t<\/div>\n\t\t\t\t<\/div>\n\t\t\t\t<\/div>","protected":false},"excerpt":{"rendered":"<p>Effective Date: 3 nov 2025Website: aronazarar.comContact: ar@aronazarar.com 1. Introduction AronAzarAr is committed to protecting your personal data. This policy explains what data we collect, how we use it, and your rights under the GDPR. 2. Data Collected Personal data: Name, email, phone (e.g., contact forms) Technical data: IP address, browser type, device, visit timestamps Cookies and trackers: Used for site functionality, analytics, and marketing 3. Use of Data We use data to: Respond to inquiries Improve website functionality and content Send newsletters or marketing content (with consent) Fulfill legal obligations 4. Data Sharing We do not share personal data with third parties except as required by law or when using anonymized analytics services (e.g., Google Analytics). 5. User Rights You have the right to: Access, correct, delete your data Restrict processing Withdraw consent Object to processing Data portability 6. Contact For any questions or to exercise your rights, contact us at ar@aronazarar.com \u00a0<\/p>","protected":false},"author":1,"featured_media":0,"parent":0,"menu_order":0,"comment_status":"closed","ping_status":"closed","template":"","meta":{"_uag_custom_page_level_css":"","site-sidebar-layout":"default","site-content-layout":"","ast-site-content-layout":"default","site-content-style":"default","site-sidebar-style":"default","ast-global-header-display":"","ast-banner-title-visibility":"","ast-main-header-display":"","ast-hfb-above-header-display":"","ast-hfb-below-header-display":"","ast-hfb-mobile-header-display":"","site-post-title":"","ast-breadcrumbs-content":"","ast-featured-img":"","footer-sml-layout":"","ast-disable-related-posts":"","theme-transparent-header-meta":"","adv-header-id-meta":"","stick-header-meta":"","header-above-stick-meta":"","header-main-stick-meta":"","header-below-stick-meta":"","astra-migrate-meta-layouts":"default","ast-page-background-enabled":"default","ast-page-background-meta":{"desktop":{"background-color":"var(--ast-global-color-4)","background-image":"","background-repeat":"repeat","background-position":"center center","background-size":"auto","background-attachment":"scroll","background-type":"","background-media":"","overlay-type":"","overlay-color":"","overlay-opacity":"","overlay-gradient":""},"tablet":{"background-color":"","background-image":"","background-repeat":"repeat","background-position":"center center","background-size":"auto","background-attachment":"scroll","background-type":"","background-media":"","overlay-type":"","overlay-color":"","overlay-opacity":"","overlay-gradient":""},"mobile":{"background-color":"","background-image":"","background-repeat":"repeat","background-position":"center center","background-size":"auto","background-attachment":"scroll","background-type":"","background-media":"","overlay-type":"","overlay-color":"","overlay-opacity":"","overlay-gradient":""}},"ast-content-background-meta":{"desktop":{"background-color":"var(--ast-global-color-5)","background-image":"","background-repeat":"repeat","background-position":"center center","background-size":"auto","background-attachment":"scroll","background-type":"","background-media":"","overlay-type":"","overlay-color":"","overlay-opacity":"","overlay-gradient":""},"tablet":{"background-color":"var(--ast-global-color-5)","background-image":"","background-repeat":"repeat","background-position":"center center","background-size":"auto","background-attachment":"scroll","background-type":"","background-media":"","overlay-type":"","overlay-color":"","overlay-opacity":"","overlay-gradient":""},"mobile":{"background-color":"var(--ast-global-color-5)","background-image":"","background-repeat":"repeat","background-position":"center center","background-size":"auto","background-attachment":"scroll","background-type":"","background-media":"","overlay-type":"","overlay-color":"","overlay-opacity":"","overlay-gradient":""}},"footnotes":""},"class_list":["post-664","page","type-page","status-publish","hentry"],"yoast_head":"<!-- This site is optimized with the Yoast SEO plugin v27.5 - https:\/\/yoast.com\/product\/yoast-seo-wordpress\/ -->\n<title>Privacy Policy - AronAzarAr<\/title>\n<meta name=\"description\" content=\"aronazarar.com privacy policy explains how we collect, use, and protect personal data per GDPR guidelines.\" \/>\n<meta name=\"robots\" content=\"index, follow, max-snippet:-1, max-image-preview:large, max-video-preview:-1\" \/>\n<link rel=\"canonical\" href=\"https:\/\/aronazarar.com\/hu\/adatvedelmi-politika\/\" \/>\n<meta property=\"og:locale\" content=\"hu_HU\" \/>\n<meta property=\"og:type\" content=\"article\" \/>\n<meta property=\"og:title\" content=\"Privacy Policy - AronAzarAr\" \/>\n<meta property=\"og:description\" content=\"aronazarar.com privacy policy explains how we collect, use, and protect personal data per GDPR guidelines.\" \/>\n<meta property=\"og:url\" content=\"https:\/\/aronazarar.com\/hu\/adatvedelmi-politika\/\" \/>\n<meta property=\"og:site_name\" content=\"AronAzarAr\" \/>\n<meta property=\"article:modified_time\" content=\"2025-11-03T21:09:16+00:00\" \/>\n<meta name=\"twitter:card\" content=\"summary_large_image\" \/>\n<meta name=\"twitter:label1\" content=\"Becs\u00fclt olvas\u00e1si id\u0151\" \/>\n\t<meta name=\"twitter:data1\" content=\"1 perc\" \/>\n<script type=\"application\/ld+json\" class=\"yoast-schema-graph\">{\"@context\":\"https:\\\/\\\/schema.org\",\"@graph\":[{\"@type\":\"WebPage\",\"@id\":\"https:\\\/\\\/aronazarar.com\\\/privacy-policy\\\/\",\"url\":\"https:\\\/\\\/aronazarar.com\\\/privacy-policy\\\/\",\"name\":\"Privacy Policy - AronAzarAr\",\"isPartOf\":{\"@id\":\"https:\\\/\\\/aronazarar.com\\\/#website\"},\"datePublished\":\"2025-10-23T21:49:23+00:00\",\"dateModified\":\"2025-11-03T21:09:16+00:00\",\"description\":\"aronazarar.com privacy policy explains how we collect, use, and protect personal data per GDPR guidelines.\",\"breadcrumb\":{\"@id\":\"https:\\\/\\\/aronazarar.com\\\/privacy-policy\\\/#breadcrumb\"},\"inLanguage\":\"hu\",\"potentialAction\":[{\"@type\":\"ReadAction\",\"target\":[\"https:\\\/\\\/aronazarar.com\\\/privacy-policy\\\/\"]}]},{\"@type\":\"BreadcrumbList\",\"@id\":\"https:\\\/\\\/aronazarar.com\\\/privacy-policy\\\/#breadcrumb\",\"itemListElement\":[{\"@type\":\"ListItem\",\"position\":1,\"name\":\"Kezd\u0151lap\",\"item\":\"https:\\\/\\\/aronazarar.com\\\/\"},{\"@type\":\"ListItem\",\"position\":2,\"name\":\"Privacy Policy\"}]},{\"@type\":\"WebSite\",\"@id\":\"https:\\\/\\\/aronazarar.com\\\/#website\",\"url\":\"https:\\\/\\\/aronazarar.com\\\/\",\"name\":\"AronAzarAr\",\"description\":\"Mesters\u00e9ges Intelligencia - Artificial Intelligence\",\"publisher\":{\"@id\":\"https:\\\/\\\/aronazarar.com\\\/#organization\"},\"potentialAction\":[{\"@type\":\"SearchAction\",\"target\":{\"@type\":\"EntryPoint\",\"urlTemplate\":\"https:\\\/\\\/aronazarar.com\\\/?s={search_term_string}\"},\"query-input\":{\"@type\":\"PropertyValueSpecification\",\"valueRequired\":true,\"valueName\":\"search_term_string\"}}],\"inLanguage\":\"hu\"},{\"@type\":\"Organization\",\"@id\":\"https:\\\/\\\/aronazarar.com\\\/#organization\",\"name\":\"AronAzarAr\",\"url\":\"https:\\\/\\\/aronazarar.com\\\/\",\"logo\":{\"@type\":\"ImageObject\",\"inLanguage\":\"hu\",\"@id\":\"https:\\\/\\\/aronazarar.com\\\/#\\\/schema\\\/logo\\\/image\\\/\",\"url\":\"https:\\\/\\\/aronazarar.com\\\/wp-content\\\/uploads\\\/2025\\\/09\\\/cropped-cropped-AronAzarAr-Logo.png\",\"contentUrl\":\"https:\\\/\\\/aronazarar.com\\\/wp-content\\\/uploads\\\/2025\\\/09\\\/cropped-cropped-AronAzarAr-Logo.png\",\"width\":512,\"height\":512,\"caption\":\"AronAzarAr\"},\"image\":{\"@id\":\"https:\\\/\\\/aronazarar.com\\\/#\\\/schema\\\/logo\\\/image\\\/\"}}]}<\/script>\n<!-- \/ Yoast SEO plugin. -->","yoast_head_json":{"title":"Adatv\u00e9delmi szab\u00e1lyzat - AronAzarAr","description":"Az aronazarar.com adatv\u00e9delmi ir\u00e1nyelvek elmagyar\u00e1zz\u00e1k, hogyan gy\u0171jtj\u00fck, haszn\u00e1ljuk \u00e9s v\u00e9dj\u00fck a szem\u00e9lyes adatokat a GDPR ir\u00e1nyelvek szerint.","robots":{"index":"index","follow":"follow","max-snippet":"max-snippet:-1","max-image-preview":"max-image-preview:large","max-video-preview":"max-video-preview:-1"},"canonical":"https:\/\/aronazarar.com\/hu\/adatvedelmi-politika\/","og_locale":"hu_HU","og_type":"article","og_title":"Privacy Policy - AronAzarAr","og_description":"aronazarar.com privacy policy explains how we collect, use, and protect personal data per GDPR guidelines.","og_url":"https:\/\/aronazarar.com\/hu\/adatvedelmi-politika\/","og_site_name":"AronAzarAr","article_modified_time":"2025-11-03T21:09:16+00:00","twitter_card":"summary_large_image","twitter_misc":{"Becs\u00fclt olvas\u00e1si id\u0151":"1 perc"},"schema":{"@context":"https:\/\/schema.org","@graph":[{"@type":"WebPage","@id":"https:\/\/aronazarar.com\/privacy-policy\/","url":"https:\/\/aronazarar.com\/privacy-policy\/","name":"Adatv\u00e9delmi szab\u00e1lyzat - AronAzarAr","isPartOf":{"@id":"https:\/\/aronazarar.com\/#website"},"datePublished":"2025-10-23T21:49:23+00:00","dateModified":"2025-11-03T21:09:16+00:00","description":"Az aronazarar.com adatv\u00e9delmi ir\u00e1nyelvek elmagyar\u00e1zz\u00e1k, hogyan gy\u0171jtj\u00fck, haszn\u00e1ljuk \u00e9s v\u00e9dj\u00fck a szem\u00e9lyes adatokat a GDPR ir\u00e1nyelvek szerint.","breadcrumb":{"@id":"https:\/\/aronazarar.com\/privacy-policy\/#breadcrumb"},"inLanguage":"hu","potentialAction":[{"@type":"ReadAction","target":["https:\/\/aronazarar.com\/privacy-policy\/"]}]},{"@type":"BreadcrumbList","@id":"https:\/\/aronazarar.com\/privacy-policy\/#breadcrumb","itemListElement":[{"@type":"ListItem","position":1,"name":"Kezd\u0151lap","item":"https:\/\/aronazarar.com\/"},{"@type":"ListItem","position":2,"name":"Privacy Policy"}]},{"@type":"WebSite","@id":"https:\/\/aronazarar.com\/#website","url":"https:\/\/aronazarar.com\/","name":"AronAzarAr","description":"Mesters\u00e9ges intelligencia - Mesters\u00e9ges intelligencia","publisher":{"@id":"https:\/\/aronazarar.com\/#organization"},"potentialAction":[{"@type":"SearchAction","target":{"@type":"EntryPoint","urlTemplate":"https:\/\/aronazarar.com\/?s={search_term_string}"},"query-input":{"@type":"PropertyValueSpecification","valueRequired":true,"valueName":"search_term_string"}}],"inLanguage":"hu"},{"@type":"Organization","@id":"https:\/\/aronazarar.com\/#organization","name":"AronAzarAr","url":"https:\/\/aronazarar.com\/","logo":{"@type":"ImageObject","inLanguage":"hu","@id":"https:\/\/aronazarar.com\/#\/schema\/logo\/image\/","url":"https:\/\/aronazarar.com\/wp-content\/uploads\/2025\/09\/cropped-cropped-AronAzarAr-Logo.png","contentUrl":"https:\/\/aronazarar.com\/wp-content\/uploads\/2025\/09\/cropped-cropped-AronAzarAr-Logo.png","width":512,"height":512,"caption":"AronAzarAr"},"image":{"@id":"https:\/\/aronazarar.com\/#\/schema\/logo\/image\/"}}]}},"_hostinger_reach_plugin_has_subscription_block":false,"_hostinger_reach_plugin_is_elementor":false,"uagb_featured_image_src":{"full":false,"thumbnail":false,"medium":false,"medium_large":false,"large":false,"1536x1536":false,"2048x2048":false,"trp-custom-language-flag":false},"uagb_author_info":{"display_name":"AronAzarAr","author_link":"https:\/\/aronazarar.com\/hu\/author\/aronazarargmail-com\/"},"uagb_comment_info":0,"uagb_excerpt":"Effective Date: 3 nov 2025Website: aronazarar.comContact: ar@aronazarar.com 1. Introduction AronAzarAr is committed to protecting your personal data. This policy explains what data we collect, how we use it, and your rights under the GDPR. 2. Data Collected Personal data: Name, email, phone (e.g., contact forms) Technical data: IP address, browser type, device, visit timestamps Cookies&hellip;","jetpack_sharing_enabled":true,"_links":{"self":[{"href":"https:\/\/aronazarar.com\/hu\/wp-json\/wp\/v2\/pages\/664","targetHints":{"allow":["GET"]}}],"collection":[{"href":"https:\/\/aronazarar.com\/hu\/wp-json\/wp\/v2\/pages"}],"about":[{"href":"https:\/\/aronazarar.com\/hu\/wp-json\/wp\/v2\/types\/page"}],"author":[{"embeddable":true,"href":"https:\/\/aronazarar.com\/hu\/wp-json\/wp\/v2\/users\/1"}],"replies":[{"embeddable":true,"href":"https:\/\/aronazarar.com\/hu\/wp-json\/wp\/v2\/comments?post=664"}],"version-history":[{"count":10,"href":"https:\/\/aronazarar.com\/hu\/wp-json\/wp\/v2\/pages\/664\/revisions"}],"predecessor-version":[{"id":773,"href":"https:\/\/aronazarar.com\/hu\/wp-json\/wp\/v2\/pages\/664\/revisions\/773"}],"wp:attachment":[{"href":"https:\/\/aronazarar.com\/hu\/wp-json\/wp\/v2\/media?parent=664"}],"curies":[{"name":"wp","href":"https:\/\/api.w.org\/{rel}","templated":true}]}}