{"id":658,"date":"2025-10-23T22:46:12","date_gmt":"2025-10-23T21:46:12","guid":{"rendered":"https:\/\/aronazarar.com\/?page_id=658"},"modified":"2025-11-05T19:52:50","modified_gmt":"2025-11-05T18:52:50","slug":"jogi-figyelmeztetes","status":"publish","type":"page","link":"https:\/\/aronazarar.com\/hu\/jogi-figyelmeztetes\/","title":{"rendered":"Jogi k\u00f6zlem\u00e9ny"},"content":{"rendered":"<div data-elementor-type=\"wp-page\" data-elementor-id=\"658\" class=\"elementor elementor-658\">\n\t\t\t\t<div class=\"elementor-element elementor-element-724f742c e-flex e-con-boxed wpr-particle-no wpr-jarallax-no wpr-parallax-no wpr-sticky-section-no wpr-equal-height-no e-con e-parent\" data-id=\"724f742c\" data-element_type=\"container\" data-e-type=\"container\">\n\t\t\t\t\t<div class=\"e-con-inner\">\n\t\t\t\t<div class=\"elementor-element elementor-element-62121bc6 elementor-widget elementor-widget-text-editor\" data-id=\"62121bc6\" data-element_type=\"widget\" data-e-type=\"widget\" data-widget_type=\"text-editor.default\">\n\t\t\t\t\t\t\t\t\t<p><\/p>\n<h3 data-start=\"344\" data-end=\"540\"><strong data-start=\"344\" data-end=\"365\">A weboldal \u00fczemeltet\u0151je:<\/strong>&nbsp;Aaron Azar Ar&nbsp;<br data-start=\"379\" data-end=\"382\"><strong data-start=\"382\" data-end=\"394\">C\u00edm:<\/strong>&nbsp;<b>L\u00e1nch\u00edd utca 15-17.<\/b><b>Apt. 4\/4<\/b><b>Budapest H-1013&nbsp;<\/b><b>Magyarorsz\u00e1g<\/b><br data-start=\"411\" data-end=\"414\"><strong data-start=\"414\" data-end=\"424\">E-mail:<\/strong>&nbsp;ar@aronazarar.com<br data-start=\"439\" data-end=\"442\"><strong data-start=\"442\" data-end=\"452\">Telefon:<\/strong>&nbsp;+36705428815<br data-start=\"467\" data-end=\"470\"><strong data-start=\"470\" data-end=\"502\">C\u00e9gjegyz\u00e9ksz\u00e1m: 61254552<\/strong><br data-start=\"511\" data-end=\"514\"><strong data-start=\"514\" data-end=\"529\">\u00c1FA sz\u00e1m:<\/strong>&nbsp;91489757141<\/h3>\n<h2 data-start=\"542\" data-end=\"564\">1. Weboldal tartalma<\/h2>\n<h3 data-start=\"565\" data-end=\"814\">A weboldalon tal\u00e1lhat\u00f3 tartalom a k\u00f6vetkez\u0151kre szolg\u00e1l <strong data-start=\"609\" data-end=\"656\">kiz\u00e1r\u00f3lag inform\u00e1ci\u00f3s \u00e9s oktat\u00e1si c\u00e9lokra<\/strong>. B\u00e1r t\u00f6reksz\u00fcnk a pontoss\u00e1g \u00e9s az id\u0151szer\u0171s\u00e9g biztos\u00edt\u00e1s\u00e1ra, az AronAzarAr <strong data-start=\"731\" data-end=\"760\">nem v\u00e1llal felel\u0151ss\u00e9get<\/strong> az esetleges hib\u00e1k\u00e9rt, kihagy\u00e1sok\u00e9rt vagy elavult inform\u00e1ci\u00f3k\u00e9rt.<\/h3>\n<h2 data-start=\"816\" data-end=\"832\">2. Szerz\u0151i jog<\/h2>\n<h3 data-start=\"833\" data-end=\"1021\">A weboldalon tal\u00e1lhat\u00f3 \u00f6sszes tartalom, sz\u00f6veg, k\u00e9p \u00e9s grafika <strong data-start=\"893\" data-end=\"919\">szerz\u0151i jogi v\u00e9delem alatt<\/strong>.<br data-start=\"920\" data-end=\"923\">Sokszoros\u00edt\u00e1s, terjeszt\u00e9s vagy b\u00e1rmilyen m\u00e1s felhaszn\u00e1l\u00e1s <strong data-start=\"968\" data-end=\"1004\">el\u0151zetes \u00edr\u00e1sbeli enged\u00e9ly n\u00e9lk\u00fcl<\/strong> tilos.<\/h3>\n<h2>3. K\u00fcls\u0151 hivatkoz\u00e1sok<\/h2>\n<h3 data-start=\"1045\" data-end=\"1225\">Ez a weboldal tartalmazhat harmadik felek weboldalaira mutat\u00f3 linkeket. AronAzarAr <strong data-start=\"1123\" data-end=\"1145\">nem felel\u0151s<\/strong> azok tartalm\u00e1\u00e9rt, adatv\u00e9delmi politik\u00e1j\u00e1\u00e9rt vagy a haszn\u00e1latukb\u00f3l ered\u0151 k\u00e1rok\u00e9rt.<\/h3>\n<h2 data-start=\"1227\" data-end=\"1254\">4. Felel\u0151ss\u00e9gi nyilatkozat<\/h2>\n<h3 data-start=\"1255\" data-end=\"1414\">A weboldal haszn\u00e1lata <strong data-start=\"1278\" data-end=\"1298\">saj\u00e1t felel\u0151ss\u00e9gre<\/strong>. AronAzarAr <strong data-start=\"1322\" data-end=\"1339\">nem felel\u0151s<\/strong> a jelen weboldal haszn\u00e1lat\u00e1b\u00f3l ered\u0151 k\u00f6zvetlen vagy k\u00f6zvetett k\u00e1rok\u00e9rt.<\/h3>\n<p><!-- \/wp:paragraph --><\/p>\t\t\t\t\t\t\t\t<\/div>\n\t\t\t\t\t<\/div>\n\t\t\t\t<\/div>\n\t\t\t\t<\/div>","protected":false},"excerpt":{"rendered":"<p>Website operator:&nbsp;Aaron Azar Ar&nbsp;Address:&nbsp;L\u00e1nch\u00edd utca 15-17.Apt. 4\/4Budapest H-1013&nbsp;HungaryEmail:&nbsp;ar@aronazarar.comPhone:&nbsp;+36705428815Company registration number: 61254552VAT number:&nbsp;91489757141 1. Website Content The content provided on this website is for informational and educational purposes only. While we strive to ensure accuracy and timeliness, AronAzarAr does not accept liability for any errors, omissions, or outdated information. 2. Copyright All content, text, images, and graphics on this website are protected by copyright.Reproduction, distribution, or any other use without prior written permission is prohibited. 3. External Links This website may contain links to third-party websites. AronAzarAr is not responsible for their content, privacy policies, or any damages resulting from their use. 4. Liability Disclaimer Use of this website is at your own risk. AronAzarAr is not liable for any direct or indirect damages arising from the use of this website.<\/p>","protected":false},"author":1,"featured_media":0,"parent":0,"menu_order":0,"comment_status":"closed","ping_status":"closed","template":"","meta":{"_uag_custom_page_level_css":"","site-sidebar-layout":"default","site-content-layout":"","ast-site-content-layout":"default","site-content-style":"default","site-sidebar-style":"default","ast-global-header-display":"","ast-banner-title-visibility":"","ast-main-header-display":"","ast-hfb-above-header-display":"","ast-hfb-below-header-display":"","ast-hfb-mobile-header-display":"","site-post-title":"","ast-breadcrumbs-content":"","ast-featured-img":"","footer-sml-layout":"","ast-disable-related-posts":"","theme-transparent-header-meta":"","adv-header-id-meta":"","stick-header-meta":"","header-above-stick-meta":"","header-main-stick-meta":"","header-below-stick-meta":"","astra-migrate-meta-layouts":"default","ast-page-background-enabled":"default","ast-page-background-meta":{"desktop":{"background-color":"var(--ast-global-color-4)","background-image":"","background-repeat":"repeat","background-position":"center center","background-size":"auto","background-attachment":"scroll","background-type":"","background-media":"","overlay-type":"","overlay-color":"","overlay-opacity":"","overlay-gradient":""},"tablet":{"background-color":"","background-image":"","background-repeat":"repeat","background-position":"center center","background-size":"auto","background-attachment":"scroll","background-type":"","background-media":"","overlay-type":"","overlay-color":"","overlay-opacity":"","overlay-gradient":""},"mobile":{"background-color":"","background-image":"","background-repeat":"repeat","background-position":"center center","background-size":"auto","background-attachment":"scroll","background-type":"","background-media":"","overlay-type":"","overlay-color":"","overlay-opacity":"","overlay-gradient":""}},"ast-content-background-meta":{"desktop":{"background-color":"var(--ast-global-color-5)","background-image":"","background-repeat":"repeat","background-position":"center center","background-size":"auto","background-attachment":"scroll","background-type":"","background-media":"","overlay-type":"","overlay-color":"","overlay-opacity":"","overlay-gradient":""},"tablet":{"background-color":"var(--ast-global-color-5)","background-image":"","background-repeat":"repeat","background-position":"center center","background-size":"auto","background-attachment":"scroll","background-type":"","background-media":"","overlay-type":"","overlay-color":"","overlay-opacity":"","overlay-gradient":""},"mobile":{"background-color":"var(--ast-global-color-5)","background-image":"","background-repeat":"repeat","background-position":"center center","background-size":"auto","background-attachment":"scroll","background-type":"","background-media":"","overlay-type":"","overlay-color":"","overlay-opacity":"","overlay-gradient":""}},"footnotes":""},"class_list":["post-658","page","type-page","status-publish","hentry"],"yoast_head":"<!-- This site is optimized with the Yoast SEO plugin v27.5 - https:\/\/yoast.com\/product\/yoast-seo-wordpress\/ -->\n<title>Legal Notice - AronAzarAr<\/title>\n<meta name=\"description\" content=\"Official legal notice for aronazarar.com: operator info, copyright, liability, and website terms clearly stated.\" \/>\n<meta name=\"robots\" content=\"index, follow, max-snippet:-1, max-image-preview:large, max-video-preview:-1\" \/>\n<link rel=\"canonical\" href=\"https:\/\/aronazarar.com\/hu\/jogi-figyelmeztetes\/\" \/>\n<meta property=\"og:locale\" content=\"hu_HU\" \/>\n<meta property=\"og:type\" content=\"article\" \/>\n<meta property=\"og:title\" content=\"Legal Notice - AronAzarAr\" \/>\n<meta property=\"og:description\" content=\"Official legal notice for aronazarar.com: operator info, copyright, liability, and website terms clearly stated.\" \/>\n<meta property=\"og:url\" content=\"https:\/\/aronazarar.com\/hu\/jogi-figyelmeztetes\/\" \/>\n<meta property=\"og:site_name\" content=\"AronAzarAr\" \/>\n<meta property=\"article:modified_time\" content=\"2025-11-05T18:52:50+00:00\" \/>\n<meta name=\"twitter:card\" content=\"summary_large_image\" \/>\n<meta name=\"twitter:label1\" content=\"Becs\u00fclt olvas\u00e1si id\u0151\" \/>\n\t<meta name=\"twitter:data1\" content=\"1 perc\" \/>\n<script type=\"application\/ld+json\" class=\"yoast-schema-graph\">{\"@context\":\"https:\\\/\\\/schema.org\",\"@graph\":[{\"@type\":\"WebPage\",\"@id\":\"https:\\\/\\\/aronazarar.com\\\/legal-notice\\\/\",\"url\":\"https:\\\/\\\/aronazarar.com\\\/legal-notice\\\/\",\"name\":\"Legal Notice - AronAzarAr\",\"isPartOf\":{\"@id\":\"https:\\\/\\\/aronazarar.com\\\/#website\"},\"datePublished\":\"2025-10-23T21:46:12+00:00\",\"dateModified\":\"2025-11-05T18:52:50+00:00\",\"description\":\"Official legal notice for aronazarar.com: operator info, copyright, liability, and website terms clearly stated.\",\"breadcrumb\":{\"@id\":\"https:\\\/\\\/aronazarar.com\\\/legal-notice\\\/#breadcrumb\"},\"inLanguage\":\"hu\",\"potentialAction\":[{\"@type\":\"ReadAction\",\"target\":[\"https:\\\/\\\/aronazarar.com\\\/legal-notice\\\/\"]}]},{\"@type\":\"BreadcrumbList\",\"@id\":\"https:\\\/\\\/aronazarar.com\\\/legal-notice\\\/#breadcrumb\",\"itemListElement\":[{\"@type\":\"ListItem\",\"position\":1,\"name\":\"Kezd\u0151lap\",\"item\":\"https:\\\/\\\/aronazarar.com\\\/\"},{\"@type\":\"ListItem\",\"position\":2,\"name\":\"Legal Notice\"}]},{\"@type\":\"WebSite\",\"@id\":\"https:\\\/\\\/aronazarar.com\\\/#website\",\"url\":\"https:\\\/\\\/aronazarar.com\\\/\",\"name\":\"AronAzarAr\",\"description\":\"Mesters\u00e9ges Intelligencia - Artificial Intelligence\",\"publisher\":{\"@id\":\"https:\\\/\\\/aronazarar.com\\\/#organization\"},\"potentialAction\":[{\"@type\":\"SearchAction\",\"target\":{\"@type\":\"EntryPoint\",\"urlTemplate\":\"https:\\\/\\\/aronazarar.com\\\/?s={search_term_string}\"},\"query-input\":{\"@type\":\"PropertyValueSpecification\",\"valueRequired\":true,\"valueName\":\"search_term_string\"}}],\"inLanguage\":\"hu\"},{\"@type\":\"Organization\",\"@id\":\"https:\\\/\\\/aronazarar.com\\\/#organization\",\"name\":\"AronAzarAr\",\"url\":\"https:\\\/\\\/aronazarar.com\\\/\",\"logo\":{\"@type\":\"ImageObject\",\"inLanguage\":\"hu\",\"@id\":\"https:\\\/\\\/aronazarar.com\\\/#\\\/schema\\\/logo\\\/image\\\/\",\"url\":\"https:\\\/\\\/aronazarar.com\\\/wp-content\\\/uploads\\\/2025\\\/09\\\/cropped-cropped-AronAzarAr-Logo.png\",\"contentUrl\":\"https:\\\/\\\/aronazarar.com\\\/wp-content\\\/uploads\\\/2025\\\/09\\\/cropped-cropped-AronAzarAr-Logo.png\",\"width\":512,\"height\":512,\"caption\":\"AronAzarAr\"},\"image\":{\"@id\":\"https:\\\/\\\/aronazarar.com\\\/#\\\/schema\\\/logo\\\/image\\\/\"}}]}<\/script>\n<!-- \/ Yoast SEO plugin. -->","yoast_head_json":{"title":"Jogi k\u00f6zlem\u00e9ny - AronAzarAr","description":"Az aronazarar.com hivatalos jogi k\u00f6zlem\u00e9nye: \u00fczemeltet\u0151i inform\u00e1ci\u00f3k, szerz\u0151i jog, felel\u0151ss\u00e9g \u00e9s a weboldal felt\u00e9telei egy\u00e9rtelm\u0171en szerepelnek.","robots":{"index":"index","follow":"follow","max-snippet":"max-snippet:-1","max-image-preview":"max-image-preview:large","max-video-preview":"max-video-preview:-1"},"canonical":"https:\/\/aronazarar.com\/hu\/jogi-figyelmeztetes\/","og_locale":"hu_HU","og_type":"article","og_title":"Legal Notice - AronAzarAr","og_description":"Official legal notice for aronazarar.com: operator info, copyright, liability, and website terms clearly stated.","og_url":"https:\/\/aronazarar.com\/hu\/jogi-figyelmeztetes\/","og_site_name":"AronAzarAr","article_modified_time":"2025-11-05T18:52:50+00:00","twitter_card":"summary_large_image","twitter_misc":{"Becs\u00fclt olvas\u00e1si id\u0151":"1 perc"},"schema":{"@context":"https:\/\/schema.org","@graph":[{"@type":"WebPage","@id":"https:\/\/aronazarar.com\/legal-notice\/","url":"https:\/\/aronazarar.com\/legal-notice\/","name":"Jogi k\u00f6zlem\u00e9ny - AronAzarAr","isPartOf":{"@id":"https:\/\/aronazarar.com\/#website"},"datePublished":"2025-10-23T21:46:12+00:00","dateModified":"2025-11-05T18:52:50+00:00","description":"Az aronazarar.com hivatalos jogi k\u00f6zlem\u00e9nye: \u00fczemeltet\u0151i inform\u00e1ci\u00f3k, szerz\u0151i jog, felel\u0151ss\u00e9g \u00e9s a weboldal felt\u00e9telei egy\u00e9rtelm\u0171en szerepelnek.","breadcrumb":{"@id":"https:\/\/aronazarar.com\/legal-notice\/#breadcrumb"},"inLanguage":"hu","potentialAction":[{"@type":"ReadAction","target":["https:\/\/aronazarar.com\/legal-notice\/"]}]},{"@type":"BreadcrumbList","@id":"https:\/\/aronazarar.com\/legal-notice\/#breadcrumb","itemListElement":[{"@type":"ListItem","position":1,"name":"Kezd\u0151lap","item":"https:\/\/aronazarar.com\/"},{"@type":"ListItem","position":2,"name":"Legal Notice"}]},{"@type":"WebSite","@id":"https:\/\/aronazarar.com\/#website","url":"https:\/\/aronazarar.com\/","name":"AronAzarAr","description":"Mesters\u00e9ges intelligencia - Mesters\u00e9ges intelligencia","publisher":{"@id":"https:\/\/aronazarar.com\/#organization"},"potentialAction":[{"@type":"SearchAction","target":{"@type":"EntryPoint","urlTemplate":"https:\/\/aronazarar.com\/?s={search_term_string}"},"query-input":{"@type":"PropertyValueSpecification","valueRequired":true,"valueName":"search_term_string"}}],"inLanguage":"hu"},{"@type":"Organization","@id":"https:\/\/aronazarar.com\/#organization","name":"AronAzarAr","url":"https:\/\/aronazarar.com\/","logo":{"@type":"ImageObject","inLanguage":"hu","@id":"https:\/\/aronazarar.com\/#\/schema\/logo\/image\/","url":"https:\/\/aronazarar.com\/wp-content\/uploads\/2025\/09\/cropped-cropped-AronAzarAr-Logo.png","contentUrl":"https:\/\/aronazarar.com\/wp-content\/uploads\/2025\/09\/cropped-cropped-AronAzarAr-Logo.png","width":512,"height":512,"caption":"AronAzarAr"},"image":{"@id":"https:\/\/aronazarar.com\/#\/schema\/logo\/image\/"}}]}},"_hostinger_reach_plugin_has_subscription_block":false,"_hostinger_reach_plugin_is_elementor":false,"uagb_featured_image_src":{"full":false,"thumbnail":false,"medium":false,"medium_large":false,"large":false,"1536x1536":false,"2048x2048":false,"trp-custom-language-flag":false},"uagb_author_info":{"display_name":"AronAzarAr","author_link":"https:\/\/aronazarar.com\/hu\/author\/aronazarargmail-com\/"},"uagb_comment_info":0,"uagb_excerpt":"Website operator:&nbsp;Aaron Azar Ar&nbsp;Address:&nbsp;L\u00e1nch\u00edd utca 15-17.Apt. 4\/4Budapest H-1013&nbsp;HungaryEmail:&nbsp;ar@aronazarar.comPhone:&nbsp;+36705428815Company registration number: 61254552VAT number:&nbsp;91489757141 1. Website Content The content provided on this website is for informational and educational purposes only. While we strive to ensure accuracy and timeliness, AronAzarAr does not accept liability for any errors, omissions, or outdated information. 2. Copyright All content, text, images, and&hellip;","jetpack_sharing_enabled":true,"_links":{"self":[{"href":"https:\/\/aronazarar.com\/hu\/wp-json\/wp\/v2\/pages\/658","targetHints":{"allow":["GET"]}}],"collection":[{"href":"https:\/\/aronazarar.com\/hu\/wp-json\/wp\/v2\/pages"}],"about":[{"href":"https:\/\/aronazarar.com\/hu\/wp-json\/wp\/v2\/types\/page"}],"author":[{"embeddable":true,"href":"https:\/\/aronazarar.com\/hu\/wp-json\/wp\/v2\/users\/1"}],"replies":[{"embeddable":true,"href":"https:\/\/aronazarar.com\/hu\/wp-json\/wp\/v2\/comments?post=658"}],"version-history":[{"count":9,"href":"https:\/\/aronazarar.com\/hu\/wp-json\/wp\/v2\/pages\/658\/revisions"}],"predecessor-version":[{"id":815,"href":"https:\/\/aronazarar.com\/hu\/wp-json\/wp\/v2\/pages\/658\/revisions\/815"}],"wp:attachment":[{"href":"https:\/\/aronazarar.com\/hu\/wp-json\/wp\/v2\/media?parent=658"}],"curies":[{"name":"wp","href":"https:\/\/api.w.org\/{rel}","templated":true}]}}