{"id":541,"date":"2025-10-15T21:43:32","date_gmt":"2025-10-15T20:43:32","guid":{"rendered":"https:\/\/aronazarar.com\/?page_id=541"},"modified":"2026-02-25T20:23:02","modified_gmt":"2026-02-25T19:23:02","slug":"a-honlaprol","status":"publish","type":"page","link":"https:\/\/aronazarar.com\/hu\/a-honlaprol\/","title":{"rendered":"R\u00f3lunk"},"content":{"rendered":"<div data-elementor-type=\"wp-page\" data-elementor-id=\"541\" class=\"elementor elementor-541\">\n\t\t\t\t<div class=\"elementor-element elementor-element-35b7975 e-flex e-con-boxed wpr-particle-no wpr-jarallax-no wpr-parallax-no wpr-sticky-section-no wpr-equal-height-no e-con e-parent\" data-id=\"35b7975\" data-element_type=\"container\" data-e-type=\"container\">\n\t\t\t\t\t<div class=\"e-con-inner\">\n\t\t<div class=\"elementor-element elementor-element-0110ecf e-con-full e-flex wpr-particle-no wpr-jarallax-no wpr-parallax-no wpr-sticky-section-no wpr-equal-height-no e-con e-child\" data-id=\"0110ecf\" data-element_type=\"container\" data-e-type=\"container\">\n\t\t\t\t<div class=\"elementor-element elementor-element-a9f9561 elementor-widget elementor-widget-image\" data-id=\"a9f9561\" data-element_type=\"widget\" data-e-type=\"widget\" data-widget_type=\"image.default\">\n\t\t\t\t\t\t\t\t\t\t\t\t\t\t\t<img fetchpriority=\"high\" decoding=\"async\" width=\"806\" height=\"1024\" src=\"https:\/\/aronazarar.com\/wp-content\/uploads\/2025\/10\/AAA0DP-806x1024.jpg\" class=\"attachment-large size-large wp-image-597\" alt=\"aaa0dp\" srcset=\"https:\/\/aronazarar.com\/wp-content\/uploads\/2025\/10\/AAA0DP-806x1024.jpg 806w, https:\/\/aronazarar.com\/wp-content\/uploads\/2025\/10\/AAA0DP-236x300.jpg 236w, https:\/\/aronazarar.com\/wp-content\/uploads\/2025\/10\/AAA0DP-768x976.jpg 768w, https:\/\/aronazarar.com\/wp-content\/uploads\/2025\/10\/AAA0DP-1209x1536.jpg 1209w, https:\/\/aronazarar.com\/wp-content\/uploads\/2025\/10\/AAA0DP-9x12.jpg 9w, https:\/\/aronazarar.com\/wp-content\/uploads\/2025\/10\/AAA0DP.jpg 1612w\" sizes=\"(max-width: 806px) 100vw, 806px\" title=\"R\u00f3lunk\">\t\t\t\t\t\t\t\t\t\t\t\t\t\t\t<\/div>\n\t\t\t\t<\/div>\n\t\t<div class=\"elementor-element elementor-element-bd0d028 e-con-full e-flex wpr-particle-no wpr-jarallax-no wpr-parallax-no wpr-sticky-section-no wpr-equal-height-no e-con e-child\" data-id=\"bd0d028\" data-element_type=\"container\" data-e-type=\"container\">\n\t\t\t\t<div class=\"elementor-element elementor-element-4fc447e elementor-widget elementor-widget-text-editor\" data-id=\"4fc447e\" data-element_type=\"widget\" data-e-type=\"widget\" data-widget_type=\"text-editor.default\">\n\t\t\t\t\t\t\t\t\t<h3>Hell\u00f3. Aaron Azar Ar vagyok. Pap\u00edron Eur\u00f3pa k\u00f6zep\u00e9n, a K\u00e1rp\u00e1t-medenc\u00e9ben sz\u00fclettem. A digit\u00e1lis technol\u00f3gi\u00e1val m\u00e1r a korai \u00e9vek \u00f3ta kapcsolatba ker\u00fcltem az office- \u00e9s szimul\u00e1ci\u00f3s szoftvereken kereszt\u00fcl.<\/h3><h3>A k\u00f6z\u00e9piskol\u00e1b\u00f3l kiv\u00e1l\u00f3 informatika jegyet kaptam, mik\u00f6zben folyamatosan edzettem \u00e9s  k\u00e9peztem magam \u00e9s k\u00f6rnyezetemet a lehet\u0151 legmagasabb szinten.\u00a0<\/h3><h3>Azokat az embereket r\u00e9szes\u00edtem el\u0151nyben, akik ambici\u00f3zusak \u00f6nmagukkal \u00e9s a kult\u00far\u00e1jukkal kapcsolatban, \u00e9s a legjobbat akarj\u00e1k kihozni bel\u0151l\u00fck. Ez egyar\u00e1nt igaz a projektekre \u00e9s a szabadid\u0151re. (Ide\u00e1lis esetben a kett\u0151 ugyanaz).<\/h3><h3>A mesters\u00e9ges intelligencia itt van, \u00e9s vele egy\u00fctt k\u00e9pesek vagyunk tudatoss\u00e1gunkat \u00e9s potenci\u00e1lunkat a legjobbra emelni. Olyan szervezetek, mint orsz\u00e1gok, v\u00e1llalatok \u00e9s alap\u00edtv\u00e1nyok versenyeznek \u00e9rte- \u00e9s vele egy\u00fctt a hatalom, az er\u0151forr\u00e1sok \u00e9s az erk\u00f6lcs miatt.\u00a0<\/h3><h3>Azt tanulom, amit tan\u00edtok, \u00e9s azt fejlesztem, ami fejleszt engem.\u00a0<\/h3><h3>&#8230;<br \/>\u00c9s \u00d6n, ehhez k\u00e9pest valaki.\u00a0<\/h3><h3>Szeretn\u00e9m, ha Magyarorsz\u00e1g az els\u0151 helyen \u00e1llna az AI-, a j\u00e1rm\u0171vek-, a sz\u00e1m\u00edt\u00f3g\u00e9pek-, a szoftverek-, az \u0171r-, a fegyverek-, a j\u00f3l\u00e9t- \u00e9s a mindennapi term\u00e9kek ter\u00e9n.\u00a0<\/h3>\t\t\t\t\t\t\t\t<\/div>\n\t\t\t\t<\/div>\n\t\t\t\t\t<\/div>\n\t\t\t\t<\/div>\n\t\t\t\t<\/div>","protected":false},"excerpt":{"rendered":"<p>Hello. I am Aaron Azar Ar. On papers, born in the centre of Europe, In the Carpathian-basin. Got in touch with the digital technology since the early years through office- and simulation softwares. Having excellent grade in Informatics from High School while continuously training and educating myself and surroundings at the highest possible level.\u00a0 I prefer people who are ambitious about themselves and their cultures and want to get the best out of it. This is both true for projects and free time. (Ideally, the two are the same). AI is here and together with it we are able to raise our consciousness and potential to the best.\u00a0Organizations like countries, companies and foundations are racing for- and with it because of power, resources and morals.\u00a0 I learn what I teach and develop what develops me.\u00a0 &#8230;And you, are someone in the aspect of it.\u00a0 I&#8217;d also like Hungary to rank 1st in AI, vehicles, computers, softwares, space, weapons, well-being and everyday products.\u00a0<\/p>","protected":false},"author":1,"featured_media":0,"parent":0,"menu_order":0,"comment_status":"closed","ping_status":"closed","template":"","meta":{"_uag_custom_page_level_css":"","site-sidebar-layout":"no-sidebar","site-content-layout":"","ast-site-content-layout":"full-width-container","site-content-style":"default","site-sidebar-style":"default","ast-global-header-display":"","ast-banner-title-visibility":"","ast-main-header-display":"","ast-hfb-above-header-display":"","ast-hfb-below-header-display":"","ast-hfb-mobile-header-display":"","site-post-title":"","ast-breadcrumbs-content":"","ast-featured-img":"disabled","footer-sml-layout":"","ast-disable-related-posts":"","theme-transparent-header-meta":"","adv-header-id-meta":"","stick-header-meta":"","header-above-stick-meta":"","header-main-stick-meta":"","header-below-stick-meta":"","astra-migrate-meta-layouts":"default","ast-page-background-enabled":"default","ast-page-background-meta":{"desktop":{"background-color":"var(--ast-global-color-4)","background-image":"","background-repeat":"repeat","background-position":"center center","background-size":"auto","background-attachment":"scroll","background-type":"","background-media":"","overlay-type":"","overlay-color":"","overlay-opacity":"","overlay-gradient":""},"tablet":{"background-color":"","background-image":"","background-repeat":"repeat","background-position":"center center","background-size":"auto","background-attachment":"scroll","background-type":"","background-media":"","overlay-type":"","overlay-color":"","overlay-opacity":"","overlay-gradient":""},"mobile":{"background-color":"","background-image":"","background-repeat":"repeat","background-position":"center center","background-size":"auto","background-attachment":"scroll","background-type":"","background-media":"","overlay-type":"","overlay-color":"","overlay-opacity":"","overlay-gradient":""}},"ast-content-background-meta":{"desktop":{"background-color":"var(--ast-global-color-5)","background-image":"","background-repeat":"repeat","background-position":"center center","background-size":"auto","background-attachment":"scroll","background-type":"","background-media":"","overlay-type":"","overlay-color":"","overlay-opacity":"","overlay-gradient":""},"tablet":{"background-color":"var(--ast-global-color-5)","background-image":"","background-repeat":"repeat","background-position":"center center","background-size":"auto","background-attachment":"scroll","background-type":"","background-media":"","overlay-type":"","overlay-color":"","overlay-opacity":"","overlay-gradient":""},"mobile":{"background-color":"var(--ast-global-color-5)","background-image":"","background-repeat":"repeat","background-position":"center center","background-size":"auto","background-attachment":"scroll","background-type":"","background-media":"","overlay-type":"","overlay-color":"","overlay-opacity":"","overlay-gradient":""}},"footnotes":""},"class_list":["post-541","page","type-page","status-publish","hentry"],"yoast_head":"<!-- This site is optimized with the Yoast SEO plugin v27.5 - https:\/\/yoast.com\/product\/yoast-seo-wordpress\/ -->\n<title>About - AronAzarAr<\/title>\n<meta name=\"description\" content=\"AI Advisor Aaron Azar Ar. Dedicated to raising human potential. Get bespoke Ethical AI strategy, content, and training.\" \/>\n<meta name=\"robots\" content=\"index, follow, max-snippet:-1, max-image-preview:large, max-video-preview:-1\" \/>\n<link rel=\"canonical\" href=\"https:\/\/aronazarar.com\/hu\/a-honlaprol\/\" \/>\n<meta property=\"og:locale\" content=\"hu_HU\" \/>\n<meta property=\"og:type\" content=\"article\" \/>\n<meta property=\"og:title\" content=\"About - AronAzarAr\" \/>\n<meta property=\"og:description\" content=\"AI Advisor Aaron Azar Ar. Dedicated to raising human potential. Get bespoke Ethical AI strategy, content, and training.\" \/>\n<meta property=\"og:url\" content=\"https:\/\/aronazarar.com\/hu\/a-honlaprol\/\" \/>\n<meta property=\"og:site_name\" content=\"AronAzarAr\" \/>\n<meta property=\"article:modified_time\" content=\"2026-02-25T19:23:02+00:00\" \/>\n<meta property=\"og:image\" content=\"https:\/\/aronazarar.com\/wp-content\/uploads\/2025\/10\/AAA0DP.jpg\" \/>\n\t<meta property=\"og:image:width\" content=\"1612\" \/>\n\t<meta property=\"og:image:height\" content=\"2048\" \/>\n\t<meta property=\"og:image:type\" content=\"image\/jpeg\" \/>\n<meta name=\"twitter:card\" content=\"summary_large_image\" \/>\n<meta name=\"twitter:label1\" content=\"Becs\u00fclt olvas\u00e1si id\u0151\" \/>\n\t<meta name=\"twitter:data1\" content=\"1 perc\" \/>\n<script type=\"application\/ld+json\" class=\"yoast-schema-graph\">{\"@context\":\"https:\\\/\\\/schema.org\",\"@graph\":[{\"@type\":\"WebPage\",\"@id\":\"https:\\\/\\\/aronazarar.com\\\/about\\\/\",\"url\":\"https:\\\/\\\/aronazarar.com\\\/about\\\/\",\"name\":\"About - AronAzarAr\",\"isPartOf\":{\"@id\":\"https:\\\/\\\/aronazarar.com\\\/#website\"},\"primaryImageOfPage\":{\"@id\":\"https:\\\/\\\/aronazarar.com\\\/about\\\/#primaryimage\"},\"image\":{\"@id\":\"https:\\\/\\\/aronazarar.com\\\/about\\\/#primaryimage\"},\"thumbnailUrl\":\"https:\\\/\\\/aronazarar.com\\\/wp-content\\\/uploads\\\/2025\\\/10\\\/AAA0DP-806x1024.jpg\",\"datePublished\":\"2025-10-15T20:43:32+00:00\",\"dateModified\":\"2026-02-25T19:23:02+00:00\",\"description\":\"AI Advisor Aaron Azar Ar. Dedicated to raising human potential. Get bespoke Ethical AI strategy, content, and training.\",\"breadcrumb\":{\"@id\":\"https:\\\/\\\/aronazarar.com\\\/about\\\/#breadcrumb\"},\"inLanguage\":\"hu\",\"potentialAction\":[{\"@type\":\"ReadAction\",\"target\":[\"https:\\\/\\\/aronazarar.com\\\/about\\\/\"]}]},{\"@type\":\"ImageObject\",\"inLanguage\":\"hu\",\"@id\":\"https:\\\/\\\/aronazarar.com\\\/about\\\/#primaryimage\",\"url\":\"https:\\\/\\\/aronazarar.com\\\/wp-content\\\/uploads\\\/2025\\\/10\\\/AAA0DP-806x1024.jpg\",\"contentUrl\":\"https:\\\/\\\/aronazarar.com\\\/wp-content\\\/uploads\\\/2025\\\/10\\\/AAA0DP-806x1024.jpg\"},{\"@type\":\"BreadcrumbList\",\"@id\":\"https:\\\/\\\/aronazarar.com\\\/about\\\/#breadcrumb\",\"itemListElement\":[{\"@type\":\"ListItem\",\"position\":1,\"name\":\"Kezd\u0151lap\",\"item\":\"https:\\\/\\\/aronazarar.com\\\/\"},{\"@type\":\"ListItem\",\"position\":2,\"name\":\"About\"}]},{\"@type\":\"WebSite\",\"@id\":\"https:\\\/\\\/aronazarar.com\\\/#website\",\"url\":\"https:\\\/\\\/aronazarar.com\\\/\",\"name\":\"AronAzarAr\",\"description\":\"Mesters\u00e9ges Intelligencia - Artificial Intelligence\",\"publisher\":{\"@id\":\"https:\\\/\\\/aronazarar.com\\\/#organization\"},\"potentialAction\":[{\"@type\":\"SearchAction\",\"target\":{\"@type\":\"EntryPoint\",\"urlTemplate\":\"https:\\\/\\\/aronazarar.com\\\/?s={search_term_string}\"},\"query-input\":{\"@type\":\"PropertyValueSpecification\",\"valueRequired\":true,\"valueName\":\"search_term_string\"}}],\"inLanguage\":\"hu\"},{\"@type\":\"Organization\",\"@id\":\"https:\\\/\\\/aronazarar.com\\\/#organization\",\"name\":\"AronAzarAr\",\"url\":\"https:\\\/\\\/aronazarar.com\\\/\",\"logo\":{\"@type\":\"ImageObject\",\"inLanguage\":\"hu\",\"@id\":\"https:\\\/\\\/aronazarar.com\\\/#\\\/schema\\\/logo\\\/image\\\/\",\"url\":\"https:\\\/\\\/aronazarar.com\\\/wp-content\\\/uploads\\\/2025\\\/09\\\/cropped-cropped-AronAzarAr-Logo.png\",\"contentUrl\":\"https:\\\/\\\/aronazarar.com\\\/wp-content\\\/uploads\\\/2025\\\/09\\\/cropped-cropped-AronAzarAr-Logo.png\",\"width\":512,\"height\":512,\"caption\":\"AronAzarAr\"},\"image\":{\"@id\":\"https:\\\/\\\/aronazarar.com\\\/#\\\/schema\\\/logo\\\/image\\\/\"}}]}<\/script>\n<!-- \/ Yoast SEO plugin. -->","yoast_head_json":{"title":"R\u00f3lunk - AronAzarAr","description":"AI tan\u00e1csad\u00f3 Aaron Azar Ar. Elk\u00f6telezett az emberi potenci\u00e1l n\u00f6vel\u00e9se ir\u00e1nt. Szem\u00e9lyre szabott etikus AI strat\u00e9gia, tartalom \u00e9s k\u00e9pz\u00e9s.","robots":{"index":"index","follow":"follow","max-snippet":"max-snippet:-1","max-image-preview":"max-image-preview:large","max-video-preview":"max-video-preview:-1"},"canonical":"https:\/\/aronazarar.com\/hu\/a-honlaprol\/","og_locale":"hu_HU","og_type":"article","og_title":"About - AronAzarAr","og_description":"AI Advisor Aaron Azar Ar. Dedicated to raising human potential. Get bespoke Ethical AI strategy, content, and training.","og_url":"https:\/\/aronazarar.com\/hu\/a-honlaprol\/","og_site_name":"AronAzarAr","article_modified_time":"2026-02-25T19:23:02+00:00","og_image":[{"width":1612,"height":2048,"url":"https:\/\/aronazarar.com\/wp-content\/uploads\/2025\/10\/AAA0DP.jpg","type":"image\/jpeg"}],"twitter_card":"summary_large_image","twitter_misc":{"Becs\u00fclt olvas\u00e1si id\u0151":"1 perc"},"schema":{"@context":"https:\/\/schema.org","@graph":[{"@type":"WebPage","@id":"https:\/\/aronazarar.com\/about\/","url":"https:\/\/aronazarar.com\/about\/","name":"R\u00f3lunk - AronAzarAr","isPartOf":{"@id":"https:\/\/aronazarar.com\/#website"},"primaryImageOfPage":{"@id":"https:\/\/aronazarar.com\/about\/#primaryimage"},"image":{"@id":"https:\/\/aronazarar.com\/about\/#primaryimage"},"thumbnailUrl":"https:\/\/aronazarar.com\/wp-content\/uploads\/2025\/10\/AAA0DP-806x1024.jpg","datePublished":"2025-10-15T20:43:32+00:00","dateModified":"2026-02-25T19:23:02+00:00","description":"AI tan\u00e1csad\u00f3 Aaron Azar Ar. Elk\u00f6telezett az emberi potenci\u00e1l n\u00f6vel\u00e9se ir\u00e1nt. Szem\u00e9lyre szabott etikus AI strat\u00e9gia, tartalom \u00e9s k\u00e9pz\u00e9s.","breadcrumb":{"@id":"https:\/\/aronazarar.com\/about\/#breadcrumb"},"inLanguage":"hu","potentialAction":[{"@type":"ReadAction","target":["https:\/\/aronazarar.com\/about\/"]}]},{"@type":"ImageObject","inLanguage":"hu","@id":"https:\/\/aronazarar.com\/about\/#primaryimage","url":"https:\/\/aronazarar.com\/wp-content\/uploads\/2025\/10\/AAA0DP-806x1024.jpg","contentUrl":"https:\/\/aronazarar.com\/wp-content\/uploads\/2025\/10\/AAA0DP-806x1024.jpg"},{"@type":"BreadcrumbList","@id":"https:\/\/aronazarar.com\/about\/#breadcrumb","itemListElement":[{"@type":"ListItem","position":1,"name":"Kezd\u0151lap","item":"https:\/\/aronazarar.com\/"},{"@type":"ListItem","position":2,"name":"About"}]},{"@type":"WebSite","@id":"https:\/\/aronazarar.com\/#website","url":"https:\/\/aronazarar.com\/","name":"AronAzarAr","description":"Mesters\u00e9ges intelligencia - Mesters\u00e9ges intelligencia","publisher":{"@id":"https:\/\/aronazarar.com\/#organization"},"potentialAction":[{"@type":"SearchAction","target":{"@type":"EntryPoint","urlTemplate":"https:\/\/aronazarar.com\/?s={search_term_string}"},"query-input":{"@type":"PropertyValueSpecification","valueRequired":true,"valueName":"search_term_string"}}],"inLanguage":"hu"},{"@type":"Organization","@id":"https:\/\/aronazarar.com\/#organization","name":"AronAzarAr","url":"https:\/\/aronazarar.com\/","logo":{"@type":"ImageObject","inLanguage":"hu","@id":"https:\/\/aronazarar.com\/#\/schema\/logo\/image\/","url":"https:\/\/aronazarar.com\/wp-content\/uploads\/2025\/09\/cropped-cropped-AronAzarAr-Logo.png","contentUrl":"https:\/\/aronazarar.com\/wp-content\/uploads\/2025\/09\/cropped-cropped-AronAzarAr-Logo.png","width":512,"height":512,"caption":"AronAzarAr"},"image":{"@id":"https:\/\/aronazarar.com\/#\/schema\/logo\/image\/"}}]}},"_hostinger_reach_plugin_has_subscription_block":false,"_hostinger_reach_plugin_is_elementor":false,"uagb_featured_image_src":{"full":false,"thumbnail":false,"medium":false,"medium_large":false,"large":false,"1536x1536":false,"2048x2048":false,"trp-custom-language-flag":false},"uagb_author_info":{"display_name":"AronAzarAr","author_link":"https:\/\/aronazarar.com\/hu\/author\/aronazarargmail-com\/"},"uagb_comment_info":0,"uagb_excerpt":"Hello. I am Aaron Azar Ar. On papers, born in the centre of Europe, In the Carpathian-basin. Got in touch with the digital technology since the early years through office- and simulation softwares. Having excellent grade in Informatics from High School while continuously training and educating myself and surroundings at the highest possible level.\u00a0 I&hellip;","jetpack_sharing_enabled":true,"_links":{"self":[{"href":"https:\/\/aronazarar.com\/hu\/wp-json\/wp\/v2\/pages\/541","targetHints":{"allow":["GET"]}}],"collection":[{"href":"https:\/\/aronazarar.com\/hu\/wp-json\/wp\/v2\/pages"}],"about":[{"href":"https:\/\/aronazarar.com\/hu\/wp-json\/wp\/v2\/types\/page"}],"author":[{"embeddable":true,"href":"https:\/\/aronazarar.com\/hu\/wp-json\/wp\/v2\/users\/1"}],"replies":[{"embeddable":true,"href":"https:\/\/aronazarar.com\/hu\/wp-json\/wp\/v2\/comments?post=541"}],"version-history":[{"count":34,"href":"https:\/\/aronazarar.com\/hu\/wp-json\/wp\/v2\/pages\/541\/revisions"}],"predecessor-version":[{"id":1236,"href":"https:\/\/aronazarar.com\/hu\/wp-json\/wp\/v2\/pages\/541\/revisions\/1236"}],"wp:attachment":[{"href":"https:\/\/aronazarar.com\/hu\/wp-json\/wp\/v2\/media?parent=541"}],"curies":[{"name":"wp","href":"https:\/\/api.w.org\/{rel}","templated":true}]}}