{"id":683,"date":"2025-10-23T23:00:02","date_gmt":"2025-10-23T22:00:02","guid":{"rendered":"https:\/\/aronazarar.com\/?page_id=683"},"modified":"2025-11-03T22:15:55","modified_gmt":"2025-11-03T21:15:55","slug":"politique-en-matiere-de-cookies","status":"publish","type":"page","link":"https:\/\/aronazarar.com\/fr\/politique-en-matiere-de-cookies\/","title":{"rendered":"Politique en mati\u00e8re de cookies"},"content":{"rendered":"<div data-elementor-type=\"wp-page\" data-elementor-id=\"683\" class=\"elementor elementor-683\">\n\t\t\t\t<div class=\"elementor-element elementor-element-3ad41686 e-flex e-con-boxed wpr-particle-no wpr-jarallax-no wpr-parallax-no wpr-sticky-section-no wpr-equal-height-no e-con e-parent\" data-id=\"3ad41686\" data-element_type=\"container\" data-e-type=\"container\">\n\t\t\t\t\t<div class=\"e-con-inner\">\n\t\t\t\t<div class=\"elementor-element elementor-element-17d8bed9 elementor-widget elementor-widget-text-editor\" data-id=\"17d8bed9\" data-element_type=\"widget\" data-e-type=\"widget\" data-widget_type=\"text-editor.default\">\n\t\t\t\t\t\t\t\t\t<h3 data-start=\"4138\" data-end=\"4173\"><strong data-start=\"4138\" data-end=\"4157\">Date d'entr\u00e9e en vigueur :<\/strong> 3 nov 2025<\/h3>\n<h2 data-start=\"4175\" data-end=\"4199\">1. Qu'est-ce qu'un cookie ?<\/h2>\n<h3 data-start=\"4200\" data-end=\"4313\">Les cookies sont de petits fichiers stock\u00e9s sur votre appareil afin d'am\u00e9liorer la fonctionnalit\u00e9 du site web, l'exp\u00e9rience de l'utilisateur et les analyses.<\/h3>\n<h2 data-start=\"4315\" data-end=\"4338\">2. Types de cookies<\/h2>\n<ul data-start=\"4339\" data-end=\"4615\">\n<li data-start=\"4339\" data-end=\"4397\">\n<h3 data-start=\"4341\" data-end=\"4397\"><strong data-start=\"4341\" data-end=\"4363\">Cookies n\u00e9cessaires :<\/strong> Essentiel pour le fonctionnement du site web<\/h3>\n<\/li>\n<li data-start=\"4398\" data-end=\"4493\">\n<h3 data-start=\"4400\" data-end=\"4493\"><strong data-start=\"4400\" data-end=\"4436\">Cookies de performance \/ d'analyse :<\/strong> nous aider \u00e0 comprendre l'utilisation du site (par exemple, Google Analytics)<\/h3>\n<\/li>\n<li data-start=\"4494\" data-end=\"4547\">\n<h3 data-start=\"4496\" data-end=\"4547\"><strong data-start=\"4496\" data-end=\"4519\">Cookies fonctionnels :<\/strong> M\u00e9moriser les pr\u00e9f\u00e9rences de l'utilisateur<\/h3>\n<\/li>\n<li data-start=\"4548\" data-end=\"4615\">\n<h3 data-start=\"4550\" data-end=\"4615\"><strong data-start=\"4550\" data-end=\"4572\">Cookies marketing :<\/strong> Utilis\u00e9 pour la publicit\u00e9 et la personnalisation<\/h3>\n<\/li>\n<\/ul>\n<h2 data-start=\"4617\" data-end=\"4640\">3. Gestion des cookies<\/h2>\n<h3 data-start=\"4641\" data-end=\"4789\">Vous pouvez g\u00e9rer ou d\u00e9sactiver les cookies par le biais des param\u00e8tres de votre navigateur. Certaines parties du site web peuvent <strong data-start=\"4736\" data-end=\"4762\">ne fonctionne pas correctement<\/strong> si les cookies sont d\u00e9sactiv\u00e9s.<\/h3>\n<h2 data-start=\"4791\" data-end=\"4817\">4. Cookies de tiers<\/h2>\n<h3 data-start=\"4818\" data-end=\"4962\">Notre site web peut utiliser des cookies de tiers \u00e0 des fins d'analyse ou de publicit\u00e9. Ces tiers <strong data-start=\"4924\" data-end=\"4959\">ont leur propre politique en mati\u00e8re de protection de la vie priv\u00e9e<\/strong>.<\/h3>\t\t\t\t\t\t\t\t<\/div>\n\t\t\t\t\t<\/div>\n\t\t\t\t<\/div>\n\t\t\t\t<\/div>","protected":false},"excerpt":{"rendered":"<p>Effective Date: 3 nov 2025 1. What Are Cookies? Cookies are small files stored on your device to improve website functionality, user experience, and analytics. 2. Types of Cookies Necessary cookies: Essential for website operation Performance \/ Analytics cookies: Help us understand site usage (e.g., Google Analytics) Functional cookies: Remember user preferences Marketing cookies: Used for advertising and personalization 3. Managing Cookies You can manage or disable cookies through your browser settings. Some parts of the website may not function correctly if cookies are disabled. 4. Third-Party Cookies Our website may use cookies from third parties for analytics or advertising purposes. These third parties have their own privacy policies.<\/p>","protected":false},"author":1,"featured_media":0,"parent":0,"menu_order":0,"comment_status":"closed","ping_status":"closed","template":"","meta":{"_uag_custom_page_level_css":"","site-sidebar-layout":"default","site-content-layout":"","ast-site-content-layout":"default","site-content-style":"default","site-sidebar-style":"default","ast-global-header-display":"","ast-banner-title-visibility":"","ast-main-header-display":"","ast-hfb-above-header-display":"","ast-hfb-below-header-display":"","ast-hfb-mobile-header-display":"","site-post-title":"","ast-breadcrumbs-content":"","ast-featured-img":"","footer-sml-layout":"","ast-disable-related-posts":"","theme-transparent-header-meta":"","adv-header-id-meta":"","stick-header-meta":"","header-above-stick-meta":"","header-main-stick-meta":"","header-below-stick-meta":"","astra-migrate-meta-layouts":"default","ast-page-background-enabled":"default","ast-page-background-meta":{"desktop":{"background-color":"var(--ast-global-color-4)","background-image":"","background-repeat":"repeat","background-position":"center center","background-size":"auto","background-attachment":"scroll","background-type":"","background-media":"","overlay-type":"","overlay-color":"","overlay-opacity":"","overlay-gradient":""},"tablet":{"background-color":"","background-image":"","background-repeat":"repeat","background-position":"center center","background-size":"auto","background-attachment":"scroll","background-type":"","background-media":"","overlay-type":"","overlay-color":"","overlay-opacity":"","overlay-gradient":""},"mobile":{"background-color":"","background-image":"","background-repeat":"repeat","background-position":"center center","background-size":"auto","background-attachment":"scroll","background-type":"","background-media":"","overlay-type":"","overlay-color":"","overlay-opacity":"","overlay-gradient":""}},"ast-content-background-meta":{"desktop":{"background-color":"var(--ast-global-color-5)","background-image":"","background-repeat":"repeat","background-position":"center center","background-size":"auto","background-attachment":"scroll","background-type":"","background-media":"","overlay-type":"","overlay-color":"","overlay-opacity":"","overlay-gradient":""},"tablet":{"background-color":"var(--ast-global-color-5)","background-image":"","background-repeat":"repeat","background-position":"center center","background-size":"auto","background-attachment":"scroll","background-type":"","background-media":"","overlay-type":"","overlay-color":"","overlay-opacity":"","overlay-gradient":""},"mobile":{"background-color":"var(--ast-global-color-5)","background-image":"","background-repeat":"repeat","background-position":"center center","background-size":"auto","background-attachment":"scroll","background-type":"","background-media":"","overlay-type":"","overlay-color":"","overlay-opacity":"","overlay-gradient":""}},"footnotes":""},"class_list":["post-683","page","type-page","status-publish","hentry"],"yoast_head":"<!-- This site is optimized with the Yoast SEO plugin v27.5 - https:\/\/yoast.com\/product\/yoast-seo-wordpress\/ -->\n<title>Cookie Policy - AronAzarAr<\/title>\n<meta name=\"description\" content=\"aronazarar.com cookie policy details necessary, analytics, functional, and marketing cookies with user control.\" \/>\n<meta name=\"robots\" content=\"index, follow, max-snippet:-1, max-image-preview:large, max-video-preview:-1\" \/>\n<link rel=\"canonical\" href=\"https:\/\/aronazarar.com\/fr\/politique-en-matiere-de-cookies\/\" \/>\n<meta property=\"og:locale\" content=\"fr_FR\" \/>\n<meta property=\"og:type\" content=\"article\" \/>\n<meta property=\"og:title\" content=\"Cookie Policy - AronAzarAr\" \/>\n<meta property=\"og:description\" content=\"aronazarar.com cookie policy details necessary, analytics, functional, and marketing cookies with user control.\" \/>\n<meta property=\"og:url\" content=\"https:\/\/aronazarar.com\/fr\/politique-en-matiere-de-cookies\/\" \/>\n<meta property=\"og:site_name\" content=\"AronAzarAr\" \/>\n<meta property=\"article:modified_time\" content=\"2025-11-03T21:15:55+00:00\" \/>\n<meta name=\"twitter:card\" content=\"summary_large_image\" \/>\n<meta name=\"twitter:label1\" content=\"Dur\u00e9e de lecture estim\u00e9e\" \/>\n\t<meta name=\"twitter:data1\" content=\"1 minute\" \/>\n<script type=\"application\/ld+json\" class=\"yoast-schema-graph\">{\"@context\":\"https:\\\/\\\/schema.org\",\"@graph\":[{\"@type\":\"WebPage\",\"@id\":\"https:\\\/\\\/aronazarar.com\\\/cookie-policy\\\/\",\"url\":\"https:\\\/\\\/aronazarar.com\\\/cookie-policy\\\/\",\"name\":\"Cookie Policy - AronAzarAr\",\"isPartOf\":{\"@id\":\"https:\\\/\\\/aronazarar.com\\\/#website\"},\"datePublished\":\"2025-10-23T22:00:02+00:00\",\"dateModified\":\"2025-11-03T21:15:55+00:00\",\"description\":\"aronazarar.com cookie policy details necessary, analytics, functional, and marketing cookies with user control.\",\"breadcrumb\":{\"@id\":\"https:\\\/\\\/aronazarar.com\\\/cookie-policy\\\/#breadcrumb\"},\"inLanguage\":\"fr-FR\",\"potentialAction\":[{\"@type\":\"ReadAction\",\"target\":[\"https:\\\/\\\/aronazarar.com\\\/cookie-policy\\\/\"]}]},{\"@type\":\"BreadcrumbList\",\"@id\":\"https:\\\/\\\/aronazarar.com\\\/cookie-policy\\\/#breadcrumb\",\"itemListElement\":[{\"@type\":\"ListItem\",\"position\":1,\"name\":\"Kezd\u0151lap\",\"item\":\"https:\\\/\\\/aronazarar.com\\\/\"},{\"@type\":\"ListItem\",\"position\":2,\"name\":\"Cookie Policy\"}]},{\"@type\":\"WebSite\",\"@id\":\"https:\\\/\\\/aronazarar.com\\\/#website\",\"url\":\"https:\\\/\\\/aronazarar.com\\\/\",\"name\":\"AronAzarAr\",\"description\":\"Mesters\u00e9ges Intelligencia - Artificial Intelligence\",\"publisher\":{\"@id\":\"https:\\\/\\\/aronazarar.com\\\/#organization\"},\"potentialAction\":[{\"@type\":\"SearchAction\",\"target\":{\"@type\":\"EntryPoint\",\"urlTemplate\":\"https:\\\/\\\/aronazarar.com\\\/?s={search_term_string}\"},\"query-input\":{\"@type\":\"PropertyValueSpecification\",\"valueRequired\":true,\"valueName\":\"search_term_string\"}}],\"inLanguage\":\"fr-FR\"},{\"@type\":\"Organization\",\"@id\":\"https:\\\/\\\/aronazarar.com\\\/#organization\",\"name\":\"AronAzarAr\",\"url\":\"https:\\\/\\\/aronazarar.com\\\/\",\"logo\":{\"@type\":\"ImageObject\",\"inLanguage\":\"fr-FR\",\"@id\":\"https:\\\/\\\/aronazarar.com\\\/#\\\/schema\\\/logo\\\/image\\\/\",\"url\":\"https:\\\/\\\/aronazarar.com\\\/wp-content\\\/uploads\\\/2025\\\/09\\\/cropped-cropped-AronAzarAr-Logo.png\",\"contentUrl\":\"https:\\\/\\\/aronazarar.com\\\/wp-content\\\/uploads\\\/2025\\\/09\\\/cropped-cropped-AronAzarAr-Logo.png\",\"width\":512,\"height\":512,\"caption\":\"AronAzarAr\"},\"image\":{\"@id\":\"https:\\\/\\\/aronazarar.com\\\/#\\\/schema\\\/logo\\\/image\\\/\"}}]}<\/script>\n<!-- \/ Yoast SEO plugin. -->","yoast_head_json":{"title":"Politique en mati\u00e8re de cookies - AronAzarAr","description":"La politique de cookies d'aronazarar.com d\u00e9taille les cookies n\u00e9cessaires, analytiques, fonctionnels et de marketing avec contr\u00f4le de l'utilisateur.","robots":{"index":"index","follow":"follow","max-snippet":"max-snippet:-1","max-image-preview":"max-image-preview:large","max-video-preview":"max-video-preview:-1"},"canonical":"https:\/\/aronazarar.com\/fr\/politique-en-matiere-de-cookies\/","og_locale":"fr_FR","og_type":"article","og_title":"Cookie Policy - AronAzarAr","og_description":"aronazarar.com cookie policy details necessary, analytics, functional, and marketing cookies with user control.","og_url":"https:\/\/aronazarar.com\/fr\/politique-en-matiere-de-cookies\/","og_site_name":"AronAzarAr","article_modified_time":"2025-11-03T21:15:55+00:00","twitter_card":"summary_large_image","twitter_misc":{"Dur\u00e9e de lecture estim\u00e9e":"1 minute"},"schema":{"@context":"https:\/\/schema.org","@graph":[{"@type":"WebPage","@id":"https:\/\/aronazarar.com\/cookie-policy\/","url":"https:\/\/aronazarar.com\/cookie-policy\/","name":"Politique en mati\u00e8re de cookies - AronAzarAr","isPartOf":{"@id":"https:\/\/aronazarar.com\/#website"},"datePublished":"2025-10-23T22:00:02+00:00","dateModified":"2025-11-03T21:15:55+00:00","description":"La politique de cookies d'aronazarar.com d\u00e9taille les cookies n\u00e9cessaires, analytiques, fonctionnels et de marketing avec contr\u00f4le de l'utilisateur.","breadcrumb":{"@id":"https:\/\/aronazarar.com\/cookie-policy\/#breadcrumb"},"inLanguage":"fr-FR","potentialAction":[{"@type":"ReadAction","target":["https:\/\/aronazarar.com\/cookie-policy\/"]}]},{"@type":"BreadcrumbList","@id":"https:\/\/aronazarar.com\/cookie-policy\/#breadcrumb","itemListElement":[{"@type":"ListItem","position":1,"name":"Kezd\u0151lap","item":"https:\/\/aronazarar.com\/"},{"@type":"ListItem","position":2,"name":"Cookie Policy"}]},{"@type":"WebSite","@id":"https:\/\/aronazarar.com\/#website","url":"https:\/\/aronazarar.com\/","name":"AronAzarAr","description":"Mesters\u00e9ges Intelligencia - Intelligence artificielle","publisher":{"@id":"https:\/\/aronazarar.com\/#organization"},"potentialAction":[{"@type":"SearchAction","target":{"@type":"EntryPoint","urlTemplate":"https:\/\/aronazarar.com\/?s={search_term_string}"},"query-input":{"@type":"PropertyValueSpecification","valueRequired":true,"valueName":"search_term_string"}}],"inLanguage":"fr-FR"},{"@type":"Organization","@id":"https:\/\/aronazarar.com\/#organization","name":"AronAzarAr","url":"https:\/\/aronazarar.com\/","logo":{"@type":"ImageObject","inLanguage":"fr-FR","@id":"https:\/\/aronazarar.com\/#\/schema\/logo\/image\/","url":"https:\/\/aronazarar.com\/wp-content\/uploads\/2025\/09\/cropped-cropped-AronAzarAr-Logo.png","contentUrl":"https:\/\/aronazarar.com\/wp-content\/uploads\/2025\/09\/cropped-cropped-AronAzarAr-Logo.png","width":512,"height":512,"caption":"AronAzarAr"},"image":{"@id":"https:\/\/aronazarar.com\/#\/schema\/logo\/image\/"}}]}},"_hostinger_reach_plugin_has_subscription_block":false,"_hostinger_reach_plugin_is_elementor":false,"uagb_featured_image_src":{"full":false,"thumbnail":false,"medium":false,"medium_large":false,"large":false,"1536x1536":false,"2048x2048":false,"trp-custom-language-flag":false},"uagb_author_info":{"display_name":"AronAzarAr","author_link":"https:\/\/aronazarar.com\/fr\/author\/aronazarargmail-com\/"},"uagb_comment_info":0,"uagb_excerpt":"Effective Date: 3 nov 2025 1. What Are Cookies? Cookies are small files stored on your device to improve website functionality, user experience, and analytics. 2. Types of Cookies Necessary cookies: Essential for website operation Performance \/ Analytics cookies: Help us understand site usage (e.g., Google Analytics) Functional cookies: Remember user preferences Marketing cookies: Used\u2026","jetpack_sharing_enabled":true,"_links":{"self":[{"href":"https:\/\/aronazarar.com\/fr\/wp-json\/wp\/v2\/pages\/683","targetHints":{"allow":["GET"]}}],"collection":[{"href":"https:\/\/aronazarar.com\/fr\/wp-json\/wp\/v2\/pages"}],"about":[{"href":"https:\/\/aronazarar.com\/fr\/wp-json\/wp\/v2\/types\/page"}],"author":[{"embeddable":true,"href":"https:\/\/aronazarar.com\/fr\/wp-json\/wp\/v2\/users\/1"}],"replies":[{"embeddable":true,"href":"https:\/\/aronazarar.com\/fr\/wp-json\/wp\/v2\/comments?post=683"}],"version-history":[{"count":7,"href":"https:\/\/aronazarar.com\/fr\/wp-json\/wp\/v2\/pages\/683\/revisions"}],"predecessor-version":[{"id":783,"href":"https:\/\/aronazarar.com\/fr\/wp-json\/wp\/v2\/pages\/683\/revisions\/783"}],"wp:attachment":[{"href":"https:\/\/aronazarar.com\/fr\/wp-json\/wp\/v2\/media?parent=683"}],"curies":[{"name":"wp","href":"https:\/\/api.w.org\/{rel}","templated":true}]}}