{"id":664,"date":"2025-10-23T22:49:23","date_gmt":"2025-10-23T21:49:23","guid":{"rendered":"https:\/\/aronazarar.com\/?page_id=664"},"modified":"2025-11-03T22:09:16","modified_gmt":"2025-11-03T21:09:16","slug":"politique-de-confidentialite","status":"publish","type":"page","link":"https:\/\/aronazarar.com\/fr\/politique-de-confidentialite\/","title":{"rendered":"Politique de confidentialit\u00e9"},"content":{"rendered":"<div data-elementor-type=\"wp-page\" data-elementor-id=\"664\" class=\"elementor elementor-664\">\n\t\t\t\t<div class=\"elementor-element elementor-element-1a9a4508 e-flex e-con-boxed wpr-particle-no wpr-jarallax-no wpr-parallax-no wpr-sticky-section-no wpr-equal-height-no e-con e-parent\" data-id=\"1a9a4508\" data-element_type=\"container\" data-e-type=\"container\">\n\t\t\t\t\t<div class=\"e-con-inner\">\n\t\t\t\t<div class=\"elementor-element elementor-element-42b5aec9 elementor-widget elementor-widget-text-editor\" data-id=\"42b5aec9\" data-element_type=\"widget\" data-e-type=\"widget\" data-widget_type=\"text-editor.default\">\n\t\t\t\t\t\t\t\t\t<h3><\/h3>\n<h3 data-start=\"1465\" data-end=\"1562\"><strong data-start=\"1465\" data-end=\"1484\">Date d'entr\u00e9e en vigueur :<\/strong> 3 nov 2025<br data-start=\"1498\" data-end=\"1501\" \/><strong data-start=\"1501\" data-end=\"1513\">Site web :<\/strong> aronazarar.com<br data-start=\"1530\" data-end=\"1533\" \/><strong data-start=\"1533\" data-end=\"1545\">Contact :<\/strong> ar@aronazarar.com<\/h3>\n<h2 data-start=\"1564\" data-end=\"1583\">1. Introduction<\/h2>\n<h3 data-start=\"1584\" data-end=\"1744\">AronAzarAr s'engage \u00e0 prot\u00e9ger vos donn\u00e9es personnelles. Cette politique explique quelles donn\u00e9es nous collectons, comment nous les utilisons et quels sont vos droits en vertu du GDPR.<\/h3>\n<h2 data-start=\"1746\" data-end=\"1767\">2. Donn\u00e9es collect\u00e9es<\/h2>\n<ul data-start=\"1768\" data-end=\"1990\">\n<li data-start=\"1768\" data-end=\"1831\">\n<h3 data-start=\"1770\" data-end=\"1831\"><strong data-start=\"1770\" data-end=\"1788\">Donn\u00e9es personnelles :<\/strong> Nom, courriel, t\u00e9l\u00e9phone (par exemple, formulaires de contact)<\/h3>\n<\/li>\n<li data-start=\"1832\" data-end=\"1906\">\n<h3 data-start=\"1834\" data-end=\"1906\"><strong data-start=\"1834\" data-end=\"1853\">Donn\u00e9es techniques :<\/strong> Adresse IP, type de navigateur, appareil, horodatage des visites<\/h3>\n<\/li>\n<li data-start=\"1907\" data-end=\"1990\">\n<h3 data-start=\"1909\" data-end=\"1990\"><strong data-start=\"1909\" data-end=\"1934\">Cookies et traceurs :<\/strong> Utilis\u00e9 pour la fonctionnalit\u00e9 du site, l'analyse et le marketing<\/h3>\n<\/li>\n<\/ul>\n<h2 data-start=\"1992\" data-end=\"2010\">3. Utilisation des donn\u00e9es<\/h2>\n<h2 data-start=\"2011\" data-end=\"2028\">Nous utilisons les donn\u00e9es pour :<\/h2>\n<ul data-start=\"2029\" data-end=\"2186\">\n<li data-start=\"2029\" data-end=\"2053\">\n<h3 data-start=\"2031\" data-end=\"2053\">R\u00e9pondre aux demandes de renseignements<\/h3>\n<\/li>\n<li data-start=\"2054\" data-end=\"2099\">\n<h3 data-start=\"2056\" data-end=\"2099\">Am\u00e9liorer la fonctionnalit\u00e9 et le contenu du site web<\/h3>\n<\/li>\n<li data-start=\"2100\" data-end=\"2156\">\n<h3 data-start=\"2102\" data-end=\"2156\">Envoyer des lettres d'information ou du contenu marketing (avec le consentement de l'int\u00e9ress\u00e9)<\/h3>\n<\/li>\n<li data-start=\"2157\" data-end=\"2186\">\n<h3 data-start=\"2159\" data-end=\"2186\">Remplir les obligations l\u00e9gales<\/h3>\n<\/li>\n<\/ul>\n<h2 data-start=\"2188\" data-end=\"2207\">4. Partage des donn\u00e9es<\/h2>\n<h3 data-start=\"2208\" data-end=\"2354\">Nous ne partageons pas de donn\u00e9es personnelles avec des tiers, sauf si la loi l'exige ou si nous utilisons des services d'analyse anonymes (par exemple, Google Analytics).<\/h3>\n<h2 data-start=\"2356\" data-end=\"2374\">5. Droits de l'utilisateur<\/h2>\n<h3 data-start=\"2375\" data-end=\"2399\">Vous avez le droit de :<\/h3>\n<ul data-start=\"2400\" data-end=\"2528\">\n<li data-start=\"2400\" data-end=\"2437\">\n<h3 data-start=\"2402\" data-end=\"2437\">Acc\u00e9der, corriger, supprimer vos donn\u00e9es<\/h3>\n<\/li>\n<li data-start=\"2438\" data-end=\"2461\">\n<h3 data-start=\"2440\" data-end=\"2461\">Restreindre le traitement<\/h3>\n<\/li>\n<li data-start=\"2462\" data-end=\"2482\">\n<h3 data-start=\"2464\" data-end=\"2482\">Retrait du consentement<\/h3>\n<\/li>\n<li data-start=\"2483\" data-end=\"2507\">\n<h3 data-start=\"2485\" data-end=\"2507\">Objection au traitement<\/h3>\n<\/li>\n<li data-start=\"2508\" data-end=\"2528\">\n<h3 data-start=\"2510\" data-end=\"2528\">Portabilit\u00e9 des donn\u00e9es<\/h3>\n<\/li>\n<\/ul>\n<h2 data-start=\"2530\" data-end=\"2544\">6. Contact<\/h2>\n<h3 data-start=\"2545\" data-end=\"2626\">Pour toute question ou pour exercer vos droits, contactez-nous \u00e0 l'adresse suivante : ar@aronazarar.com<\/h3>\n<h3><\/h3>\n<h3>\u00a0<\/h3>\n<h3><\/h3>\t\t\t\t\t\t\t\t<\/div>\n\t\t\t\t\t<\/div>\n\t\t\t\t<\/div>\n\t\t\t\t<\/div>","protected":false},"excerpt":{"rendered":"<p>Effective Date: 3 nov 2025Website: aronazarar.comContact: ar@aronazarar.com 1. Introduction AronAzarAr is committed to protecting your personal data. This policy explains what data we collect, how we use it, and your rights under the GDPR. 2. Data Collected Personal data: Name, email, phone (e.g., contact forms) Technical data: IP address, browser type, device, visit timestamps Cookies and trackers: Used for site functionality, analytics, and marketing 3. Use of Data We use data to: Respond to inquiries Improve website functionality and content Send newsletters or marketing content (with consent) Fulfill legal obligations 4. Data Sharing We do not share personal data with third parties except as required by law or when using anonymized analytics services (e.g., Google Analytics). 5. User Rights You have the right to: Access, correct, delete your data Restrict processing Withdraw consent Object to processing Data portability 6. Contact For any questions or to exercise your rights, contact us at ar@aronazarar.com \u00a0<\/p>","protected":false},"author":1,"featured_media":0,"parent":0,"menu_order":0,"comment_status":"closed","ping_status":"closed","template":"","meta":{"_uag_custom_page_level_css":"","site-sidebar-layout":"default","site-content-layout":"","ast-site-content-layout":"default","site-content-style":"default","site-sidebar-style":"default","ast-global-header-display":"","ast-banner-title-visibility":"","ast-main-header-display":"","ast-hfb-above-header-display":"","ast-hfb-below-header-display":"","ast-hfb-mobile-header-display":"","site-post-title":"","ast-breadcrumbs-content":"","ast-featured-img":"","footer-sml-layout":"","ast-disable-related-posts":"","theme-transparent-header-meta":"","adv-header-id-meta":"","stick-header-meta":"","header-above-stick-meta":"","header-main-stick-meta":"","header-below-stick-meta":"","astra-migrate-meta-layouts":"default","ast-page-background-enabled":"default","ast-page-background-meta":{"desktop":{"background-color":"var(--ast-global-color-4)","background-image":"","background-repeat":"repeat","background-position":"center center","background-size":"auto","background-attachment":"scroll","background-type":"","background-media":"","overlay-type":"","overlay-color":"","overlay-opacity":"","overlay-gradient":""},"tablet":{"background-color":"","background-image":"","background-repeat":"repeat","background-position":"center center","background-size":"auto","background-attachment":"scroll","background-type":"","background-media":"","overlay-type":"","overlay-color":"","overlay-opacity":"","overlay-gradient":""},"mobile":{"background-color":"","background-image":"","background-repeat":"repeat","background-position":"center center","background-size":"auto","background-attachment":"scroll","background-type":"","background-media":"","overlay-type":"","overlay-color":"","overlay-opacity":"","overlay-gradient":""}},"ast-content-background-meta":{"desktop":{"background-color":"var(--ast-global-color-5)","background-image":"","background-repeat":"repeat","background-position":"center center","background-size":"auto","background-attachment":"scroll","background-type":"","background-media":"","overlay-type":"","overlay-color":"","overlay-opacity":"","overlay-gradient":""},"tablet":{"background-color":"var(--ast-global-color-5)","background-image":"","background-repeat":"repeat","background-position":"center center","background-size":"auto","background-attachment":"scroll","background-type":"","background-media":"","overlay-type":"","overlay-color":"","overlay-opacity":"","overlay-gradient":""},"mobile":{"background-color":"var(--ast-global-color-5)","background-image":"","background-repeat":"repeat","background-position":"center center","background-size":"auto","background-attachment":"scroll","background-type":"","background-media":"","overlay-type":"","overlay-color":"","overlay-opacity":"","overlay-gradient":""}},"footnotes":""},"class_list":["post-664","page","type-page","status-publish","hentry"],"yoast_head":"<!-- This site is optimized with the Yoast SEO plugin v27.5 - https:\/\/yoast.com\/product\/yoast-seo-wordpress\/ -->\n<title>Privacy Policy - AronAzarAr<\/title>\n<meta name=\"description\" content=\"aronazarar.com privacy policy explains how we collect, use, and protect personal data per GDPR guidelines.\" \/>\n<meta name=\"robots\" content=\"index, follow, max-snippet:-1, max-image-preview:large, max-video-preview:-1\" \/>\n<link rel=\"canonical\" href=\"https:\/\/aronazarar.com\/fr\/politique-de-confidentialite\/\" \/>\n<meta property=\"og:locale\" content=\"fr_FR\" \/>\n<meta property=\"og:type\" content=\"article\" \/>\n<meta property=\"og:title\" content=\"Privacy Policy - AronAzarAr\" \/>\n<meta property=\"og:description\" content=\"aronazarar.com privacy policy explains how we collect, use, and protect personal data per GDPR guidelines.\" \/>\n<meta property=\"og:url\" content=\"https:\/\/aronazarar.com\/fr\/politique-de-confidentialite\/\" \/>\n<meta property=\"og:site_name\" content=\"AronAzarAr\" \/>\n<meta property=\"article:modified_time\" content=\"2025-11-03T21:09:16+00:00\" \/>\n<meta name=\"twitter:card\" content=\"summary_large_image\" \/>\n<meta name=\"twitter:label1\" content=\"Dur\u00e9e de lecture estim\u00e9e\" \/>\n\t<meta name=\"twitter:data1\" content=\"1 minute\" \/>\n<script type=\"application\/ld+json\" class=\"yoast-schema-graph\">{\"@context\":\"https:\\\/\\\/schema.org\",\"@graph\":[{\"@type\":\"WebPage\",\"@id\":\"https:\\\/\\\/aronazarar.com\\\/privacy-policy\\\/\",\"url\":\"https:\\\/\\\/aronazarar.com\\\/privacy-policy\\\/\",\"name\":\"Privacy Policy - AronAzarAr\",\"isPartOf\":{\"@id\":\"https:\\\/\\\/aronazarar.com\\\/#website\"},\"datePublished\":\"2025-10-23T21:49:23+00:00\",\"dateModified\":\"2025-11-03T21:09:16+00:00\",\"description\":\"aronazarar.com privacy policy explains how we collect, use, and protect personal data per GDPR guidelines.\",\"breadcrumb\":{\"@id\":\"https:\\\/\\\/aronazarar.com\\\/privacy-policy\\\/#breadcrumb\"},\"inLanguage\":\"fr-FR\",\"potentialAction\":[{\"@type\":\"ReadAction\",\"target\":[\"https:\\\/\\\/aronazarar.com\\\/privacy-policy\\\/\"]}]},{\"@type\":\"BreadcrumbList\",\"@id\":\"https:\\\/\\\/aronazarar.com\\\/privacy-policy\\\/#breadcrumb\",\"itemListElement\":[{\"@type\":\"ListItem\",\"position\":1,\"name\":\"Kezd\u0151lap\",\"item\":\"https:\\\/\\\/aronazarar.com\\\/\"},{\"@type\":\"ListItem\",\"position\":2,\"name\":\"Privacy Policy\"}]},{\"@type\":\"WebSite\",\"@id\":\"https:\\\/\\\/aronazarar.com\\\/#website\",\"url\":\"https:\\\/\\\/aronazarar.com\\\/\",\"name\":\"AronAzarAr\",\"description\":\"Mesters\u00e9ges Intelligencia - Artificial Intelligence\",\"publisher\":{\"@id\":\"https:\\\/\\\/aronazarar.com\\\/#organization\"},\"potentialAction\":[{\"@type\":\"SearchAction\",\"target\":{\"@type\":\"EntryPoint\",\"urlTemplate\":\"https:\\\/\\\/aronazarar.com\\\/?s={search_term_string}\"},\"query-input\":{\"@type\":\"PropertyValueSpecification\",\"valueRequired\":true,\"valueName\":\"search_term_string\"}}],\"inLanguage\":\"fr-FR\"},{\"@type\":\"Organization\",\"@id\":\"https:\\\/\\\/aronazarar.com\\\/#organization\",\"name\":\"AronAzarAr\",\"url\":\"https:\\\/\\\/aronazarar.com\\\/\",\"logo\":{\"@type\":\"ImageObject\",\"inLanguage\":\"fr-FR\",\"@id\":\"https:\\\/\\\/aronazarar.com\\\/#\\\/schema\\\/logo\\\/image\\\/\",\"url\":\"https:\\\/\\\/aronazarar.com\\\/wp-content\\\/uploads\\\/2025\\\/09\\\/cropped-cropped-AronAzarAr-Logo.png\",\"contentUrl\":\"https:\\\/\\\/aronazarar.com\\\/wp-content\\\/uploads\\\/2025\\\/09\\\/cropped-cropped-AronAzarAr-Logo.png\",\"width\":512,\"height\":512,\"caption\":\"AronAzarAr\"},\"image\":{\"@id\":\"https:\\\/\\\/aronazarar.com\\\/#\\\/schema\\\/logo\\\/image\\\/\"}}]}<\/script>\n<!-- \/ Yoast SEO plugin. -->","yoast_head_json":{"title":"Politique de confidentialit\u00e9 - AronAzarAr","description":"La politique de confidentialit\u00e9 d'aronazarar.com explique comment nous collectons, utilisons et prot\u00e9geons les donn\u00e9es personnelles conform\u00e9ment aux directives du GDPR.","robots":{"index":"index","follow":"follow","max-snippet":"max-snippet:-1","max-image-preview":"max-image-preview:large","max-video-preview":"max-video-preview:-1"},"canonical":"https:\/\/aronazarar.com\/fr\/politique-de-confidentialite\/","og_locale":"fr_FR","og_type":"article","og_title":"Privacy Policy - AronAzarAr","og_description":"aronazarar.com privacy policy explains how we collect, use, and protect personal data per GDPR guidelines.","og_url":"https:\/\/aronazarar.com\/fr\/politique-de-confidentialite\/","og_site_name":"AronAzarAr","article_modified_time":"2025-11-03T21:09:16+00:00","twitter_card":"summary_large_image","twitter_misc":{"Dur\u00e9e de lecture estim\u00e9e":"1 minute"},"schema":{"@context":"https:\/\/schema.org","@graph":[{"@type":"WebPage","@id":"https:\/\/aronazarar.com\/privacy-policy\/","url":"https:\/\/aronazarar.com\/privacy-policy\/","name":"Politique de confidentialit\u00e9 - AronAzarAr","isPartOf":{"@id":"https:\/\/aronazarar.com\/#website"},"datePublished":"2025-10-23T21:49:23+00:00","dateModified":"2025-11-03T21:09:16+00:00","description":"La politique de confidentialit\u00e9 d'aronazarar.com explique comment nous collectons, utilisons et prot\u00e9geons les donn\u00e9es personnelles conform\u00e9ment aux directives du GDPR.","breadcrumb":{"@id":"https:\/\/aronazarar.com\/privacy-policy\/#breadcrumb"},"inLanguage":"fr-FR","potentialAction":[{"@type":"ReadAction","target":["https:\/\/aronazarar.com\/privacy-policy\/"]}]},{"@type":"BreadcrumbList","@id":"https:\/\/aronazarar.com\/privacy-policy\/#breadcrumb","itemListElement":[{"@type":"ListItem","position":1,"name":"Kezd\u0151lap","item":"https:\/\/aronazarar.com\/"},{"@type":"ListItem","position":2,"name":"Privacy Policy"}]},{"@type":"WebSite","@id":"https:\/\/aronazarar.com\/#website","url":"https:\/\/aronazarar.com\/","name":"AronAzarAr","description":"Mesters\u00e9ges Intelligencia - Intelligence artificielle","publisher":{"@id":"https:\/\/aronazarar.com\/#organization"},"potentialAction":[{"@type":"SearchAction","target":{"@type":"EntryPoint","urlTemplate":"https:\/\/aronazarar.com\/?s={search_term_string}"},"query-input":{"@type":"PropertyValueSpecification","valueRequired":true,"valueName":"search_term_string"}}],"inLanguage":"fr-FR"},{"@type":"Organization","@id":"https:\/\/aronazarar.com\/#organization","name":"AronAzarAr","url":"https:\/\/aronazarar.com\/","logo":{"@type":"ImageObject","inLanguage":"fr-FR","@id":"https:\/\/aronazarar.com\/#\/schema\/logo\/image\/","url":"https:\/\/aronazarar.com\/wp-content\/uploads\/2025\/09\/cropped-cropped-AronAzarAr-Logo.png","contentUrl":"https:\/\/aronazarar.com\/wp-content\/uploads\/2025\/09\/cropped-cropped-AronAzarAr-Logo.png","width":512,"height":512,"caption":"AronAzarAr"},"image":{"@id":"https:\/\/aronazarar.com\/#\/schema\/logo\/image\/"}}]}},"_hostinger_reach_plugin_has_subscription_block":false,"_hostinger_reach_plugin_is_elementor":false,"uagb_featured_image_src":{"full":false,"thumbnail":false,"medium":false,"medium_large":false,"large":false,"1536x1536":false,"2048x2048":false,"trp-custom-language-flag":false},"uagb_author_info":{"display_name":"AronAzarAr","author_link":"https:\/\/aronazarar.com\/fr\/author\/aronazarargmail-com\/"},"uagb_comment_info":0,"uagb_excerpt":"Effective Date: 3 nov 2025Website: aronazarar.comContact: ar@aronazarar.com 1. Introduction AronAzarAr is committed to protecting your personal data. This policy explains what data we collect, how we use it, and your rights under the GDPR. 2. Data Collected Personal data: Name, email, phone (e.g., contact forms) Technical data: IP address, browser type, device, visit timestamps Cookies\u2026","jetpack_sharing_enabled":true,"_links":{"self":[{"href":"https:\/\/aronazarar.com\/fr\/wp-json\/wp\/v2\/pages\/664","targetHints":{"allow":["GET"]}}],"collection":[{"href":"https:\/\/aronazarar.com\/fr\/wp-json\/wp\/v2\/pages"}],"about":[{"href":"https:\/\/aronazarar.com\/fr\/wp-json\/wp\/v2\/types\/page"}],"author":[{"embeddable":true,"href":"https:\/\/aronazarar.com\/fr\/wp-json\/wp\/v2\/users\/1"}],"replies":[{"embeddable":true,"href":"https:\/\/aronazarar.com\/fr\/wp-json\/wp\/v2\/comments?post=664"}],"version-history":[{"count":10,"href":"https:\/\/aronazarar.com\/fr\/wp-json\/wp\/v2\/pages\/664\/revisions"}],"predecessor-version":[{"id":773,"href":"https:\/\/aronazarar.com\/fr\/wp-json\/wp\/v2\/pages\/664\/revisions\/773"}],"wp:attachment":[{"href":"https:\/\/aronazarar.com\/fr\/wp-json\/wp\/v2\/media?parent=664"}],"curies":[{"name":"wp","href":"https:\/\/api.w.org\/{rel}","templated":true}]}}