{"id":541,"date":"2025-10-15T21:43:32","date_gmt":"2025-10-15T20:43:32","guid":{"rendered":"https:\/\/aronazarar.com\/?page_id=541"},"modified":"2026-02-25T20:23:02","modified_gmt":"2026-02-25T19:23:02","slug":"a-propos-de","status":"publish","type":"page","link":"https:\/\/aronazarar.com\/fr\/a-propos-de\/","title":{"rendered":"A propos de"},"content":{"rendered":"<div data-elementor-type=\"wp-page\" data-elementor-id=\"541\" class=\"elementor elementor-541\">\n\t\t\t\t<div class=\"elementor-element elementor-element-35b7975 e-flex e-con-boxed wpr-particle-no wpr-jarallax-no wpr-parallax-no wpr-sticky-section-no wpr-equal-height-no e-con e-parent\" data-id=\"35b7975\" data-element_type=\"container\" data-e-type=\"container\">\n\t\t\t\t\t<div class=\"e-con-inner\">\n\t\t<div class=\"elementor-element elementor-element-0110ecf e-con-full e-flex wpr-particle-no wpr-jarallax-no wpr-parallax-no wpr-sticky-section-no wpr-equal-height-no e-con e-child\" data-id=\"0110ecf\" data-element_type=\"container\" data-e-type=\"container\">\n\t\t\t\t<div class=\"elementor-element elementor-element-a9f9561 elementor-widget elementor-widget-image\" data-id=\"a9f9561\" data-element_type=\"widget\" data-e-type=\"widget\" data-widget_type=\"image.default\">\n\t\t\t\t\t\t\t\t\t\t\t\t\t\t\t<img fetchpriority=\"high\" decoding=\"async\" width=\"806\" height=\"1024\" src=\"https:\/\/aronazarar.com\/wp-content\/uploads\/2025\/10\/AAA0DP-806x1024.jpg\" class=\"attachment-large size-large wp-image-597\" alt=\"aaa0dp\" srcset=\"https:\/\/aronazarar.com\/wp-content\/uploads\/2025\/10\/AAA0DP-806x1024.jpg 806w, https:\/\/aronazarar.com\/wp-content\/uploads\/2025\/10\/AAA0DP-236x300.jpg 236w, https:\/\/aronazarar.com\/wp-content\/uploads\/2025\/10\/AAA0DP-768x976.jpg 768w, https:\/\/aronazarar.com\/wp-content\/uploads\/2025\/10\/AAA0DP-1209x1536.jpg 1209w, https:\/\/aronazarar.com\/wp-content\/uploads\/2025\/10\/AAA0DP-9x12.jpg 9w, https:\/\/aronazarar.com\/wp-content\/uploads\/2025\/10\/AAA0DP.jpg 1612w\" sizes=\"(max-width: 806px) 100vw, 806px\" title=\"A propos de\">\t\t\t\t\t\t\t\t\t\t\t\t\t\t\t<\/div>\n\t\t\t\t<\/div>\n\t\t<div class=\"elementor-element elementor-element-bd0d028 e-con-full e-flex wpr-particle-no wpr-jarallax-no wpr-parallax-no wpr-sticky-section-no wpr-equal-height-no e-con e-child\" data-id=\"bd0d028\" data-element_type=\"container\" data-e-type=\"container\">\n\t\t\t\t<div class=\"elementor-element elementor-element-4fc447e elementor-widget elementor-widget-text-editor\" data-id=\"4fc447e\" data-element_type=\"widget\" data-e-type=\"widget\" data-widget_type=\"text-editor.default\">\n\t\t\t\t\t\t\t\t\t<h3>Bonjour. Je suis Aaron Azar Ar. Sur papier, n\u00e9 au centre de l'Europe, dans le bassin des Carpates. Je suis entr\u00e9 en contact avec la technologie num\u00e9rique d\u00e8s mon plus jeune \u00e2ge par le biais de logiciels de bureautique et de simulation.<\/h3><h3>J'ai obtenu d'excellentes notes en informatique \u00e0 l'\u00e9cole secondaire, tout en me formant et en \u00e9duquant continuellement mon entourage au niveau le plus \u00e9lev\u00e9 possible.\u00a0<\/h3><h3>Je pr\u00e9f\u00e8re les personnes qui ont de l'ambition pour elles-m\u00eames et pour leur culture et qui veulent en tirer le meilleur parti. Cela vaut aussi bien pour les projets que pour le temps libre. (Id\u00e9alement, les deux sont identiques).<\/h3><h3>L'IA est l\u00e0 et, avec elle, nous sommes en mesure d'\u00e9lever notre conscience et notre potentiel au niveau le plus \u00e9lev\u00e9. Des organisations telles que des pays, des entreprises et des fondations font la course pour - et avec - l'IA en raison du pouvoir, des ressources et de la morale.\u00a0<\/h3><h3>J'apprends ce que j'enseigne et je d\u00e9veloppe ce qui me d\u00e9veloppe.\u00a0<\/h3><h3>&#8230;<br \/>Et vous \u00eates quelqu'un qui en fait partie.\u00a0<\/h3><h3>J'aimerais \u00e9galement que la Hongrie occupe la premi\u00e8re place dans les domaines de l'IA, des v\u00e9hicules, des ordinateurs, des logiciels, de l'espace, des armes, du bien-\u00eatre et des produits de consommation courante.\u00a0<\/h3>\t\t\t\t\t\t\t\t<\/div>\n\t\t\t\t<\/div>\n\t\t\t\t\t<\/div>\n\t\t\t\t<\/div>\n\t\t\t\t<\/div>","protected":false},"excerpt":{"rendered":"<p>Hello. I am Aaron Azar Ar. On papers, born in the centre of Europe, In the Carpathian-basin. Got in touch with the digital technology since the early years through office- and simulation softwares. Having excellent grade in Informatics from High School while continuously training and educating myself and surroundings at the highest possible level.\u00a0 I prefer people who are ambitious about themselves and their cultures and want to get the best out of it. This is both true for projects and free time. (Ideally, the two are the same). AI is here and together with it we are able to raise our consciousness and potential to the best.\u00a0Organizations like countries, companies and foundations are racing for- and with it because of power, resources and morals.\u00a0 I learn what I teach and develop what develops me.\u00a0 &#8230;And you, are someone in the aspect of it.\u00a0 I&#8217;d also like Hungary to rank 1st in AI, vehicles, computers, softwares, space, weapons, well-being and everyday products.\u00a0<\/p>","protected":false},"author":1,"featured_media":0,"parent":0,"menu_order":0,"comment_status":"closed","ping_status":"closed","template":"","meta":{"_uag_custom_page_level_css":"","site-sidebar-layout":"no-sidebar","site-content-layout":"","ast-site-content-layout":"full-width-container","site-content-style":"default","site-sidebar-style":"default","ast-global-header-display":"","ast-banner-title-visibility":"","ast-main-header-display":"","ast-hfb-above-header-display":"","ast-hfb-below-header-display":"","ast-hfb-mobile-header-display":"","site-post-title":"","ast-breadcrumbs-content":"","ast-featured-img":"disabled","footer-sml-layout":"","ast-disable-related-posts":"","theme-transparent-header-meta":"","adv-header-id-meta":"","stick-header-meta":"","header-above-stick-meta":"","header-main-stick-meta":"","header-below-stick-meta":"","astra-migrate-meta-layouts":"default","ast-page-background-enabled":"default","ast-page-background-meta":{"desktop":{"background-color":"var(--ast-global-color-4)","background-image":"","background-repeat":"repeat","background-position":"center center","background-size":"auto","background-attachment":"scroll","background-type":"","background-media":"","overlay-type":"","overlay-color":"","overlay-opacity":"","overlay-gradient":""},"tablet":{"background-color":"","background-image":"","background-repeat":"repeat","background-position":"center center","background-size":"auto","background-attachment":"scroll","background-type":"","background-media":"","overlay-type":"","overlay-color":"","overlay-opacity":"","overlay-gradient":""},"mobile":{"background-color":"","background-image":"","background-repeat":"repeat","background-position":"center center","background-size":"auto","background-attachment":"scroll","background-type":"","background-media":"","overlay-type":"","overlay-color":"","overlay-opacity":"","overlay-gradient":""}},"ast-content-background-meta":{"desktop":{"background-color":"var(--ast-global-color-5)","background-image":"","background-repeat":"repeat","background-position":"center center","background-size":"auto","background-attachment":"scroll","background-type":"","background-media":"","overlay-type":"","overlay-color":"","overlay-opacity":"","overlay-gradient":""},"tablet":{"background-color":"var(--ast-global-color-5)","background-image":"","background-repeat":"repeat","background-position":"center center","background-size":"auto","background-attachment":"scroll","background-type":"","background-media":"","overlay-type":"","overlay-color":"","overlay-opacity":"","overlay-gradient":""},"mobile":{"background-color":"var(--ast-global-color-5)","background-image":"","background-repeat":"repeat","background-position":"center center","background-size":"auto","background-attachment":"scroll","background-type":"","background-media":"","overlay-type":"","overlay-color":"","overlay-opacity":"","overlay-gradient":""}},"footnotes":""},"class_list":["post-541","page","type-page","status-publish","hentry"],"yoast_head":"<!-- This site is optimized with the Yoast SEO plugin v27.5 - https:\/\/yoast.com\/product\/yoast-seo-wordpress\/ -->\n<title>About - AronAzarAr<\/title>\n<meta name=\"description\" content=\"AI Advisor Aaron Azar Ar. Dedicated to raising human potential. Get bespoke Ethical AI strategy, content, and training.\" \/>\n<meta name=\"robots\" content=\"index, follow, max-snippet:-1, max-image-preview:large, max-video-preview:-1\" \/>\n<link rel=\"canonical\" href=\"https:\/\/aronazarar.com\/fr\/a-propos-de\/\" \/>\n<meta property=\"og:locale\" content=\"fr_FR\" \/>\n<meta property=\"og:type\" content=\"article\" \/>\n<meta property=\"og:title\" content=\"About - AronAzarAr\" \/>\n<meta property=\"og:description\" content=\"AI Advisor Aaron Azar Ar. Dedicated to raising human potential. Get bespoke Ethical AI strategy, content, and training.\" \/>\n<meta property=\"og:url\" content=\"https:\/\/aronazarar.com\/fr\/a-propos-de\/\" \/>\n<meta property=\"og:site_name\" content=\"AronAzarAr\" \/>\n<meta property=\"article:modified_time\" content=\"2026-02-25T19:23:02+00:00\" \/>\n<meta property=\"og:image\" content=\"https:\/\/aronazarar.com\/wp-content\/uploads\/2025\/10\/AAA0DP.jpg\" \/>\n\t<meta property=\"og:image:width\" content=\"1612\" \/>\n\t<meta property=\"og:image:height\" content=\"2048\" \/>\n\t<meta property=\"og:image:type\" content=\"image\/jpeg\" \/>\n<meta name=\"twitter:card\" content=\"summary_large_image\" \/>\n<meta name=\"twitter:label1\" content=\"Dur\u00e9e de lecture estim\u00e9e\" \/>\n\t<meta name=\"twitter:data1\" content=\"1 minute\" \/>\n<script type=\"application\/ld+json\" class=\"yoast-schema-graph\">{\"@context\":\"https:\\\/\\\/schema.org\",\"@graph\":[{\"@type\":\"WebPage\",\"@id\":\"https:\\\/\\\/aronazarar.com\\\/about\\\/\",\"url\":\"https:\\\/\\\/aronazarar.com\\\/about\\\/\",\"name\":\"About - AronAzarAr\",\"isPartOf\":{\"@id\":\"https:\\\/\\\/aronazarar.com\\\/#website\"},\"primaryImageOfPage\":{\"@id\":\"https:\\\/\\\/aronazarar.com\\\/about\\\/#primaryimage\"},\"image\":{\"@id\":\"https:\\\/\\\/aronazarar.com\\\/about\\\/#primaryimage\"},\"thumbnailUrl\":\"https:\\\/\\\/aronazarar.com\\\/wp-content\\\/uploads\\\/2025\\\/10\\\/AAA0DP-806x1024.jpg\",\"datePublished\":\"2025-10-15T20:43:32+00:00\",\"dateModified\":\"2026-02-25T19:23:02+00:00\",\"description\":\"AI Advisor Aaron Azar Ar. Dedicated to raising human potential. Get bespoke Ethical AI strategy, content, and training.\",\"breadcrumb\":{\"@id\":\"https:\\\/\\\/aronazarar.com\\\/about\\\/#breadcrumb\"},\"inLanguage\":\"fr-FR\",\"potentialAction\":[{\"@type\":\"ReadAction\",\"target\":[\"https:\\\/\\\/aronazarar.com\\\/about\\\/\"]}]},{\"@type\":\"ImageObject\",\"inLanguage\":\"fr-FR\",\"@id\":\"https:\\\/\\\/aronazarar.com\\\/about\\\/#primaryimage\",\"url\":\"https:\\\/\\\/aronazarar.com\\\/wp-content\\\/uploads\\\/2025\\\/10\\\/AAA0DP-806x1024.jpg\",\"contentUrl\":\"https:\\\/\\\/aronazarar.com\\\/wp-content\\\/uploads\\\/2025\\\/10\\\/AAA0DP-806x1024.jpg\"},{\"@type\":\"BreadcrumbList\",\"@id\":\"https:\\\/\\\/aronazarar.com\\\/about\\\/#breadcrumb\",\"itemListElement\":[{\"@type\":\"ListItem\",\"position\":1,\"name\":\"Kezd\u0151lap\",\"item\":\"https:\\\/\\\/aronazarar.com\\\/\"},{\"@type\":\"ListItem\",\"position\":2,\"name\":\"About\"}]},{\"@type\":\"WebSite\",\"@id\":\"https:\\\/\\\/aronazarar.com\\\/#website\",\"url\":\"https:\\\/\\\/aronazarar.com\\\/\",\"name\":\"AronAzarAr\",\"description\":\"Mesters\u00e9ges Intelligencia - Artificial Intelligence\",\"publisher\":{\"@id\":\"https:\\\/\\\/aronazarar.com\\\/#organization\"},\"potentialAction\":[{\"@type\":\"SearchAction\",\"target\":{\"@type\":\"EntryPoint\",\"urlTemplate\":\"https:\\\/\\\/aronazarar.com\\\/?s={search_term_string}\"},\"query-input\":{\"@type\":\"PropertyValueSpecification\",\"valueRequired\":true,\"valueName\":\"search_term_string\"}}],\"inLanguage\":\"fr-FR\"},{\"@type\":\"Organization\",\"@id\":\"https:\\\/\\\/aronazarar.com\\\/#organization\",\"name\":\"AronAzarAr\",\"url\":\"https:\\\/\\\/aronazarar.com\\\/\",\"logo\":{\"@type\":\"ImageObject\",\"inLanguage\":\"fr-FR\",\"@id\":\"https:\\\/\\\/aronazarar.com\\\/#\\\/schema\\\/logo\\\/image\\\/\",\"url\":\"https:\\\/\\\/aronazarar.com\\\/wp-content\\\/uploads\\\/2025\\\/09\\\/cropped-cropped-AronAzarAr-Logo.png\",\"contentUrl\":\"https:\\\/\\\/aronazarar.com\\\/wp-content\\\/uploads\\\/2025\\\/09\\\/cropped-cropped-AronAzarAr-Logo.png\",\"width\":512,\"height\":512,\"caption\":\"AronAzarAr\"},\"image\":{\"@id\":\"https:\\\/\\\/aronazarar.com\\\/#\\\/schema\\\/logo\\\/image\\\/\"}}]}<\/script>\n<!-- \/ Yoast SEO plugin. -->","yoast_head_json":{"title":"\u00c0 propos - AronAzarAr","description":"Conseiller en IA Aaron Azar Ar. D\u00e9di\u00e9 \u00e0 l'am\u00e9lioration du potentiel humain. Obtenez une strat\u00e9gie, un contenu et une formation sur mesure en mati\u00e8re d'IA \u00e9thique.","robots":{"index":"index","follow":"follow","max-snippet":"max-snippet:-1","max-image-preview":"max-image-preview:large","max-video-preview":"max-video-preview:-1"},"canonical":"https:\/\/aronazarar.com\/fr\/a-propos-de\/","og_locale":"fr_FR","og_type":"article","og_title":"About - AronAzarAr","og_description":"AI Advisor Aaron Azar Ar. Dedicated to raising human potential. Get bespoke Ethical AI strategy, content, and training.","og_url":"https:\/\/aronazarar.com\/fr\/a-propos-de\/","og_site_name":"AronAzarAr","article_modified_time":"2026-02-25T19:23:02+00:00","og_image":[{"width":1612,"height":2048,"url":"https:\/\/aronazarar.com\/wp-content\/uploads\/2025\/10\/AAA0DP.jpg","type":"image\/jpeg"}],"twitter_card":"summary_large_image","twitter_misc":{"Dur\u00e9e de lecture estim\u00e9e":"1 minute"},"schema":{"@context":"https:\/\/schema.org","@graph":[{"@type":"WebPage","@id":"https:\/\/aronazarar.com\/about\/","url":"https:\/\/aronazarar.com\/about\/","name":"\u00c0 propos - AronAzarAr","isPartOf":{"@id":"https:\/\/aronazarar.com\/#website"},"primaryImageOfPage":{"@id":"https:\/\/aronazarar.com\/about\/#primaryimage"},"image":{"@id":"https:\/\/aronazarar.com\/about\/#primaryimage"},"thumbnailUrl":"https:\/\/aronazarar.com\/wp-content\/uploads\/2025\/10\/AAA0DP-806x1024.jpg","datePublished":"2025-10-15T20:43:32+00:00","dateModified":"2026-02-25T19:23:02+00:00","description":"Conseiller en IA Aaron Azar Ar. D\u00e9di\u00e9 \u00e0 l'am\u00e9lioration du potentiel humain. Obtenez une strat\u00e9gie, un contenu et une formation sur mesure en mati\u00e8re d'IA \u00e9thique.","breadcrumb":{"@id":"https:\/\/aronazarar.com\/about\/#breadcrumb"},"inLanguage":"fr-FR","potentialAction":[{"@type":"ReadAction","target":["https:\/\/aronazarar.com\/about\/"]}]},{"@type":"ImageObject","inLanguage":"fr-FR","@id":"https:\/\/aronazarar.com\/about\/#primaryimage","url":"https:\/\/aronazarar.com\/wp-content\/uploads\/2025\/10\/AAA0DP-806x1024.jpg","contentUrl":"https:\/\/aronazarar.com\/wp-content\/uploads\/2025\/10\/AAA0DP-806x1024.jpg"},{"@type":"BreadcrumbList","@id":"https:\/\/aronazarar.com\/about\/#breadcrumb","itemListElement":[{"@type":"ListItem","position":1,"name":"Kezd\u0151lap","item":"https:\/\/aronazarar.com\/"},{"@type":"ListItem","position":2,"name":"About"}]},{"@type":"WebSite","@id":"https:\/\/aronazarar.com\/#website","url":"https:\/\/aronazarar.com\/","name":"AronAzarAr","description":"Mesters\u00e9ges Intelligencia - Intelligence artificielle","publisher":{"@id":"https:\/\/aronazarar.com\/#organization"},"potentialAction":[{"@type":"SearchAction","target":{"@type":"EntryPoint","urlTemplate":"https:\/\/aronazarar.com\/?s={search_term_string}"},"query-input":{"@type":"PropertyValueSpecification","valueRequired":true,"valueName":"search_term_string"}}],"inLanguage":"fr-FR"},{"@type":"Organization","@id":"https:\/\/aronazarar.com\/#organization","name":"AronAzarAr","url":"https:\/\/aronazarar.com\/","logo":{"@type":"ImageObject","inLanguage":"fr-FR","@id":"https:\/\/aronazarar.com\/#\/schema\/logo\/image\/","url":"https:\/\/aronazarar.com\/wp-content\/uploads\/2025\/09\/cropped-cropped-AronAzarAr-Logo.png","contentUrl":"https:\/\/aronazarar.com\/wp-content\/uploads\/2025\/09\/cropped-cropped-AronAzarAr-Logo.png","width":512,"height":512,"caption":"AronAzarAr"},"image":{"@id":"https:\/\/aronazarar.com\/#\/schema\/logo\/image\/"}}]}},"_hostinger_reach_plugin_has_subscription_block":false,"_hostinger_reach_plugin_is_elementor":false,"uagb_featured_image_src":{"full":false,"thumbnail":false,"medium":false,"medium_large":false,"large":false,"1536x1536":false,"2048x2048":false,"trp-custom-language-flag":false},"uagb_author_info":{"display_name":"AronAzarAr","author_link":"https:\/\/aronazarar.com\/fr\/author\/aronazarargmail-com\/"},"uagb_comment_info":0,"uagb_excerpt":"Hello. I am Aaron Azar Ar. On papers, born in the centre of Europe, In the Carpathian-basin. Got in touch with the digital technology since the early years through office- and simulation softwares. Having excellent grade in Informatics from High School while continuously training and educating myself and surroundings at the highest possible level.\u00a0 I\u2026","jetpack_sharing_enabled":true,"_links":{"self":[{"href":"https:\/\/aronazarar.com\/fr\/wp-json\/wp\/v2\/pages\/541","targetHints":{"allow":["GET"]}}],"collection":[{"href":"https:\/\/aronazarar.com\/fr\/wp-json\/wp\/v2\/pages"}],"about":[{"href":"https:\/\/aronazarar.com\/fr\/wp-json\/wp\/v2\/types\/page"}],"author":[{"embeddable":true,"href":"https:\/\/aronazarar.com\/fr\/wp-json\/wp\/v2\/users\/1"}],"replies":[{"embeddable":true,"href":"https:\/\/aronazarar.com\/fr\/wp-json\/wp\/v2\/comments?post=541"}],"version-history":[{"count":34,"href":"https:\/\/aronazarar.com\/fr\/wp-json\/wp\/v2\/pages\/541\/revisions"}],"predecessor-version":[{"id":1236,"href":"https:\/\/aronazarar.com\/fr\/wp-json\/wp\/v2\/pages\/541\/revisions\/1236"}],"wp:attachment":[{"href":"https:\/\/aronazarar.com\/fr\/wp-json\/wp\/v2\/media?parent=541"}],"curies":[{"name":"wp","href":"https:\/\/api.w.org\/{rel}","templated":true}]}}