{"id":688,"date":"2025-10-23T23:01:34","date_gmt":"2025-10-23T22:01:34","guid":{"rendered":"https:\/\/aronazarar.com\/?page_id=688"},"modified":"2025-11-03T22:14:24","modified_gmt":"2025-11-03T21:14:24","slug":"verbraucherrechte","status":"publish","type":"page","link":"https:\/\/aronazarar.com\/de\/verbraucherrechte\/","title":{"rendered":"Rechte der Verbraucher"},"content":{"rendered":"<div data-elementor-type=\"wp-page\" data-elementor-id=\"688\" class=\"elementor elementor-688\">\n\t\t\t\t<div class=\"elementor-element elementor-element-2f1be058 e-flex e-con-boxed wpr-particle-no wpr-jarallax-no wpr-parallax-no wpr-sticky-section-no wpr-equal-height-no e-con e-parent\" data-id=\"2f1be058\" data-element_type=\"container\" data-e-type=\"container\">\n\t\t\t\t\t<div class=\"e-con-inner\">\n\t\t\t\t<div class=\"elementor-element elementor-element-5daf0472 elementor-widget elementor-widget-text-editor\" data-id=\"5daf0472\" data-element_type=\"widget\" data-e-type=\"widget\" data-widget_type=\"text-editor.default\">\n\t\t\t\t\t\t\t\t\t<h3 data-start=\"3595\" data-end=\"3616\"><strong data-start=\"3595\" data-end=\"3614\">Rechte der Verbraucher<\/strong><\/h3>\n<h3 data-start=\"3618\" data-end=\"3756\">AronAzarAr verpflichtet sich, die Rechte aller Verbraucher gem\u00e4\u00df den geltenden Gesetzen zu sch\u00fctzen, einschlie\u00dflich, aber nicht beschr\u00e4nkt auf:<\/h3>\n<ul data-start=\"3758\" data-end=\"3992\">\n<li data-start=\"3758\" data-end=\"3815\">\n<h3 data-start=\"3760\" data-end=\"3815\">Recht auf klare Informationen vor dem Erwerb von Dienstleistungen<\/h3>\n<\/li>\n<li data-start=\"3816\" data-end=\"3897\">\n<h3 data-start=\"3818\" data-end=\"3897\">Recht auf R\u00fccktritt von bezahlten Dienstleistungen innerhalb von 14 Tagen, falls zutreffend<\/h3>\n<\/li>\n<li data-start=\"3898\" data-end=\"3940\">\n<h3 data-start=\"3900\" data-end=\"3940\">Recht auf Erhalt von Dienstleistungen wie beschrieben<\/h3>\n<\/li>\n<li data-start=\"3941\" data-end=\"3992\">\n<h3 data-start=\"3943\" data-end=\"3992\">Recht auf Datenschutz und Privatsph\u00e4re nach GDPR<\/h3>\n<\/li>\n<\/ul>\n<h3 data-start=\"3994\" data-end=\"4089\"><strong data-start=\"3994\" data-end=\"4006\">Kontakt:<\/strong> Wenn Sie Fragen zu Ihren Verbraucherrechten haben, wenden Sie sich an uns: ar@aronazar.com.<\/h3>\t\t\t\t\t\t\t\t<\/div>\n\t\t\t\t\t<\/div>\n\t\t\t\t<\/div>\n\t\t\t\t<\/div>","protected":false},"excerpt":{"rendered":"<p>Consumer Rights AronAzarAr is committed to protecting the rights of all consumers according to applicable laws, including but not limited to: Right to clear information before purchasing services Right to withdraw from paid services within 14 days, if applicable Right to receive services as described Right to data protection and privacy under GDPR Contact: For any issues regarding your consumer rights, contact us at ar@aronazar.com.<\/p>","protected":false},"author":1,"featured_media":0,"parent":0,"menu_order":0,"comment_status":"closed","ping_status":"closed","template":"","meta":{"_uag_custom_page_level_css":"","site-sidebar-layout":"default","site-content-layout":"","ast-site-content-layout":"default","site-content-style":"default","site-sidebar-style":"default","ast-global-header-display":"","ast-banner-title-visibility":"","ast-main-header-display":"","ast-hfb-above-header-display":"","ast-hfb-below-header-display":"","ast-hfb-mobile-header-display":"","site-post-title":"","ast-breadcrumbs-content":"","ast-featured-img":"","footer-sml-layout":"","ast-disable-related-posts":"","theme-transparent-header-meta":"","adv-header-id-meta":"","stick-header-meta":"","header-above-stick-meta":"","header-main-stick-meta":"","header-below-stick-meta":"","astra-migrate-meta-layouts":"default","ast-page-background-enabled":"default","ast-page-background-meta":{"desktop":{"background-color":"var(--ast-global-color-4)","background-image":"","background-repeat":"repeat","background-position":"center center","background-size":"auto","background-attachment":"scroll","background-type":"","background-media":"","overlay-type":"","overlay-color":"","overlay-opacity":"","overlay-gradient":""},"tablet":{"background-color":"","background-image":"","background-repeat":"repeat","background-position":"center center","background-size":"auto","background-attachment":"scroll","background-type":"","background-media":"","overlay-type":"","overlay-color":"","overlay-opacity":"","overlay-gradient":""},"mobile":{"background-color":"","background-image":"","background-repeat":"repeat","background-position":"center center","background-size":"auto","background-attachment":"scroll","background-type":"","background-media":"","overlay-type":"","overlay-color":"","overlay-opacity":"","overlay-gradient":""}},"ast-content-background-meta":{"desktop":{"background-color":"var(--ast-global-color-5)","background-image":"","background-repeat":"repeat","background-position":"center center","background-size":"auto","background-attachment":"scroll","background-type":"","background-media":"","overlay-type":"","overlay-color":"","overlay-opacity":"","overlay-gradient":""},"tablet":{"background-color":"var(--ast-global-color-5)","background-image":"","background-repeat":"repeat","background-position":"center center","background-size":"auto","background-attachment":"scroll","background-type":"","background-media":"","overlay-type":"","overlay-color":"","overlay-opacity":"","overlay-gradient":""},"mobile":{"background-color":"var(--ast-global-color-5)","background-image":"","background-repeat":"repeat","background-position":"center center","background-size":"auto","background-attachment":"scroll","background-type":"","background-media":"","overlay-type":"","overlay-color":"","overlay-opacity":"","overlay-gradient":""}},"footnotes":""},"class_list":["post-688","page","type-page","status-publish","hentry"],"yoast_head":"<!-- This site is optimized with the Yoast SEO plugin v27.5 - https:\/\/yoast.com\/product\/yoast-seo-wordpress\/ -->\n<title>Consumer Rights - AronAzarAr<\/title>\n<meta name=\"description\" content=\"Learn your consumer rights with aronazarar.com, including withdrawal, service info, and GDPR data protection.\" \/>\n<meta name=\"robots\" content=\"index, follow, max-snippet:-1, max-image-preview:large, max-video-preview:-1\" \/>\n<link rel=\"canonical\" href=\"https:\/\/aronazarar.com\/de\/verbraucherrechte\/\" \/>\n<meta property=\"og:locale\" content=\"de_DE\" \/>\n<meta property=\"og:type\" content=\"article\" \/>\n<meta property=\"og:title\" content=\"Consumer Rights - AronAzarAr\" \/>\n<meta property=\"og:description\" content=\"Learn your consumer rights with aronazarar.com, including withdrawal, service info, and GDPR data protection.\" \/>\n<meta property=\"og:url\" content=\"https:\/\/aronazarar.com\/de\/verbraucherrechte\/\" \/>\n<meta property=\"og:site_name\" content=\"AronAzarAr\" \/>\n<meta property=\"article:modified_time\" content=\"2025-11-03T21:14:24+00:00\" \/>\n<meta name=\"twitter:card\" content=\"summary_large_image\" \/>\n<meta name=\"twitter:label1\" content=\"Gesch\u00e4tzte Lesezeit\" \/>\n\t<meta name=\"twitter:data1\" content=\"1\u00a0Minute\" \/>\n<script type=\"application\/ld+json\" class=\"yoast-schema-graph\">{\"@context\":\"https:\\\/\\\/schema.org\",\"@graph\":[{\"@type\":\"WebPage\",\"@id\":\"https:\\\/\\\/aronazarar.com\\\/consumer-rights\\\/\",\"url\":\"https:\\\/\\\/aronazarar.com\\\/consumer-rights\\\/\",\"name\":\"Consumer Rights - AronAzarAr\",\"isPartOf\":{\"@id\":\"https:\\\/\\\/aronazarar.com\\\/#website\"},\"datePublished\":\"2025-10-23T22:01:34+00:00\",\"dateModified\":\"2025-11-03T21:14:24+00:00\",\"description\":\"Learn your consumer rights with aronazarar.com, including withdrawal, service info, and GDPR data protection.\",\"breadcrumb\":{\"@id\":\"https:\\\/\\\/aronazarar.com\\\/consumer-rights\\\/#breadcrumb\"},\"inLanguage\":\"de\",\"potentialAction\":[{\"@type\":\"ReadAction\",\"target\":[\"https:\\\/\\\/aronazarar.com\\\/consumer-rights\\\/\"]}]},{\"@type\":\"BreadcrumbList\",\"@id\":\"https:\\\/\\\/aronazarar.com\\\/consumer-rights\\\/#breadcrumb\",\"itemListElement\":[{\"@type\":\"ListItem\",\"position\":1,\"name\":\"Kezd\u0151lap\",\"item\":\"https:\\\/\\\/aronazarar.com\\\/\"},{\"@type\":\"ListItem\",\"position\":2,\"name\":\"Consumer Rights\"}]},{\"@type\":\"WebSite\",\"@id\":\"https:\\\/\\\/aronazarar.com\\\/#website\",\"url\":\"https:\\\/\\\/aronazarar.com\\\/\",\"name\":\"AronAzarAr\",\"description\":\"Mesters\u00e9ges Intelligencia - Artificial Intelligence\",\"publisher\":{\"@id\":\"https:\\\/\\\/aronazarar.com\\\/#organization\"},\"potentialAction\":[{\"@type\":\"SearchAction\",\"target\":{\"@type\":\"EntryPoint\",\"urlTemplate\":\"https:\\\/\\\/aronazarar.com\\\/?s={search_term_string}\"},\"query-input\":{\"@type\":\"PropertyValueSpecification\",\"valueRequired\":true,\"valueName\":\"search_term_string\"}}],\"inLanguage\":\"de\"},{\"@type\":\"Organization\",\"@id\":\"https:\\\/\\\/aronazarar.com\\\/#organization\",\"name\":\"AronAzarAr\",\"url\":\"https:\\\/\\\/aronazarar.com\\\/\",\"logo\":{\"@type\":\"ImageObject\",\"inLanguage\":\"de\",\"@id\":\"https:\\\/\\\/aronazarar.com\\\/#\\\/schema\\\/logo\\\/image\\\/\",\"url\":\"https:\\\/\\\/aronazarar.com\\\/wp-content\\\/uploads\\\/2025\\\/09\\\/cropped-cropped-AronAzarAr-Logo.png\",\"contentUrl\":\"https:\\\/\\\/aronazarar.com\\\/wp-content\\\/uploads\\\/2025\\\/09\\\/cropped-cropped-AronAzarAr-Logo.png\",\"width\":512,\"height\":512,\"caption\":\"AronAzarAr\"},\"image\":{\"@id\":\"https:\\\/\\\/aronazarar.com\\\/#\\\/schema\\\/logo\\\/image\\\/\"}}]}<\/script>\n<!-- \/ Yoast SEO plugin. -->","yoast_head_json":{"title":"Verbraucherrechte - AronAzarAr","description":"Informieren Sie sich \u00fcber Ihre Verbraucherrechte bei aronazarar.com, einschlie\u00dflich Widerrufsrecht, Serviceinformationen und GDPR-Datenschutz.","robots":{"index":"index","follow":"follow","max-snippet":"max-snippet:-1","max-image-preview":"max-image-preview:large","max-video-preview":"max-video-preview:-1"},"canonical":"https:\/\/aronazarar.com\/de\/verbraucherrechte\/","og_locale":"de_DE","og_type":"article","og_title":"Consumer Rights - AronAzarAr","og_description":"Learn your consumer rights with aronazarar.com, including withdrawal, service info, and GDPR data protection.","og_url":"https:\/\/aronazarar.com\/de\/verbraucherrechte\/","og_site_name":"AronAzarAr","article_modified_time":"2025-11-03T21:14:24+00:00","twitter_card":"summary_large_image","twitter_misc":{"Gesch\u00e4tzte Lesezeit":"1\u00a0Minute"},"schema":{"@context":"https:\/\/schema.org","@graph":[{"@type":"WebPage","@id":"https:\/\/aronazarar.com\/consumer-rights\/","url":"https:\/\/aronazarar.com\/consumer-rights\/","name":"Verbraucherrechte - AronAzarAr","isPartOf":{"@id":"https:\/\/aronazarar.com\/#website"},"datePublished":"2025-10-23T22:01:34+00:00","dateModified":"2025-11-03T21:14:24+00:00","description":"Informieren Sie sich \u00fcber Ihre Verbraucherrechte bei aronazarar.com, einschlie\u00dflich Widerrufsrecht, Serviceinformationen und GDPR-Datenschutz.","breadcrumb":{"@id":"https:\/\/aronazarar.com\/consumer-rights\/#breadcrumb"},"inLanguage":"de","potentialAction":[{"@type":"ReadAction","target":["https:\/\/aronazarar.com\/consumer-rights\/"]}]},{"@type":"BreadcrumbList","@id":"https:\/\/aronazarar.com\/consumer-rights\/#breadcrumb","itemListElement":[{"@type":"ListItem","position":1,"name":"Kezd\u0151lap","item":"https:\/\/aronazarar.com\/"},{"@type":"ListItem","position":2,"name":"Consumer Rights"}]},{"@type":"WebSite","@id":"https:\/\/aronazarar.com\/#website","url":"https:\/\/aronazarar.com\/","name":"AronAzarAr","description":"Mesters\u00e9ges Intelligencia - K\u00fcnstliche Intelligenz","publisher":{"@id":"https:\/\/aronazarar.com\/#organization"},"potentialAction":[{"@type":"SearchAction","target":{"@type":"EntryPoint","urlTemplate":"https:\/\/aronazarar.com\/?s={search_term_string}"},"query-input":{"@type":"PropertyValueSpecification","valueRequired":true,"valueName":"search_term_string"}}],"inLanguage":"de"},{"@type":"Organization","@id":"https:\/\/aronazarar.com\/#organization","name":"AronAzarAr","url":"https:\/\/aronazarar.com\/","logo":{"@type":"ImageObject","inLanguage":"de","@id":"https:\/\/aronazarar.com\/#\/schema\/logo\/image\/","url":"https:\/\/aronazarar.com\/wp-content\/uploads\/2025\/09\/cropped-cropped-AronAzarAr-Logo.png","contentUrl":"https:\/\/aronazarar.com\/wp-content\/uploads\/2025\/09\/cropped-cropped-AronAzarAr-Logo.png","width":512,"height":512,"caption":"AronAzarAr"},"image":{"@id":"https:\/\/aronazarar.com\/#\/schema\/logo\/image\/"}}]}},"_hostinger_reach_plugin_has_subscription_block":false,"_hostinger_reach_plugin_is_elementor":false,"uagb_featured_image_src":{"full":false,"thumbnail":false,"medium":false,"medium_large":false,"large":false,"1536x1536":false,"2048x2048":false,"trp-custom-language-flag":false},"uagb_author_info":{"display_name":"AronAzarAr","author_link":"https:\/\/aronazarar.com\/de\/author\/aronazarargmail-com\/"},"uagb_comment_info":0,"uagb_excerpt":"Consumer Rights AronAzarAr is committed to protecting the rights of all consumers according to applicable laws, including but not limited to: Right to clear information before purchasing services Right to withdraw from paid services within 14 days, if applicable Right to receive services as described Right to data protection and privacy under GDPR Contact: For&hellip;","jetpack_sharing_enabled":true,"_links":{"self":[{"href":"https:\/\/aronazarar.com\/de\/wp-json\/wp\/v2\/pages\/688","targetHints":{"allow":["GET"]}}],"collection":[{"href":"https:\/\/aronazarar.com\/de\/wp-json\/wp\/v2\/pages"}],"about":[{"href":"https:\/\/aronazarar.com\/de\/wp-json\/wp\/v2\/types\/page"}],"author":[{"embeddable":true,"href":"https:\/\/aronazarar.com\/de\/wp-json\/wp\/v2\/users\/1"}],"replies":[{"embeddable":true,"href":"https:\/\/aronazarar.com\/de\/wp-json\/wp\/v2\/comments?post=688"}],"version-history":[{"count":7,"href":"https:\/\/aronazarar.com\/de\/wp-json\/wp\/v2\/pages\/688\/revisions"}],"predecessor-version":[{"id":780,"href":"https:\/\/aronazarar.com\/de\/wp-json\/wp\/v2\/pages\/688\/revisions\/780"}],"wp:attachment":[{"href":"https:\/\/aronazarar.com\/de\/wp-json\/wp\/v2\/media?parent=688"}],"curies":[{"name":"wp","href":"https:\/\/api.w.org\/{rel}","templated":true}]}}